{"id":7318,"date":"2025-04-28T16:11:45","date_gmt":"2025-04-28T16:11:45","guid":{"rendered":"https:\/\/ciltug.com\/?page_id=7318"},"modified":"2025-04-28T16:11:45","modified_gmt":"2025-04-28T16:11:45","slug":"cerez-politikasi","status":"publish","type":"page","link":"https:\/\/ciltug.com\/en\/cerez-politikasi\/","title":{"rendered":"\u00c7erez Politikas\u0131"},"content":{"rendered":"<blockquote><p><strong>Web sitemizi ziyaret etti\u011finizde, bilgileri okudu\u011funuzda, indirdi\u011finizde, ba\u015fl\u0131klara t\u0131klad\u0131\u011f\u0131n\u0131zda, siz, cihaz\u0131n\u0131z veya web sitemizi kullanma \u015fekliniz hakk\u0131nda baz\u0131 bilgileri elde ediyoruz. Ayn\u0131 zamanda, kulland\u0131\u011f\u0131n\u0131z cihaza ba\u011fl\u0131 olarak, sizin cihaz\u0131n\u0131za \u00e7erez dosyas\u0131 transfer eden piksel etiketleri ve \u00e7erezler kullan\u0131yoruz. A\u015fa\u011f\u0131da bu konuyla ilgili daha ayr\u0131nt\u0131l\u0131 bilgi bulabilirsiniz.<\/strong><\/p><\/blockquote>\n<p>\u00c7erezler ve benzeri teknolojiler (\u201c\u00c7erezler\u201d), ziyaret\u00e7ilerimiz i\u00e7in web sitemizi geli\u015ftirmemize ve web sayfalar\u0131m\u0131zdaki bilgilerin g\u00fcncel kalmas\u0131 ve sizin i\u00e7in ilgili ve faydal\u0131 olmaya devam etmesi i\u00e7in kesintisiz iyile\u015ftirmeler yapmam\u0131za olanak verir. \u00c7erezler arac\u0131l\u0131\u011f\u0131yla ki\u015fisel verileriniz, veri sorumlusu \u00c7iltu\u011f A. \u015e. taraf\u0131ndan i\u015flenmektedir.<\/p>\n<p>\u0130nternet sitemizi ilk ziyaret edi\u015finizde size \u00e7erez tercihlerinize ili\u015fkin bir ekran sunulur. Bu ekranda kullan\u0131m\u0131na izin verdi\u011finiz \u00e7erezler uyar\u0131nca ilgili \u00e7erezler taray\u0131c\u0131n\u0131za\/cihaz\u0131n\u0131za depolan\u0131r. Piksel etiketleri ve \u00e7erezlerle ilgili kapsaml\u0131 bilgiye a\u015fa\u011f\u0131daki ba\u015fl\u0131klarda yer verilmektedir:<\/p>\n<p><strong>Piksel Etiketleri<\/strong><br \/>\nWeb sitelerinin kullan\u0131m\u0131n\u0131 izlememize olanak veren k\u00fc\u00e7\u00fck grafik dosyalar\u0131 olan \u201cpiksel etiketleri\u201d kullan\u0131yoruz. Bir piksel etiketi, etiketin g\u00f6r\u00fclen sayfay\u0131 indiren bilgisayar\u0131n IP (internet protokol) adresi, piksel etiketinin g\u00f6r\u00fcnd\u00fc\u011f\u00fc URL (tek d\u00fczen kaynak bulucu), piksel sayfas\u0131n\u0131n g\u00f6r\u00fcnt\u00fclenme say\u0131s\u0131, sunucu taraf\u0131ndan daha \u00f6nce bilgisayara yerle\u015ftirilmi\u015f olan herhangi bir \u00e7erezin tan\u0131mlama numaras\u0131 gibi bilgiler toplayabilir.<\/p>\n<p><strong>\u00c7erezler<\/strong><br \/>\n\u00c7erez, sizin kim oldu\u011funuzu hat\u0131rlayabilmesi i\u00e7in bilgisayar\u0131n\u0131z\u0131n taray\u0131c\u0131s\u0131na \u00e7erez dosyas\u0131 transfer eden bir web sitesinin, sadece metinden olu\u015fan bir bilgi dizisidir. \u00c7erezler sizin tercih etti\u011finiz ilgi alanlar\u0131n\u0131zla e\u015fle\u015fen i\u00e7eri\u011fin ayarlanmas\u0131na olanak verir.<br \/>\nBir \u00e7erez genelde \u00e7erezin geldi\u011fi alan ad\u0131n\u0131, \u00e7erezin \u201cya\u015fam s\u00fcresini\u201d, rastlant\u0131sal olarak \u00fcretilen benzersiz bir numara olan bir de\u011fer i\u00e7erir.<\/p>\n<p>Bu web sitesinde iki \u00e7e\u015fit \u00e7erez kullan\u0131lmaktad\u0131r:<br \/>\n\u2022 Siz web sitesinden ayr\u0131lana kadar taray\u0131c\u0131n\u0131z\u0131n \u00e7erez dosyas\u0131nda kalan ge\u00e7ici \u00e7erezler olan\u00a0<strong>Oturum \u00c7erezleri,<\/strong><br \/>\n\u2022 Taray\u0131c\u0131n\u0131z\u0131n \u00e7erez dosyas\u0131nda daha uzun s\u00fcre kalan\u00a0<strong>Kal\u0131c\u0131 \u00c7erezler<\/strong>\u00a0( ne kadar uzun s\u00fcre kalacaklar\u0131 \u00f6zel \u00e7erezin ya\u015fam s\u00fcresine ba\u011fl\u0131d\u0131r).<\/p>\n<p><strong>Oturum \u00c7erezleri<\/strong><br \/>\n\u2022 Sizin web sitemizde sayfalar aras\u0131nda bilgileri ta\u015f\u0131man\u0131za ve bilgileri yeniden girmek zorunda kalmaman\u0131z\u0131 sa\u011flamak,<br \/>\n\u2022 Kay\u0131t olarak, depolanan bilgilere eri\u015fim sahibi olman\u0131z\u0131 sa\u011flamak amac\u0131yla kullan\u0131l\u0131r.<\/p>\n<p><strong>Kal\u0131c\u0131 \u00c7erezler<\/strong><br \/>\n\u2022 Web sitemize geri d\u00f6nd\u00fc\u011f\u00fcn\u00fcz zaman, bir numara kullanarak sizi benzersiz bir ziyaret\u00e7i olarak hat\u0131rlamak,<br \/>\n\u2022 Bizim i\u00e7eri\u011fimizi ve reklamlar\u0131m\u0131z\u0131 sizin tercih etti\u011finiz ilgi alanlar\u0131n\u0131za g\u00f6re uyarlamak veya size ayn\u0131 reklam\u0131 tekrar tekrar g\u00f6stermemek,<br \/>\n\u2022 Kullan\u0131c\u0131lar\u0131m\u0131z\u0131n web sitemizi nas\u0131l kulland\u0131\u011f\u0131n\u0131 anlamak, web sitemizin yap\u0131s\u0131n\u0131 geli\u015ftirmemizi sa\u011flayan anonim ve toplu istatistikler derlemek amac\u0131yla kullan\u0131l\u0131r.<br \/>\n\u00c7erezler, ziyaret etti\u011finiz internet sitesi taraf\u0131ndan (birinci taraf \u00e7erezler) ya da \u00fc\u00e7\u00fcnc\u00fc taraflar taraf\u0131ndan (\u00fc\u00e7\u00fcnc\u00fc taraf \u00e7erezler) olu\u015fturulabilir.<\/p>\n<p>Genel olarak \u00e7erezler ve nas\u0131l y\u00f6netildiklerine ili\u015fkin daha fazla bilgi almak i\u00e7in,\u00a0<a href=\"https:\/\/web.archive.org\/web\/20230131031500\/https:\/\/www.aboutcookies.org\/\" target=\"_blank\" rel=\"noopener\">www.aboutcookies.org<\/a>\u00a0adresini ziyaret ediniz.<\/p>\n<p><strong>\u00c7erezler Arac\u0131l\u0131\u011f\u0131yla Veri \u0130\u015flemenin Ama\u00e7lar\u0131<\/strong><br \/>\n\u00c7erezler, internet sitemizi ziyaretinizin uygun bir \u015fekilde ger\u00e7ekle\u015ftirilmesinin ve bir sonraki kullan\u0131m\u0131n\u0131zda bilgilerinizin hat\u0131rlanmas\u0131n\u0131n sa\u011flanmas\u0131, sitenin i\u015fleyi\u015finin ve i\u00e7eri\u011finin geli\u015ftirilmesi, site kullan\u0131mlar\u0131n\u0131n istatistiksel olarak de\u011ferlendirilmesi, sitede yer alan i\u00e7eri\u011fin sizin ve cihaz\u0131n\u0131z i\u00e7in en etkili \u015fekilde sunulmas\u0131 ile kullan\u0131c\u0131lara tercih ve kullan\u0131m al\u0131\u015fkanl\u0131klar\u0131 do\u011frultusunda \u00f6zelle\u015ftirilmi\u015f hizmetler ve reklamlar sunulmas\u0131 ama\u00e7lar\u0131yla kullan\u0131lmaktad\u0131r ve verileriniz bu ama\u00e7larla i\u015flenmektedir.<\/p>\n<p>Kulland\u0131\u011f\u0131m\u0131z ana \u00e7erezlerin listesi ve onlar\u0131 ne ama\u00e7la kulland\u0131\u011f\u0131m\u0131za ili\u015fkin bilgileri a\u015fa\u011f\u0131daki listede bulabilirsiniz. Bir sonraki sekmede 3. Taraflar\u0131n \u00e7erezleriyle ilgili bilgi bulabilirsiniz.<\/p>\n<table class=\"table table-bordered\">\n<tbody>\n<tr>\n<td>\u00c7erezin Ad\u0131<\/td>\n<td>\u00c7erezin Kullan\u0131m Amac\u0131<\/td>\n<\/tr>\n<tr>\n<td>Facebook Pixel<\/td>\n<td>Ziyaret\u00e7ilerin hangi platform ve i\u00e7erikten siteye y\u00f6nlendi\u011fini ve internet sitesinde ger\u00e7ekle\u015ftirdi\u011fi eylemleri anlamak, bu eylemlerin sonu\u00e7lar\u0131n\u0131 \u00f6l\u00e7mek, ziyaret\u00e7ilerden \u00f6zel hedef kitleler olu\u015fturmak ve bu hedef kitlelere eri\u015fmek i\u00e7in kullan\u0131l\u0131r.<\/td>\n<\/tr>\n<tr>\n<td>Google Analytics<\/td>\n<td>Ziyaret\u00e7ilerin hangi lokasyon ve linkler \u00fczerinden siteye y\u00f6nlendi\u011fini, siteyi hangi s\u0131kl\u0131kla ziyaret etti\u011fini, sitede ortalama ge\u00e7irdi\u011fi s\u00fcreyi, hangi sayfada ne kadar s\u00fcre ge\u00e7irdi\u011fini, hangi sayfalarda ne kadar t\u0131klama yapt\u0131\u011f\u0131n\u0131 ve sitede hangi eylemleri ger\u00e7ekle\u015ftirdi\u011fini belirlemek i\u00e7in kullan\u0131l\u0131r.<\/td>\n<\/tr>\n<tr>\n<td>Google Remarketing Tag<\/td>\n<td>Web sitesini ziyaret eden veya mobil uygulamay\u0131 kullanm\u0131\u015f olan kullan\u0131c\u0131lara reklam g\u00f6sterir. \u00d6rne\u011fin, yeniden pazarlama, web sitemizden hi\u00e7bir \u015fey sat\u0131n almadan ayr\u0131lan kullan\u0131c\u0131lara farkl\u0131 cihazlar\u0131nda alakal\u0131 reklamlar g\u00f6stererek bu kullan\u0131c\u0131larla tekrar ba\u011flant\u0131 kurmam\u0131za yard\u0131mc\u0131 olur.<\/td>\n<\/tr>\n<tr>\n<td>Emarsys Tracking Pixel<\/td>\n<td>Ziyaret\u00e7ilerin hangi platform ve i\u00e7erikten siteye y\u00f6nlendi\u011fini ve internet sitesinde ger\u00e7ekle\u015ftirdi\u011fi eylemleri anlamak, bu eylemlerin sonu\u00e7lar\u0131n\u0131 \u00f6l\u00e7mek, ziyaret\u00e7ilerden \u00f6zel hedef kitleler olu\u015fturmak ve bu hedef kitlelere eri\u015fmek i\u00e7in kullan\u0131l\u0131r.<\/td>\n<\/tr>\n<\/tbody>\n<\/table>\n<p><strong>Web \u0130\u015faret\u00e7isi<\/strong><br \/>\nWeb sitelerimizin bir k\u0131sm\u0131 bu web sayfalar\u0131n\u0131 ziyaret etmi\u015f olan kullan\u0131c\u0131lar\u0131 saymam\u0131za olanak veren web i\u015faret\u00e7ileri (bazen a\u00e7\u0131k gifler olarak da an\u0131lan) adl\u0131 elektronik imgeler i\u00e7erebilir. Web \u0130\u015faret\u00e7ileri \u00e7erezin ad\u0131, sayfan\u0131n g\u00f6r\u00fcnt\u00fclendi\u011fi tarih ve saat, Web \u0130\u015faret\u00e7ilerinin yer ald\u0131\u011f\u0131 web sayfas\u0131n\u0131n tan\u0131m\u0131n\u0131 i\u00e7eren s\u0131n\u0131rl\u0131 miktarda bilgi toplar.<\/p>\n<table class=\"table table-bordered\">\n<tbody>\n<tr>\n<td>\u00c7erezin Ad\u0131<\/td>\n<td>\u00c7erezin Kullan\u0131m Amac\u0131<\/td>\n<\/tr>\n<tr>\n<td>TakenAction<\/td>\n<td>Web sitesinin teknik i\u015flevlerini destekler.<\/td>\n<\/tr>\n<tr>\n<td>TS*<\/td>\n<td>Web sitesinin teknik i\u015flevlerini destekler.<\/td>\n<\/tr>\n<tr>\n<td>_ym_uid<\/td>\n<td>Analiz ve raporlama amac\u0131yla kullan\u0131c\u0131lar ve web sitesindeki faaliyetleri hakk\u0131nda bilgi toplar.<\/td>\n<\/tr>\n<tr>\n<td>_ym_d<\/td>\n<td>Analiz ve raporlama amac\u0131yla kullan\u0131c\u0131lar ve web sitesindeki faaliyetleri hakk\u0131nda bilgi toplar.<\/td>\n<\/tr>\n<tr>\n<td>_ym_visorc<\/td>\n<td>Analiz ve raporlama amac\u0131yla kullan\u0131c\u0131lar ve web sitesindeki faaliyetleri hakk\u0131nda bilgi toplar.<\/td>\n<\/tr>\n<tr>\n<td>yandexuid<\/td>\n<td>Analiz ve raporlama amac\u0131yla kullan\u0131c\u0131lar ve web sitesindeki faaliyetleri hakk\u0131nda bilgi toplar.<\/td>\n<\/tr>\n<tr>\n<td>yabs-sid<\/td>\n<td>Analiz ve raporlama amac\u0131yla kullan\u0131c\u0131lar ve web sitesindeki faaliyetleri hakk\u0131nda bilgi toplar.<\/td>\n<\/tr>\n<tr>\n<td>_ga<\/td>\n<td>Analiz ve raporlama amac\u0131yla kullan\u0131c\u0131lar ve web sitesindeki faaliyetleri hakk\u0131nda bilgi toplar.<\/td>\n<\/tr>\n<tr>\n<td>_gat_gtag<\/td>\n<td>Analiz ve raporlama amac\u0131yla kullan\u0131c\u0131lar ve web sitesindeki faaliyetleri hakk\u0131nda bilgi toplar.<\/td>\n<\/tr>\n<tr>\n<td>_gid<\/td>\n<td>Analiz ve raporlama amac\u0131yla kullan\u0131c\u0131lar ve web sitesindeki faaliyetleri hakk\u0131nda bilgi toplar.<\/td>\n<\/tr>\n<tr>\n<td>_gat_UA<\/td>\n<td>Analiz ve raporlama amac\u0131yla kullan\u0131c\u0131lar ve web sitesindeki faaliyetleri hakk\u0131nda bilgi toplar.<\/td>\n<\/tr>\n<tr>\n<td>_ym_isad<\/td>\n<td>Analiz ve raporlama amac\u0131yla kullan\u0131c\u0131lar ve web sitesindeki faaliyetleri hakk\u0131nda bilgi toplar.<\/td>\n<\/tr>\n<tr>\n<td>i<\/td>\n<td>Analiz ve raporlama amac\u0131yla kullan\u0131c\u0131lar ve web sitesindeki faaliyetleri hakk\u0131nda bilgi toplar.<\/td>\n<\/tr>\n<tr>\n<td>_gcl_au<\/td>\n<td>Hedeflenen reklamlar sunmak i\u00e7in google ile web sitesine entegrasyonu sa\u011flar.<\/td>\n<\/tr>\n<tr>\n<td>IDE<\/td>\n<td>Kullan\u0131c\u0131lar ve web sitesindeki etkinlikleri hakk\u0131nda bilgi toplayarak \u00e7evrimi\u00e7i pazarlama i\u00e7in kullan\u0131l\u0131r. Bilgiler, reklamlar\u0131 kullan\u0131c\u0131ya farkl\u0131 kanallar ve cihazlar \u00fczerinden hedeflemek i\u00e7in kullan\u0131l\u0131r.<\/td>\n<\/tr>\n<tr>\n<td>VISITOR_INFO1_LIVE<\/td>\n<td>Hedeflenen reklamc\u0131l\u0131k hizmeti vermek amac\u0131yla g\u00f6m\u00fcl\u00fc video oynat\u0131c\u0131lar arac\u0131l\u0131\u011f\u0131yla kullan\u0131c\u0131lar ve web sitesindeki etkinlikleri hakk\u0131nda bilgi toplar.<\/td>\n<\/tr>\n<tr>\n<td>ymex<\/td>\n<td>Kullan\u0131c\u0131lar ve web sitesindeki etkinlikleri hakk\u0131nda bilgi toplar. Bilgi, kullan\u0131c\u0131 davran\u0131\u015f\u0131n\u0131 izlemek ve analiz etmek, bireysel kullan\u0131c\u0131 ihtiya\u00e7lar\u0131n\u0131 kar\u015f\u0131lamak ve hedefli reklamlar sunmak i\u00e7in kullan\u0131l\u0131r.<\/td>\n<\/tr>\n<tr>\n<td>GPS<\/td>\n<td>Hedeflenen reklamc\u0131l\u0131k hizmeti vermek amac\u0131yla g\u00f6m\u00fcl\u00fc video oynat\u0131c\u0131lar arac\u0131l\u0131\u011f\u0131yla kullan\u0131c\u0131lar ve web sitesindeki etkinlikleri hakk\u0131nda bilgi toplar.<\/td>\n<\/tr>\n<tr>\n<td>_fbp<\/td>\n<td>Reklamc\u0131l\u0131k ve site analizi hizmetleri sa\u011flamak amac\u0131yla taray\u0131c\u0131lar\u0131 tan\u0131mlar.<\/td>\n<\/tr>\n<tr>\n<td>YSC<\/td>\n<td>Hedeflenen reklamc\u0131l\u0131k hizmeti vermek amac\u0131yla g\u00f6m\u00fcl\u00fc video oynat\u0131c\u0131lar arac\u0131l\u0131\u011f\u0131yla kullan\u0131c\u0131lar ve web sitesindeki etkinlikleri hakk\u0131nda bilgi toplar.<\/td>\n<\/tr>\n<tr>\n<td>RUL<\/td>\n<td>Kullan\u0131c\u0131lar ve web sitesindeki etkinlikleri hakk\u0131nda bilgi toplayarak \u00e7evrimi\u00e7i pazarlama i\u00e7in kullan\u0131l\u0131r. Bilgiler, reklamlar\u0131 web&#8217;deki kullan\u0131c\u0131lara hedeflemek i\u00e7in kullan\u0131l\u0131r.<\/td>\n<\/tr>\n<\/tbody>\n<\/table>\n<div>\n<p><strong>\u00c7erez Kullan\u0131m\u0131na \u0130li\u015fkin Hukuki Sebepler ve \u00c7erezleri Toplama Y\u00f6ntemleri<\/strong><br \/>\n\u00c7erezler ile toplanan ki\u015fisel verileriniz, Ki\u015fisel Verilerin Korunmas\u0131 Kanunu\u2019nun 5. Maddesinde yer alan bir hakk\u0131n tesisi, kullan\u0131lmas\u0131 veya korunmas\u0131 ile veri i\u015flemenin me\u015fru menfaatlerimiz i\u00e7in zorunlu olmas\u0131 hukuki sebeplerine dayal\u0131 olarak i\u015flenmektedir. Bunlarla beraber, belirli \u00e7erezleri kullanabilmek i\u00e7in a\u00e7\u0131k r\u0131zan\u0131z\u0131n bulunup bulunmad\u0131\u011f\u0131 sorulmaktad\u0131r. \u0130lgili \u00e7erezlerin kullan\u0131m\u0131na izin vermeniz durumunda, ki\u015fisel verileriniz ilgili ki\u015finin a\u00e7\u0131k r\u0131zas\u0131n\u0131n bulunmas\u0131 hukuki sebebine dayal\u0131 olarak i\u015flenmektedir.<br \/>\n\u00c7erezler i\u00e7in hizmet al\u0131nan firmalar\u0131n bir k\u0131sm\u0131 yurt d\u0131\u015f\u0131nda yerle\u015fik olup, ilgili \u00e7erezlerin kullan\u0131lmas\u0131 durumunda baz\u0131 ki\u015fisel verileriniz yurt d\u0131\u015f\u0131na aktar\u0131lmaktad\u0131r. Bu nedenle ilgili \u00e7erezlerin kullan\u0131m\u0131 ve bu kapsamda verilerinizin yurtd\u0131\u015f\u0131na aktar\u0131m\u0131 i\u00e7in a\u00e7\u0131k r\u0131zan\u0131z sorulmaktad\u0131r.<br \/>\n\u00c7erezler arac\u0131l\u0131\u011f\u0131yla ki\u015fisel verileriniz, internet sitemiz vas\u0131tas\u0131yla, otomatik y\u00f6ntemlerle toplanmaktad\u0131r.<\/p>\n<p><strong>\u00c7erezlerin Y\u00f6netimi &#8211; \u00c7erezlerin Engellenmesi &amp; Silinmesi<\/strong><br \/>\nTaray\u0131c\u0131n\u0131zdaki ayarlar\u0131 de\u011fi\u015ftirerek ya da web sitesi \u00e7erez tercihlerinizi i\u015faretleyerek, \u00e7erezleri kabul etme veya engelleme kabiliyetine sahipsiniz. Ancak, \u00e7erezler engellendi\u011finde, web sitemizin t\u00fcm interaktif \u00f6zelliklerini kullanamayabilirsiniz. \u00c7erezlerin etkin olup olmad\u0131\u011f\u0131na ili\u015fkin k\u0131lavuz talimatlar a\u015fa\u011f\u0131da verilmektedir:<\/p>\n<p><strong>Kulland\u0131\u011f\u0131n\u0131z Taray\u0131c\u0131n\u0131n \u00c7erez Ayarlar\u0131n\u0131n Yap\u0131lmas\u0131 ve Ki\u015fiselle\u015ftirilmesine Y\u00f6nelik Talimatlar<\/strong><br \/>\n<u>Internet Explorer \u00c7erezlerinin Y\u00f6netilmesi:<\/u><br \/>\nInternet Explorer versiyonlar\u0131n\u0131n \u00e7o\u011fundaki \u00e7erez ayarlar\u0131na \u00f6nce ara\u00e7lar se\u00e7ene\u011fine, sonra gizlilik sekmesine t\u0131klayarak ula\u015fabilirsiniz.<\/p>\n<p><u>Microsoft Edge\u2019de \u00c7erezler Y\u00f6netilmesi<\/u><br \/>\nMicrosoft Edge\u2019de bulunan \u00e7erez ayarlar\u0131n\u0131 Daha Fazla se\u00e7ene\u011fine, daha sonra Ayarlar ikonuna t\u0131klayarak yapabilirsiniz.<\/p>\n<p><u>Firefox\u2019da \u00c7erezlerin Y\u00f6netilmesi<\/u><br \/>\nFirefox\u2019daki \u00c7erez ayarlar\u0131 Windows\u2019un Gizlilik Panelinde y\u00f6netilir.<\/p>\n<p><u>Chrome\u2019da \u00c7erezlerin Y\u00f6netilmesi<\/u><br \/>\nAra\u00e7 \u00e7ubu\u011fu \u00fczerinde anahtar ikonuna t\u0131klay\u0131n\u0131z, ayarlar\u0131 se\u00e7iniz, ba\u015fl\u0131k sekmesine t\u0131klay\u0131n\u0131z ve gizlilik b\u00f6l\u00fcm\u00fcndeki i\u00e7erik ayarlar\u0131na t\u0131klay\u0131n\u0131z.<\/p>\n<p><u>Opera\u2019da \u00c7erezlerin Y\u00f6netilmesi<\/u><br \/>\nS\u0131ras\u0131yla Ayarlar, Tercihler, Geli\u015fmi\u015f ve en sonra \u00c7erezlere t\u0131klayarak \u00c7erezleri t\u0131klayarak Opera\u2019daki \u00e7erezleri y\u00f6netebilirsiniz.<\/p>\n<p><u>Safari\u2019de \u00c7erezlerin Y\u00f6netilmesi<\/u><br \/>\nS\u0131ras\u0131yla Safari\u2019yi, tercihleri se\u00e7in ve g\u00fcvenli\u011fi t\u0131klay\u0131n\u0131z. \u015eimdi Safarinin \u00e7erezleri kabul edip etmemesi gerekti\u011fini belirleyebilirsiniz.<\/p>\n<p><u>Mobil Telefonunuzda \u00c7erezlerin Y\u00f6netilmesi<\/u><br \/>\nCep telefonunuzun kullanma k\u0131lavuzuna veya el kitab\u0131na bak\u0131n\u0131z.<\/p>\n<p><strong>\u00c7erezlerin Silinmesi<\/strong><br \/>\nTaray\u0131c\u0131lar\u0131n \u00e7erez dosyas\u0131nda monte edilmi\u015f \u00e7erezleri kolayca silebilirsiniz. \u00d6rne\u011fin, Microsoft Windows Explorer kullan\u0131yorsan\u0131z:<br \/>\n&#8216;Windows Explorer&#8217;u a\u00e7\u0131n\u0131z,<br \/>\nAra\u00e7 \u00e7ubu\u011fu \u00fczerinde \u201cArama\/Search\u201d tu\u015funa t\u0131klay\u0131n\u0131z,<br \/>\n\u201cKlas\u00f6rler ve Dosyalar\/Folders and Files\u201d i\u00e7in arama kutusuna \u201c\u00e7erez\/cookie\u201d yaz\u0131n\u0131z,<br \/>\n\u2018Arama Yeri\u2019 kutusunda \u201cBilgisayar\u0131m\u2019\u0131\/My Computer\u201d se\u00e7iniz,<br \/>\n\u2018\u015eimdi Ara\/Search Now\u2019 tu\u015funa t\u0131klay\u0131n\u0131z,<br \/>\nBulunan klas\u00f6rler \u00fczerinde \u00e7ift t\u0131klay\u0131n\u0131z,<br \/>\nHerhangi bir \u00e7erez dosyas\u0131n\u0131 se\u00e7mek i\u00e7in \u201cSe\u00e7\/Select\u201d butonuna bas\u0131n\u0131z.<br \/>\nKlavyeniz \u00fczerindeki \u2018Sil\/Delete\u2019 tu\u015funa t\u0131klay\u0131n\u0131z,<br \/>\nMicrosoft Windows Explorer kullanm\u0131yorsan\u0131z, \u00e7erez klas\u00f6r\u00fcn\u00fcz\u00fc bulmak i\u00e7in bilgi almak \u00fczere \u201cYard\u0131m\/Help\u201d i\u015flevinde \u201c\u00e7erezleri\/cookies\u201d se\u00e7melisiniz.<\/p>\n<p><strong>Haklar\u0131n\u0131z<\/strong><\/p>\n<p><a href=\"https:\/\/www.mevzuat.gov.tr\/MevzuatMetin\/1.5.6698.pdf\" target=\"_blank\" rel=\"noopener\"><b>Ki\u015fisel Verilerin Korunmas\u0131 Kanunu<\/b><\/a>\u2019nun 11. maddesi veri sahibi ilgili ki\u015filerin haklar\u0131n\u0131 d\u00fczenlemektedir. Bu madde uyar\u0131nca a\u015fa\u011f\u0131daki haklara sahipsiniz:<br \/>\n\u2022 Ki\u015fisel verilerinizin i\u015flenip i\u015flenmedi\u011fini \u00f6\u011frenme,<br \/>\n\u2022 Ki\u015fisel verileriniz i\u015flenmi\u015fse buna ili\u015fkin bilgi talep etme,<br \/>\n\u2022 Ki\u015fisel verilerinizin i\u015flenme amac\u0131n\u0131 ve bunlar\u0131n amac\u0131na uygun kullan\u0131l\u0131p kullan\u0131lmad\u0131\u011f\u0131n\u0131 \u00f6\u011frenme,<br \/>\n\u2022 Yurt i\u00e7inde veya yurt d\u0131\u015f\u0131nda ki\u015fisel verilerinizin aktar\u0131ld\u0131\u011f\u0131 \u00fc\u00e7\u00fcnc\u00fc ki\u015fileri bilme,<br \/>\n\u2022 Ki\u015fisel verilerinizin eksik veya yanl\u0131\u015f i\u015flenmi\u015f olmas\u0131 halinde bunlar\u0131n d\u00fczeltilmesini isteme ve bu kapsamda yap\u0131lan i\u015flemin ki\u015fisel verilerinizin aktar\u0131ld\u0131\u011f\u0131 \u00fc\u00e7\u00fcnc\u00fc ki\u015filere bildirilmesini isteme,<br \/>\n\u2022 Kanun ve ilgili di\u011fer kanun h\u00fck\u00fcmlerine uygun olarak i\u015flenmi\u015f olmas\u0131na ra\u011fmen, i\u015flenmesini gerektiren sebeplerin ortadan kalkmas\u0131 halinde ki\u015fisel verilerinizin silinmesini veya yok edilmesini isteme ve bu kapsamda ve ki\u015fisel verilerinizin eksik veya yanl\u0131\u015f i\u015flenmi\u015f olmas\u0131 halinde yap\u0131lan i\u015flemlerin ki\u015fisel verilerinizin aktar\u0131ld\u0131\u011f\u0131 \u00fc\u00e7\u00fcnc\u00fc ki\u015filere bildirilmesini isteme,<br \/>\n\u2022 \u0130\u015flenen verilerinizin m\u00fcnhas\u0131ran otomatik sistemler vas\u0131tas\u0131yla analiz edilmesi suretiyle aleyhinize bir sonucun ortaya \u00e7\u0131kmas\u0131na itiraz etme,<br \/>\n\u2022 Ki\u015fisel verilerinizin kanuna ayk\u0131r\u0131 olarak i\u015flenmesi sebebiyle zarara u\u011framas\u0131 halinde zarar\u0131n giderilmesini talep etme.<\/p>\n<p>Taleplerinizi ayr\u0131ca,\u00a0<a href=\"https:\/\/www.mevzuat.gov.tr\/mevzuat?MevzuatNo=24455&amp;MevzuatTur=9&amp;MevzuatTertip=5\" target=\"_blank\" rel=\"noopener\"><b>Veri Sorumlusuna Ba\u015fvuru Usul ve Esaslar\u0131 Hakk\u0131nda Tebli\u011f<\/b><\/a>\u2019de belirtilen di\u011fer y\u00f6ntemleri de kullanarak bize iletebilirsiniz.<\/div>","protected":false},"excerpt":{"rendered":"<p>Web sitemizi ziyaret etti\u011finizde, bilgileri okudu\u011funuzda, indirdi\u011finizde, ba\u015fl\u0131klara t\u0131klad\u0131\u011f\u0131n\u0131zda, siz, cihaz\u0131n\u0131z veya web sitemizi kullanma \u015fekliniz hakk\u0131nda baz\u0131 bilgileri elde ediyoruz. Ayn\u0131 zamanda, kulland\u0131\u011f\u0131n\u0131z cihaza ba\u011fl\u0131 olarak, sizin cihaz\u0131n\u0131za \u00e7erez dosyas\u0131 transfer eden piksel etiketleri ve \u00e7erezler kullan\u0131yoruz. A\u015fa\u011f\u0131da bu konuyla&#8230;<\/p>","protected":false},"author":2,"featured_media":0,"parent":0,"menu_order":0,"comment_status":"closed","ping_status":"closed","template":"","meta":{"footnotes":""},"class_list":["post-7318","page","type-page","status-publish","hentry"],"_links":{"self":[{"href":"https:\/\/ciltug.com\/en\/wp-json\/wp\/v2\/pages\/7318","targetHints":{"allow":["GET"]}}],"collection":[{"href":"https:\/\/ciltug.com\/en\/wp-json\/wp\/v2\/pages"}],"about":[{"href":"https:\/\/ciltug.com\/en\/wp-json\/wp\/v2\/types\/page"}],"author":[{"embeddable":true,"href":"https:\/\/ciltug.com\/en\/wp-json\/wp\/v2\/users\/2"}],"replies":[{"embeddable":true,"href":"https:\/\/ciltug.com\/en\/wp-json\/wp\/v2\/comments?post=7318"}],"version-history":[{"count":1,"href":"https:\/\/ciltug.com\/en\/wp-json\/wp\/v2\/pages\/7318\/revisions"}],"predecessor-version":[{"id":7319,"href":"https:\/\/ciltug.com\/en\/wp-json\/wp\/v2\/pages\/7318\/revisions\/7319"}],"wp:attachment":[{"href":"https:\/\/ciltug.com\/en\/wp-json\/wp\/v2\/media?parent=7318"}],"curies":[{"name":"wp","href":"https:\/\/api.w.org\/{rel}","templated":true}]}}