{"id":6596,"date":"2024-05-18T23:42:15","date_gmt":"2024-05-18T23:42:15","guid":{"rendered":"https:\/\/ciltug.com\/?page_id=6596"},"modified":"2025-02-02T20:08:21","modified_gmt":"2025-02-02T20:08:21","slug":"ciltug-bakim-ve-onarim-hizmetleri","status":"publish","type":"page","link":"https:\/\/ciltug.com\/en\/ciltug-maintenance-and-repair-services\/","title":{"rendered":"\u00c7iltu\u011f Maintenance and Repair Services"},"content":{"rendered":"<div data-elementor-type=\"wp-page\" data-elementor-id=\"6596\" class=\"elementor elementor-6596\" data-elementor-post-type=\"page\">\n\t\t\t\t\t\t<section class=\"elementor-section elementor-top-section elementor-element elementor-element-6da3f578 elementor-section-stretched elementor-section-boxed elementor-section-height-default elementor-section-height-default\" data-id=\"6da3f578\" data-element_type=\"section\" data-e-type=\"section\" data-settings=\"{&quot;stretch_section&quot;:&quot;section-stretched&quot;}\">\n\t\t\t\t\t\t<div class=\"elementor-container elementor-column-gap-default\">\n\t\t\t\t\t<div class=\"elementor-column elementor-col-16 elementor-top-column elementor-element elementor-element-5e97d395\" data-id=\"5e97d395\" data-element_type=\"column\" data-e-type=\"column\">\n\t\t\t<div class=\"elementor-widget-wrap elementor-element-populated\">\n\t\t\t\t\t\t<div class=\"elementor-element elementor-element-2e47dc57 elementor-widget__width-initial icon-position-top alignment-center elementor-widget elementor-widget-energium_icon_box\" data-id=\"2e47dc57\" data-element_type=\"widget\" data-e-type=\"widget\" data-widget_type=\"energium_icon_box.default\">\n\t\t\t\t<div class=\"elementor-widget-container\">\n\t\t\t\t\t\n        <div class=\"energium-icon-box-widget\">\n            <div class=\"icon-box-item\">\n\n                <div class=\"icon-container\">\n                    <i class=\"\"><\/i>                <\/div>\n\n                <div class=\"content-container\">\n                    \n                    <div class=\"icon-box-info\"><p><img decoding=\"async\" class=\"alignnone wp-image-6515\" src=\"https:\/\/ciltug.aukoajans.com\/tr\/wp-content\/uploads\/2024\/05\/icon-pack-01-150x150.png\" alt=\"\" width=\"96\" height=\"88\" srcset=\"https:\/\/ciltug.com\/wp-content\/uploads\/2024\/05\/icon-pack-01-344x311.png 344w, https:\/\/ciltug.com\/wp-content\/uploads\/2024\/05\/icon-pack-01-280x253.png 280w\" sizes=\"(max-width: 96px) 100vw, 96px\" \/><\/p><\/div>                <\/div>\n            <\/div>\n        <\/div>\n        \t\t\t\t<\/div>\n\t\t\t\t<\/div>\n\t\t\t\t<div class=\"elementor-element elementor-element-6ccd39dc elementor-widget elementor-widget-energium_custom_menu\" data-id=\"6ccd39dc\" data-element_type=\"widget\" data-e-type=\"widget\" data-widget_type=\"energium_custom_menu.default\">\n\t\t\t\t<div class=\"elementor-widget-container\">\n\t\t\t\t\t\n        <ul class=\"ul direction-vertical\">\n            <li class=\"active\"><a href=\"https:\/\/ciltug.com\/tr\/hidro-mekanik-techizat-ve-cebri-borular\/\">Hydromechanical Equipment &amp; Penstocks<\/a><\/li>        <\/ul>\n\n        \t\t\t\t<\/div>\n\t\t\t\t<\/div>\n\t\t\t\t\t<\/div>\n\t\t<\/div>\n\t\t\t\t<div class=\"elementor-column elementor-col-16 elementor-top-column elementor-element elementor-element-2c78fd9d\" data-id=\"2c78fd9d\" data-element_type=\"column\" data-e-type=\"column\">\n\t\t\t<div class=\"elementor-widget-wrap elementor-element-populated\">\n\t\t\t\t\t\t<div class=\"elementor-element elementor-element-1ee6c79f icon-position-top alignment-center elementor-widget elementor-widget-energium_icon_box\" data-id=\"1ee6c79f\" data-element_type=\"widget\" data-e-type=\"widget\" data-widget_type=\"energium_icon_box.default\">\n\t\t\t\t<div class=\"elementor-widget-container\">\n\t\t\t\t\t\n        <div class=\"energium-icon-box-widget\">\n            <div class=\"icon-box-item\">\n\n                <div class=\"icon-container\">\n                    <i class=\"\"><\/i>                <\/div>\n\n                <div class=\"content-container\">\n                    \n                    <div class=\"icon-box-info\"><p><img decoding=\"async\" class=\"alignnone wp-image-6516\" src=\"https:\/\/ciltug.aukoajans.com\/tr\/wp-content\/uploads\/2024\/05\/icon-pack-02-300x287.png\" alt=\"\" width=\"93\" height=\"89\" srcset=\"https:\/\/ciltug.com\/wp-content\/uploads\/2024\/05\/icon-pack-02-300x287.png 300w, https:\/\/ciltug.com\/wp-content\/uploads\/2024\/05\/icon-pack-02.png 345w\" sizes=\"(max-width: 93px) 100vw, 93px\" \/><\/p><\/div>                <\/div>\n            <\/div>\n        <\/div>\n        \t\t\t\t<\/div>\n\t\t\t\t<\/div>\n\t\t\t\t<div class=\"elementor-element elementor-element-5646ebc elementor-widget elementor-widget-energium_custom_menu\" data-id=\"5646ebc\" data-element_type=\"widget\" data-e-type=\"widget\" data-widget_type=\"energium_custom_menu.default\">\n\t\t\t\t<div class=\"elementor-widget-container\">\n\t\t\t\t\t\n        <ul class=\"ul direction-vertical\">\n            <li class=\"active\"><a href=\"https:\/\/ciltug.com\/tr\/elektro-mekanik-techizat\/\">Electromechanical Equipment<\/a><\/li>        <\/ul>\n\n        \t\t\t\t<\/div>\n\t\t\t\t<\/div>\n\t\t\t\t\t<\/div>\n\t\t<\/div>\n\t\t\t\t<div class=\"elementor-column elementor-col-16 elementor-top-column elementor-element elementor-element-722fbd34\" data-id=\"722fbd34\" data-element_type=\"column\" data-e-type=\"column\">\n\t\t\t<div class=\"elementor-widget-wrap elementor-element-populated\">\n\t\t\t\t\t\t<div class=\"elementor-element elementor-element-45d27234 icon-position-top alignment-center elementor-widget elementor-widget-energium_icon_box\" data-id=\"45d27234\" data-element_type=\"widget\" data-e-type=\"widget\" data-widget_type=\"energium_icon_box.default\">\n\t\t\t\t<div class=\"elementor-widget-container\">\n\t\t\t\t\t\n        <div class=\"energium-icon-box-widget\">\n            <div class=\"icon-box-item\">\n\n                <div class=\"icon-container\">\n                    <i class=\"\"><\/i>                <\/div>\n\n                <div class=\"content-container\">\n                    \n                    <div class=\"icon-box-info\"><p><img decoding=\"async\" class=\"alignnone wp-image-6517\" src=\"https:\/\/ciltug.aukoajans.com\/tr\/wp-content\/uploads\/2024\/05\/icon-pack-03-150x150.png\" alt=\"\" width=\"97\" height=\"97\" srcset=\"https:\/\/ciltug.com\/wp-content\/uploads\/2024\/05\/icon-pack-03-150x150.png 150w, https:\/\/ciltug.com\/wp-content\/uploads\/2024\/05\/icon-pack-03-320x320.png 320w\" sizes=\"(max-width: 97px) 100vw, 97px\" \/><\/p><\/div>                <\/div>\n            <\/div>\n        <\/div>\n        \t\t\t\t<\/div>\n\t\t\t\t<\/div>\n\t\t\t\t<div class=\"elementor-element elementor-element-25d32c67 elementor-widget elementor-widget-energium_custom_menu\" data-id=\"25d32c67\" data-element_type=\"widget\" data-e-type=\"widget\" data-widget_type=\"energium_custom_menu.default\">\n\t\t\t\t<div class=\"elementor-widget-container\">\n\t\t\t\t\t\n        <ul class=\"ul direction-vertical\">\n            <li class=\"active\"><a href=\"https:\/\/ciltug.com\/tr\/ruzgar-kulesi-turbin-jeneratorleri-kule-imalati-ve-montaj-isleri\/\">Wind Power Turbine Generators, Tower Fabrications &amp; Installations<\/a><\/li>        <\/ul>\n\n        \t\t\t\t<\/div>\n\t\t\t\t<\/div>\n\t\t\t\t\t<\/div>\n\t\t<\/div>\n\t\t\t\t<div class=\"elementor-column elementor-col-16 elementor-top-column elementor-element elementor-element-650761ec\" data-id=\"650761ec\" data-element_type=\"column\" data-e-type=\"column\">\n\t\t\t<div class=\"elementor-widget-wrap elementor-element-populated\">\n\t\t\t\t\t\t<div class=\"elementor-element elementor-element-2d667d96 icon-position-top alignment-center elementor-widget elementor-widget-energium_icon_box\" data-id=\"2d667d96\" data-element_type=\"widget\" data-e-type=\"widget\" data-widget_type=\"energium_icon_box.default\">\n\t\t\t\t<div class=\"elementor-widget-container\">\n\t\t\t\t\t\n        <div class=\"energium-icon-box-widget\">\n            <div class=\"icon-box-item\">\n\n                <div class=\"icon-container\">\n                    <i class=\"\"><\/i>                <\/div>\n\n                <div class=\"content-container\">\n                    \n                    <div class=\"icon-box-info\"><p><img loading=\"lazy\" decoding=\"async\" class=\"alignnone wp-image-6518\" src=\"https:\/\/ciltug.aukoajans.com\/tr\/wp-content\/uploads\/2024\/05\/icon-pack-04-300x287.png\" alt=\"\" width=\"107\" height=\"102\" srcset=\"https:\/\/ciltug.com\/wp-content\/uploads\/2024\/05\/icon-pack-04-300x287.png 300w, https:\/\/ciltug.com\/wp-content\/uploads\/2024\/05\/icon-pack-04.png 345w\" sizes=\"(max-width: 107px) 100vw, 107px\" \/><\/p><\/div>                <\/div>\n            <\/div>\n        <\/div>\n        \t\t\t\t<\/div>\n\t\t\t\t<\/div>\n\t\t\t\t<div class=\"elementor-element elementor-element-624514d3 elementor-widget elementor-widget-energium_custom_menu\" data-id=\"624514d3\" data-element_type=\"widget\" data-e-type=\"widget\" data-widget_type=\"energium_custom_menu.default\">\n\t\t\t\t<div class=\"elementor-widget-container\">\n\t\t\t\t\t\n        <ul class=\"ul direction-vertical\">\n            <li class=\"active\"><a href=\"https:\/\/ciltug.com\/tr\/basincli-kaplar-ve-tanklar\/\">Pressurized Vessels &amp; Tanks<\/a><\/li>        <\/ul>\n\n        \t\t\t\t<\/div>\n\t\t\t\t<\/div>\n\t\t\t\t\t<\/div>\n\t\t<\/div>\n\t\t\t\t<div class=\"elementor-column elementor-col-16 elementor-top-column elementor-element elementor-element-351b0d46\" data-id=\"351b0d46\" data-element_type=\"column\" data-e-type=\"column\">\n\t\t\t<div class=\"elementor-widget-wrap elementor-element-populated\">\n\t\t\t\t\t\t<div class=\"elementor-element elementor-element-337488ad icon-position-top alignment-center elementor-widget elementor-widget-energium_icon_box\" data-id=\"337488ad\" data-element_type=\"widget\" data-e-type=\"widget\" data-widget_type=\"energium_icon_box.default\">\n\t\t\t\t<div class=\"elementor-widget-container\">\n\t\t\t\t\t\n        <div class=\"energium-icon-box-widget\">\n            <div class=\"icon-box-item\">\n\n                <div class=\"icon-container\">\n                    <i class=\"\"><\/i>                <\/div>\n\n                <div class=\"content-container\">\n                    \n                    <div class=\"icon-box-info\"><p><img loading=\"lazy\" decoding=\"async\" class=\"alignnone wp-image-6519\" src=\"https:\/\/ciltug.aukoajans.com\/tr\/wp-content\/uploads\/2024\/05\/icon-pack-05-300x287.png\" alt=\"\" width=\"93\" height=\"89\" srcset=\"https:\/\/ciltug.com\/wp-content\/uploads\/2024\/05\/icon-pack-05-300x287.png 300w, https:\/\/ciltug.com\/wp-content\/uploads\/2024\/05\/icon-pack-05.png 345w\" sizes=\"(max-width: 93px) 100vw, 93px\" \/><\/p><\/div>                <\/div>\n            <\/div>\n        <\/div>\n        \t\t\t\t<\/div>\n\t\t\t\t<\/div>\n\t\t\t\t<div class=\"elementor-element elementor-element-5fbbd790 elementor-widget elementor-widget-energium_custom_menu\" data-id=\"5fbbd790\" data-element_type=\"widget\" data-e-type=\"widget\" data-widget_type=\"energium_custom_menu.default\">\n\t\t\t\t<div class=\"elementor-widget-container\">\n\t\t\t\t\t\n        <ul class=\"ul direction-vertical\">\n            <li class=\"active\"><a href=\"https:\/\/ciltug.com\/tr\/anahtar-teslimi-insaat-ve-taahhut-isleri\/\">Turnkey Civil &amp; Contracting Works<\/a><\/li>        <\/ul>\n\n        \t\t\t\t<\/div>\n\t\t\t\t<\/div>\n\t\t\t\t\t<\/div>\n\t\t<\/div>\n\t\t\t\t<div class=\"elementor-column elementor-col-16 elementor-top-column elementor-element elementor-element-d9f2512\" data-id=\"d9f2512\" data-element_type=\"column\" data-e-type=\"column\">\n\t\t\t<div class=\"elementor-widget-wrap elementor-element-populated\">\n\t\t\t\t\t\t<div class=\"elementor-element elementor-element-6e8b7061 icon-position-top alignment-center elementor-widget elementor-widget-energium_icon_box\" data-id=\"6e8b7061\" data-element_type=\"widget\" data-e-type=\"widget\" data-widget_type=\"energium_icon_box.default\">\n\t\t\t\t<div class=\"elementor-widget-container\">\n\t\t\t\t\t\n        <div class=\"energium-icon-box-widget\">\n            <div class=\"icon-box-item\">\n\n                <div class=\"icon-container\">\n                    <i class=\"\"><\/i>                <\/div>\n\n                <div class=\"content-container\">\n                    \n                    <div class=\"icon-box-info\"><p><img loading=\"lazy\" decoding=\"async\" class=\"alignnone wp-image-6520\" src=\"https:\/\/ciltug.aukoajans.com\/tr\/wp-content\/uploads\/2024\/05\/icon-pack-06-300x287.png\" alt=\"\" width=\"105\" height=\"101\" srcset=\"https:\/\/ciltug.com\/wp-content\/uploads\/2024\/05\/icon-pack-06-300x287.png 300w, https:\/\/ciltug.com\/wp-content\/uploads\/2024\/05\/icon-pack-06.png 345w\" sizes=\"(max-width: 105px) 100vw, 105px\" \/><\/p><\/div>                <\/div>\n            <\/div>\n        <\/div>\n        \t\t\t\t<\/div>\n\t\t\t\t<\/div>\n\t\t\t\t<div class=\"elementor-element elementor-element-76c6f8af elementor-widget elementor-widget-energium_custom_menu\" data-id=\"76c6f8af\" data-element_type=\"widget\" data-e-type=\"widget\" data-widget_type=\"energium_custom_menu.default\">\n\t\t\t\t<div class=\"elementor-widget-container\">\n\t\t\t\t\t\n        <ul class=\"ul direction-vertical\">\n            <li class=\"active\"><a href=\"https:\/\/ciltug.com\/tr\/ciltug-bakim-ve-onarim-hizmetleri\/\">\u00c7iltu\u011f Maintenance &amp; Service<\/a><\/li>        <\/ul>\n\n        \t\t\t\t<\/div>\n\t\t\t\t<\/div>\n\t\t\t\t\t<\/div>\n\t\t<\/div>\n\t\t\t\t\t<\/div>\n\t\t<\/section>\n\t\t\t\t<section class=\"elementor-section elementor-top-section elementor-element elementor-element-2df5240 elementor-section-boxed elementor-section-height-default elementor-section-height-default\" data-id=\"2df5240\" data-element_type=\"section\" data-e-type=\"section\">\n\t\t\t\t\t\t<div class=\"elementor-container elementor-column-gap-default\">\n\t\t\t\t\t<div class=\"elementor-column elementor-col-100 elementor-top-column elementor-element elementor-element-02360ed\" data-id=\"02360ed\" data-element_type=\"column\" data-e-type=\"column\">\n\t\t\t<div class=\"elementor-widget-wrap\">\n\t\t\t\t\t\t\t<\/div>\n\t\t<\/div>\n\t\t\t\t\t<\/div>\n\t\t<\/section>\n\t\t\t\t<section class=\"elementor-section elementor-top-section elementor-element elementor-element-7543b1f3 elementor-section-full_width elementor-section-height-min-height elementor-section-items-top elementor-section-stretched elementor-section-height-default\" data-id=\"7543b1f3\" data-element_type=\"section\" data-e-type=\"section\" data-settings=\"{&quot;stretch_section&quot;:&quot;section-stretched&quot;,&quot;background_background&quot;:&quot;classic&quot;}\">\n\t\t\t\t\t\t<div class=\"elementor-container elementor-column-gap-no\">\n\t\t\t\t\t<div class=\"elementor-column elementor-col-50 elementor-top-column elementor-element elementor-element-23f1b164\" data-id=\"23f1b164\" data-element_type=\"column\" data-e-type=\"column\">\n\t\t\t<div class=\"elementor-widget-wrap elementor-element-populated\">\n\t\t\t\t\t\t<div class=\"elementor-element elementor-element-587d0e94 elementor-widget elementor-widget-image\" data-id=\"587d0e94\" data-element_type=\"widget\" data-e-type=\"widget\" data-widget_type=\"image.default\">\n\t\t\t\t<div class=\"elementor-widget-container\">\n\t\t\t\t\t\t\t\t\t\t\t\t\t\t\t<img loading=\"lazy\" decoding=\"async\" width=\"1000\" height=\"483\" src=\"https:\/\/ciltug.com\/wp-content\/uploads\/2024\/05\/ciltug-always-on.jpg\" class=\"attachment-full size-full wp-image-5989\" alt=\"\" srcset=\"https:\/\/ciltug.com\/wp-content\/uploads\/2024\/05\/ciltug-always-on.jpg 1000w, https:\/\/ciltug.com\/wp-content\/uploads\/2024\/05\/ciltug-always-on-300x145.jpg 300w, https:\/\/ciltug.com\/wp-content\/uploads\/2024\/05\/ciltug-always-on-768x371.jpg 768w\" sizes=\"(max-width: 1000px) 100vw, 1000px\" \/>\t\t\t\t\t\t\t\t\t\t\t\t\t\t\t<\/div>\n\t\t\t\t<\/div>\n\t\t\t\t<div class=\"elementor-element elementor-element-b13a6c5 elementor-widget elementor-widget-energium_heading\" data-id=\"b13a6c5\" data-element_type=\"widget\" data-e-type=\"widget\" data-widget_type=\"energium_heading.default\">\n\t\t\t\t<div class=\"elementor-widget-container\">\n\t\t\t\t\t<div class=\"energium-heading-widget\"><h2 class=\"energium-heading\"><span class=\"energium-heading-icon\"><i class=\"fontello icon-title-element\"><\/i><\/span><span class=\"energium-heading-content\">This is heading element<\/span><\/h2><\/div>\t\t\t\t<\/div>\n\t\t\t\t<\/div>\n\t\t\t\t<div class=\"elementor-element elementor-element-7572989a elementor-widget__width-initial elementor-invisible elementor-widget elementor-widget-energium_quote\" data-id=\"7572989a\" data-element_type=\"widget\" data-e-type=\"widget\" data-settings=\"{&quot;_animation&quot;:&quot;fadeInLeft&quot;}\" data-widget_type=\"energium_quote.default\">\n\t\t\t\t<div class=\"elementor-widget-container\">\n\t\t\t\t\t<div class=\"quote-block\"><div class=\"quote-icon\"><\/div><div class=\"quote-text\"><p>we are ready for your service 7 days, 24 hours for maintenance and spare parts service.<\/p><\/div><div class=\"quote-author\">\u00c7iltu\u011f Maintenance and Repair Services<\/div><\/div>\t\t\t\t<\/div>\n\t\t\t\t<\/div>\n\t\t\t\t<div class=\"elementor-element elementor-element-30ca0db elementor-widget elementor-widget-energium_heading\" data-id=\"30ca0db\" data-element_type=\"widget\" data-e-type=\"widget\" data-widget_type=\"energium_heading.default\">\n\t\t\t\t<div class=\"elementor-widget-container\">\n\t\t\t\t\t<div class=\"energium-heading-widget\"><h2 class=\"energium-heading\"><span class=\"energium-heading-content\">Our Advantages<\/span><\/h2><\/div>\t\t\t\t<\/div>\n\t\t\t\t<\/div>\n\t\t\t\t<div class=\"elementor-element elementor-element-261e1df elementor-list-item-link-inline elementor-align-start elementor-icon-list--layout-traditional elementor-widget elementor-widget-icon-list\" data-id=\"261e1df\" data-element_type=\"widget\" data-e-type=\"widget\" data-widget_type=\"icon-list.default\">\n\t\t\t\t<div class=\"elementor-widget-container\">\n\t\t\t\t\t\t\t<ul class=\"elementor-icon-list-items\">\n\t\t\t\t\t\t\t<li class=\"elementor-icon-list-item\">\n\t\t\t\t\t\t\t\t\t\t\t<span class=\"elementor-icon-list-icon\">\n\t\t\t\t\t\t\t<i aria-hidden=\"true\" class=\"fontello icon-tick-square\"><\/i>\t\t\t\t\t\t<\/span>\n\t\t\t\t\t\t\t\t\t\t<span class=\"elementor-icon-list-text\">Surveillance and diagnosis<\/span>\n\t\t\t\t\t\t\t\t\t<\/li>\n\t\t\t\t\t\t\t\t<li class=\"elementor-icon-list-item\">\n\t\t\t\t\t\t\t\t\t\t\t<span class=\"elementor-icon-list-icon\">\n\t\t\t\t\t\t\t<i aria-hidden=\"true\" class=\"fontello icon-tick-square\"><\/i>\t\t\t\t\t\t<\/span>\n\t\t\t\t\t\t\t\t\t\t<span class=\"elementor-icon-list-text\">Standard maintenance works<\/span>\n\t\t\t\t\t\t\t\t\t<\/li>\n\t\t\t\t\t\t\t\t<li class=\"elementor-icon-list-item\">\n\t\t\t\t\t\t\t\t\t\t\t<span class=\"elementor-icon-list-icon\">\n\t\t\t\t\t\t\t<i aria-hidden=\"true\" class=\"fontello icon-tick-square\"><\/i>\t\t\t\t\t\t<\/span>\n\t\t\t\t\t\t\t\t\t\t<span class=\"elementor-icon-list-text\">Situation assessments<\/span>\n\t\t\t\t\t\t\t\t\t<\/li>\n\t\t\t\t\t\t\t\t<li class=\"elementor-icon-list-item\">\n\t\t\t\t\t\t\t\t\t\t\t<span class=\"elementor-icon-list-icon\">\n\t\t\t\t\t\t\t<i aria-hidden=\"true\" class=\"fontello icon-tick-square\"><\/i>\t\t\t\t\t\t<\/span>\n\t\t\t\t\t\t\t\t\t\t<span class=\"elementor-icon-list-text\">Improved safety and increased plant life<\/span>\n\t\t\t\t\t\t\t\t\t<\/li>\n\t\t\t\t\t\t\t\t<li class=\"elementor-icon-list-item\">\n\t\t\t\t\t\t\t\t\t\t\t<span class=\"elementor-icon-list-icon\">\n\t\t\t\t\t\t\t<i aria-hidden=\"true\" class=\"fontello icon-tick-square\"><\/i>\t\t\t\t\t\t<\/span>\n\t\t\t\t\t\t\t\t\t\t<span class=\"elementor-icon-list-text\">Replacement of worn parts<\/span>\n\t\t\t\t\t\t\t\t\t<\/li>\n\t\t\t\t\t\t\t\t<li class=\"elementor-icon-list-item\">\n\t\t\t\t\t\t\t\t\t\t\t<span class=\"elementor-icon-list-icon\">\n\t\t\t\t\t\t\t<i aria-hidden=\"true\" class=\"fontello icon-tick-square\"><\/i>\t\t\t\t\t\t<\/span>\n\t\t\t\t\t\t\t\t\t\t<span class=\"elementor-icon-list-text\">7 day, 24 hour on-site service of \u00c7iltu\u011f teams<\/span>\n\t\t\t\t\t\t\t\t\t<\/li>\n\t\t\t\t\t\t<\/ul>\n\t\t\t\t\t\t<\/div>\n\t\t\t\t<\/div>\n\t\t\t\t\t<\/div>\n\t\t<\/div>\n\t\t\t\t<div class=\"elementor-column elementor-col-50 elementor-top-column elementor-element elementor-element-18f788b2\" data-id=\"18f788b2\" data-element_type=\"column\" data-e-type=\"column\" data-settings=\"{&quot;background_background&quot;:&quot;classic&quot;}\">\n\t\t\t<div class=\"elementor-widget-wrap elementor-element-populated\">\n\t\t\t\t\t\t<div class=\"elementor-element elementor-element-77d40047 elementor-widget elementor-widget-energium_heading\" data-id=\"77d40047\" data-element_type=\"widget\" data-e-type=\"widget\" data-widget_type=\"energium_heading.default\">\n\t\t\t\t<div class=\"elementor-widget-container\">\n\t\t\t\t\t<div class=\"energium-heading-widget\"><h2 class=\"energium-heading\"><span class=\"energium-heading-content\">\u00c7iltu\u011f Maintenance and Repair Services<\/span><\/h2><\/div>\t\t\t\t<\/div>\n\t\t\t\t<\/div>\n\t\t\t\t<div class=\"elementor-element elementor-element-5667f26 elementor-widget elementor-widget-text-editor\" data-id=\"5667f26\" data-element_type=\"widget\" data-e-type=\"widget\" data-widget_type=\"text-editor.default\">\n\t\t\t\t<div class=\"elementor-widget-container\">\n\t\t\t\t\t\t\t\t\t<div class=\"col-12 col-lg-8\"><p>\u00c7iltu\u011f Maintenance and Repair department is at your service with more than 40 years of experience in the sector. Keeping your hydroelectric equipment operational requires constant maintenance. Obsolete machines need care to ensure a long operating life without problems.Jul. \u00c7iltu\u011f specialists can perform maintenance of all your hydroelectric equipment to extend your life and prevent unplanned outages. Jul. \u00c7iltu\u011f also offers one-time solutions for all your hydroelectric equipment with service contracts suitable for your request.<\/p><p>Our customers can benefit from the early warning system and determine a unique framework for regulating, simplifying and developing hydroelectric equipment in order to increase the value of their assets and provide risk management. Thus, the investments made to replace, repair and renew hydroelectric equipment and reduce the malfunctioning time of the equipment are significantly reduced.<\/p><p>You can choose your service contract from a scale that is flexible and tailored to your needs, starting with simple and powerful, intelligent remote solutions and extending to a complete maintenance package, including spare parts and labor, within the options. Thus, you can reach our high-quality designed components and spare parts 7 days, 24 hours with our reliable maintenance specialists.<\/p><\/div>\t\t\t\t\t\t\t\t<\/div>\n\t\t\t\t<\/div>\n\t\t\t\t\t<\/div>\n\t\t<\/div>\n\t\t\t\t\t<\/div>\n\t\t<\/section>\n\t\t\t\t<section class=\"elementor-section elementor-top-section elementor-element elementor-element-fb6d157 elementor-section-boxed elementor-section-height-default elementor-section-height-default\" data-id=\"fb6d157\" data-element_type=\"section\" data-e-type=\"section\">\n\t\t\t\t\t\t<div class=\"elementor-container elementor-column-gap-default\">\n\t\t\t\t\t<div class=\"elementor-column elementor-col-100 elementor-top-column elementor-element elementor-element-e8ec3ee\" data-id=\"e8ec3ee\" data-element_type=\"column\" data-e-type=\"column\">\n\t\t\t<div class=\"elementor-widget-wrap\">\n\t\t\t\t\t\t\t<\/div>\n\t\t<\/div>\n\t\t\t\t\t<\/div>\n\t\t<\/section>\n\t\t\t\t<\/div>","protected":false},"excerpt":{"rendered":"<p>G\u00f6zetim ve tan\u0131 Standart bak\u0131m i\u015fleri Durum de\u011ferlendirmeleri \u0130yile\u015ftirilmi\u015f g\u00fcvenlik ve tesis \u00f6mr\u00fcn\u00fcn artt\u0131r\u0131lmas\u0131 A\u015f\u0131nm\u0131\u015f par\u00e7alar\u0131n de\u011fi\u015ftirilmesi 7 g\u00fcn, 24 saat \u00c7iltu\u011f ekiplerinin tesis yerinde hizmeti \u00c7iltu\u011f Bak\u0131m ve Onar\u0131m departman\u0131 sekt\u00f6rdeki 40 y\u0131l\u0131 a\u015fk\u0131n deneyimiyle hizmetinizdedir. Hidroelektrik ekipman\u0131n\u0131z\u0131 i\u015fler halde&#8230;<\/p>","protected":false},"author":1,"featured_media":0,"parent":0,"menu_order":0,"comment_status":"closed","ping_status":"closed","template":"","meta":{"footnotes":""},"class_list":["post-6596","page","type-page","status-publish","hentry"],"_links":{"self":[{"href":"https:\/\/ciltug.com\/en\/wp-json\/wp\/v2\/pages\/6596","targetHints":{"allow":["GET"]}}],"collection":[{"href":"https:\/\/ciltug.com\/en\/wp-json\/wp\/v2\/pages"}],"about":[{"href":"https:\/\/ciltug.com\/en\/wp-json\/wp\/v2\/types\/page"}],"author":[{"embeddable":true,"href":"https:\/\/ciltug.com\/en\/wp-json\/wp\/v2\/users\/1"}],"replies":[{"embeddable":true,"href":"https:\/\/ciltug.com\/en\/wp-json\/wp\/v2\/comments?post=6596"}],"version-history":[{"count":52,"href":"https:\/\/ciltug.com\/en\/wp-json\/wp\/v2\/pages\/6596\/revisions"}],"predecessor-version":[{"id":7250,"href":"https:\/\/ciltug.com\/en\/wp-json\/wp\/v2\/pages\/6596\/revisions\/7250"}],"wp:attachment":[{"href":"https:\/\/ciltug.com\/en\/wp-json\/wp\/v2\/media?parent=6596"}],"curies":[{"name":"wp","href":"https:\/\/api.w.org\/{rel}","templated":true}]}}