{"id":6137,"date":"2024-05-05T04:03:36","date_gmt":"2024-05-05T04:03:36","guid":{"rendered":"https:\/\/ciltug.com\/?page_id=6137"},"modified":"2025-02-02T20:06:33","modified_gmt":"2025-02-02T20:06:33","slug":"sosyal-sorumluluk","status":"publish","type":"page","link":"https:\/\/ciltug.com\/en\/social-responsibility\/","title":{"rendered":"Social Responsibility"},"content":{"rendered":"<div data-elementor-type=\"wp-page\" data-elementor-id=\"6137\" class=\"elementor elementor-6137\" data-elementor-post-type=\"page\">\n\t\t\t\t\t\t<section class=\"elementor-section elementor-top-section elementor-element elementor-element-75e49684 elementor-section-boxed elementor-section-height-default elementor-section-height-default\" data-id=\"75e49684\" data-element_type=\"section\" data-e-type=\"section\">\n\t\t\t\t\t\t<div class=\"elementor-container elementor-column-gap-default\">\n\t\t\t\t\t<div class=\"elementor-column elementor-col-100 elementor-top-column elementor-element elementor-element-3d0d40e5\" data-id=\"3d0d40e5\" data-element_type=\"column\" data-e-type=\"column\">\n\t\t\t<div class=\"elementor-widget-wrap elementor-element-populated\">\n\t\t\t\t\t\t<div class=\"elementor-element elementor-element-15332069 elementor-widget elementor-widget-heading\" data-id=\"15332069\" data-element_type=\"widget\" data-e-type=\"widget\" data-widget_type=\"heading.default\">\n\t\t\t\t<div class=\"elementor-widget-container\">\n\t\t\t\t\t<h3 class=\"elementor-heading-title elementor-size-default\">Standards and quality are at the forefront in our products, processes and services.\n<\/h3>\t\t\t\t<\/div>\n\t\t\t\t<\/div>\n\t\t\t\t<div class=\"elementor-element elementor-element-32f48966 elementor-widget elementor-widget-energium_quote\" data-id=\"32f48966\" data-element_type=\"widget\" data-e-type=\"widget\" data-widget_type=\"energium_quote.default\">\n\t\t\t\t<div class=\"elementor-widget-container\">\n\t\t\t\t\t<div class=\"quote-block\"><div class=\"quote-icon\"><\/div><div class=\"quote-text\"><p>Production and assembly processes in our factories located in Gaziantep 1st Organized Industrial Zone are carried out by our experienced technical staff in accordance with the quality principles of international standards and ISO-9001:2015 Quality Management System standards.<\/p><\/div><\/div>\t\t\t\t<\/div>\n\t\t\t\t<\/div>\n\t\t\t\t<div class=\"elementor-element elementor-element-41782e3 elementor-widget elementor-widget-text-editor\" data-id=\"41782e3\" data-element_type=\"widget\" data-e-type=\"widget\" data-widget_type=\"text-editor.default\">\n\t\t\t\t<div class=\"elementor-widget-container\">\n\t\t\t\t\t\t\t\t\t<h5><strong>OUR INTEGRATED MANAGEMENT SYSTEM POLICY<\/strong><\/h5><p><strong>Taking into account the needs and expectations of all stakeholders of our institution;<\/strong><\/p><ul><li>To be customer-oriented and to ensure continuity in meeting their expectations and to handle customer complaints effectively,<\/li><li>To provide fast, accessible, low-cost services,<\/li><li>To comply with the requirements of the integrated management system,<\/li><li>To ensure the continuous development and improvement of the management system and to integrate them with a transparent management approach,<\/li><li>Developing systems to ensure occupational health and safety in our activities and to prevent occupational accidents,<\/li><li>To be respectful to people and the environment by focusing on protecting our natural environment,<\/li><li>Reducing waste, increasing recycling rate, reducing the use of natural resources,<\/li><li>To use energy efficiently, to increase the share of renewable energy sources in energy use,<\/li><li>To ensure the security of information and to organize activities within this scope,<\/li><li>To increase cooperation with neighboring facilities, competent authorities and local governments on Health-Safety-Environment issues,<\/li><li>To be structured in a way that can intervene in emergencies,<\/li><li>To follow technological developments, to carry out design and development studies in our products \/ processes,<\/li><li>To ensure the participation of our internal stakeholders in our practices,<\/li><li>To be transparent to our external stakeholders in our practices,<\/li><li>Identifying, evaluating, monitoring and taking actions when necessary, within the scope of corporate risk management approach, of risk factors and opportunities that may affect the achievement of company targets,<\/li><li>Eliminating threats and dangers by minimizing or eliminating Occupational Health and Safety risks,<\/li><li>To follow the legal regulations and conditions on Occupational Health and Safety, Environment and Quality,<\/li><\/ul><p>We are committed to implementing and continuously improving the requirements of ISO 9001, ISO 14001, ISO 45001 standards with the participation of all our employees by increasing awareness among our employees.<\/p>\t\t\t\t\t\t\t\t<\/div>\n\t\t\t\t<\/div>\n\t\t\t\t\t<\/div>\n\t\t<\/div>\n\t\t\t\t\t<\/div>\n\t\t<\/section>\n\t\t\t\t<section class=\"elementor-section elementor-top-section elementor-element elementor-element-a62a9a3 elementor-section-boxed elementor-section-height-default elementor-section-height-default\" data-id=\"a62a9a3\" data-element_type=\"section\" data-e-type=\"section\">\n\t\t\t\t\t\t<div class=\"elementor-container elementor-column-gap-default\">\n\t\t\t\t\t<div class=\"elementor-column elementor-col-100 elementor-top-column elementor-element elementor-element-77ca4cb\" data-id=\"77ca4cb\" data-element_type=\"column\" data-e-type=\"column\">\n\t\t\t<div class=\"elementor-widget-wrap elementor-element-populated\">\n\t\t\t\t\t\t<div class=\"elementor-element elementor-element-424f1a43 elementor-widget elementor-widget-energium_heading\" data-id=\"424f1a43\" data-element_type=\"widget\" data-e-type=\"widget\" data-widget_type=\"energium_heading.default\">\n\t\t\t\t<div class=\"elementor-widget-container\">\n\t\t\t\t\t<div class=\"energium-heading-widget\"><h2 class=\"energium-heading\"><span class=\"energium-heading-content\">\u00dcmm\u00fc Tu\u011fsuz Kindergarten \/ Tu\u011fsuz Ali A\u011fa Elementary School\u00a0<\/span><\/h2><\/div>\t\t\t\t<\/div>\n\t\t\t\t<\/div>\n\t\t\t\t<div class=\"elementor-element elementor-element-b7fe558 elementor-arrows-position-inside elementor-widget elementor-widget-image-carousel\" data-id=\"b7fe558\" data-element_type=\"widget\" data-e-type=\"widget\" data-settings=\"{&quot;slides_to_show&quot;:&quot;2&quot;,&quot;autoplay_speed&quot;:1000,&quot;navigation&quot;:&quot;both&quot;,&quot;autoplay&quot;:&quot;yes&quot;,&quot;pause_on_hover&quot;:&quot;yes&quot;,&quot;pause_on_interaction&quot;:&quot;yes&quot;,&quot;infinite&quot;:&quot;yes&quot;,&quot;speed&quot;:500,&quot;image_spacing_custom_widescreen&quot;:{&quot;unit&quot;:&quot;px&quot;,&quot;size&quot;:&quot;&quot;,&quot;sizes&quot;:[]},&quot;image_spacing_custom_laptop&quot;:{&quot;unit&quot;:&quot;px&quot;,&quot;size&quot;:&quot;&quot;,&quot;sizes&quot;:[]},&quot;image_spacing_custom_tablet_extra&quot;:{&quot;unit&quot;:&quot;px&quot;,&quot;size&quot;:&quot;&quot;,&quot;sizes&quot;:[]},&quot;image_spacing_custom_tablet&quot;:{&quot;unit&quot;:&quot;px&quot;,&quot;size&quot;:&quot;&quot;,&quot;sizes&quot;:[]},&quot;image_spacing_custom_mobile_extra&quot;:{&quot;unit&quot;:&quot;px&quot;,&quot;size&quot;:&quot;&quot;,&quot;sizes&quot;:[]},&quot;image_spacing_custom_mobile&quot;:{&quot;unit&quot;:&quot;px&quot;,&quot;size&quot;:&quot;&quot;,&quot;sizes&quot;:[]},&quot;image_spacing_custom&quot;:{&quot;unit&quot;:&quot;px&quot;,&quot;size&quot;:20,&quot;sizes&quot;:[]}}\" data-widget_type=\"image-carousel.default\">\n\t\t\t\t<div class=\"elementor-widget-container\">\n\t\t\t\t\t\t\t<div class=\"elementor-image-carousel-wrapper swiper\" role=\"region\" aria-roledescription=\"carousel\" aria-label=\"Image Carousel\" dir=\"ltr\">\n\t\t\t<div class=\"elementor-image-carousel swiper-wrapper swiper-image-stretch\" aria-live=\"off\">\n\t\t\t\t\t\t\t\t<div class=\"swiper-slide\" role=\"group\" aria-roledescription=\"slide\" aria-label=\"1 of 10\" data-no-translation-aria-label=\"\"><figure class=\"swiper-slide-inner\"><img decoding=\"async\" class=\"swiper-slide-image\" src=\"https:\/\/ciltug.com\/wp-content\/uploads\/2024\/05\/sosyal-sorumluluk10.jpeg\" alt=\"sosyal sorumluluk10\" \/><\/figure><\/div><div class=\"swiper-slide\" role=\"group\" aria-roledescription=\"slide\" aria-label=\"2 of 10\" data-no-translation-aria-label=\"\"><figure class=\"swiper-slide-inner\"><img decoding=\"async\" class=\"swiper-slide-image\" src=\"https:\/\/ciltug.com\/wp-content\/uploads\/2024\/05\/sosyal-sorumluluk11.jpeg\" alt=\"sosyal sorumluluk11\" \/><\/figure><\/div><div class=\"swiper-slide\" role=\"group\" aria-roledescription=\"slide\" aria-label=\"3 of 10\" data-no-translation-aria-label=\"\"><figure class=\"swiper-slide-inner\"><img decoding=\"async\" class=\"swiper-slide-image\" src=\"https:\/\/ciltug.com\/wp-content\/uploads\/2024\/05\/sosyal-sorumluluk.jpeg\" alt=\"sosyal sorumluluk\" \/><\/figure><\/div><div class=\"swiper-slide\" role=\"group\" aria-roledescription=\"slide\" aria-label=\"4 of 10\" data-no-translation-aria-label=\"\"><figure class=\"swiper-slide-inner\"><img decoding=\"async\" class=\"swiper-slide-image\" src=\"https:\/\/ciltug.com\/wp-content\/uploads\/2024\/05\/sosyal-sorumluluk9.jpeg\" alt=\"sosyal sorumluluk9\" \/><\/figure><\/div><div class=\"swiper-slide\" role=\"group\" aria-roledescription=\"slide\" aria-label=\"5 of 10\" data-no-translation-aria-label=\"\"><figure class=\"swiper-slide-inner\"><img decoding=\"async\" class=\"swiper-slide-image\" src=\"https:\/\/ciltug.com\/wp-content\/uploads\/2024\/05\/sosyal-sorumluluk8.jpeg\" alt=\"sosyal sorumluluk8\" \/><\/figure><\/div><div class=\"swiper-slide\" role=\"group\" aria-roledescription=\"slide\" aria-label=\"6 of 10\" data-no-translation-aria-label=\"\"><figure class=\"swiper-slide-inner\"><img decoding=\"async\" class=\"swiper-slide-image\" src=\"https:\/\/ciltug.com\/wp-content\/uploads\/2024\/05\/sosyal-sorumluluk7.jpeg\" alt=\"sosyal sorumluluk7\" \/><\/figure><\/div><div class=\"swiper-slide\" role=\"group\" aria-roledescription=\"slide\" aria-label=\"7 of 10\" data-no-translation-aria-label=\"\"><figure class=\"swiper-slide-inner\"><img decoding=\"async\" class=\"swiper-slide-image\" src=\"https:\/\/ciltug.com\/wp-content\/uploads\/2024\/05\/sosyal-sorumluluk6.jpeg\" alt=\"sosyal sorumluluk6\" \/><\/figure><\/div><div class=\"swiper-slide\" role=\"group\" aria-roledescription=\"slide\" aria-label=\"8 of 10\" data-no-translation-aria-label=\"\"><figure class=\"swiper-slide-inner\"><img decoding=\"async\" class=\"swiper-slide-image\" src=\"https:\/\/ciltug.com\/wp-content\/uploads\/2024\/05\/sosyal-sorumluluk5.jpeg\" alt=\"sosyal sorumluluk5\" \/><\/figure><\/div><div class=\"swiper-slide\" role=\"group\" aria-roledescription=\"slide\" aria-label=\"9 of 10\" data-no-translation-aria-label=\"\"><figure class=\"swiper-slide-inner\"><img decoding=\"async\" class=\"swiper-slide-image\" src=\"https:\/\/ciltug.com\/wp-content\/uploads\/2024\/05\/sosyal-sorumluluk4.jpeg\" alt=\"sosyal sorumluluk4\" \/><\/figure><\/div><div class=\"swiper-slide\" role=\"group\" aria-roledescription=\"slide\" aria-label=\"10 of 10\" data-no-translation-aria-label=\"\"><figure class=\"swiper-slide-inner\"><img decoding=\"async\" class=\"swiper-slide-image\" src=\"https:\/\/ciltug.com\/wp-content\/uploads\/2024\/05\/sosyal-sorumluluk3.jpeg\" alt=\"sosyal sorumluluk3\" \/><\/figure><\/div>\t\t\t<\/div>\n\t\t\t\t\t\t\t\t\t\t\t\t<div class=\"elementor-swiper-button elementor-swiper-button-prev\" role=\"button\" tabindex=\"0\">\n\t\t\t\t\t\t<i aria-hidden=\"true\" class=\"eicon-chevron-left\"><\/i>\t\t\t\t\t<\/div>\n\t\t\t\t\t<div class=\"elementor-swiper-button elementor-swiper-button-next\" role=\"button\" tabindex=\"0\">\n\t\t\t\t\t\t<i aria-hidden=\"true\" class=\"eicon-chevron-right\"><\/i>\t\t\t\t\t<\/div>\n\t\t\t\t\n\t\t\t\t\t\t\t\t\t<div class=\"swiper-pagination\"><\/div>\n\t\t\t\t\t\t\t\t\t<\/div>\n\t\t\t\t\t\t<\/div>\n\t\t\t\t<\/div>\n\t\t\t\t\t<\/div>\n\t\t<\/div>\n\t\t\t\t\t<\/div>\n\t\t<\/section>\n\t\t\t\t<section class=\"elementor-section elementor-top-section elementor-element elementor-element-6c5a9ad1 elementor-section-stretched elementor-section-content-top elementor-section-boxed elementor-section-height-default elementor-section-height-default\" data-id=\"6c5a9ad1\" data-element_type=\"section\" data-e-type=\"section\" data-settings=\"{&quot;stretch_section&quot;:&quot;section-stretched&quot;,&quot;background_background&quot;:&quot;classic&quot;}\">\n\t\t\t\t\t\t<div class=\"elementor-container elementor-column-gap-extended\">\n\t\t\t\t\t<div class=\"elementor-column elementor-col-100 elementor-top-column elementor-element elementor-element-704bea08\" data-id=\"704bea08\" data-element_type=\"column\" data-e-type=\"column\">\n\t\t\t<div class=\"elementor-widget-wrap\">\n\t\t\t\t\t\t\t<\/div>\n\t\t<\/div>\n\t\t\t\t\t<\/div>\n\t\t<\/section>\n\t\t\t\t<\/div>","protected":false},"excerpt":{"rendered":"<p>\u00dcr\u00fcnlerimiz, i\u015flemlerimiz ve hizmetlerimizde \u00f6nce standartlar ve kalite en \u00f6nde yer almaktad\u0131r. ENTEGRE Y\u00d6NET\u0130M S\u0130STEM\u0130 POL\u0130T\u0130KAMIZ Kurumumuzun t\u00fcm payda\u015flar\u0131n\u0131n ihtiya\u00e7 ve beklentilerini dikkate alarak; M\u00fc\u015fteri odakl\u0131 olup beklentilerini kar\u015f\u0131lamada s\u00fcreklili\u011fi sa\u011flamak ve m\u00fc\u015fteri \u015fik\u00e2yetlerini etkin olarak ele almak, H\u0131zl\u0131, eri\u015filebilir, d\u00fc\u015f\u00fck&#8230;<\/p>","protected":false},"author":1,"featured_media":0,"parent":0,"menu_order":0,"comment_status":"closed","ping_status":"closed","template":"","meta":{"footnotes":""},"class_list":["post-6137","page","type-page","status-publish","hentry"],"_links":{"self":[{"href":"https:\/\/ciltug.com\/en\/wp-json\/wp\/v2\/pages\/6137","targetHints":{"allow":["GET"]}}],"collection":[{"href":"https:\/\/ciltug.com\/en\/wp-json\/wp\/v2\/pages"}],"about":[{"href":"https:\/\/ciltug.com\/en\/wp-json\/wp\/v2\/types\/page"}],"author":[{"embeddable":true,"href":"https:\/\/ciltug.com\/en\/wp-json\/wp\/v2\/users\/1"}],"replies":[{"embeddable":true,"href":"https:\/\/ciltug.com\/en\/wp-json\/wp\/v2\/comments?post=6137"}],"version-history":[{"count":25,"href":"https:\/\/ciltug.com\/en\/wp-json\/wp\/v2\/pages\/6137\/revisions"}],"predecessor-version":[{"id":7229,"href":"https:\/\/ciltug.com\/en\/wp-json\/wp\/v2\/pages\/6137\/revisions\/7229"}],"wp:attachment":[{"href":"https:\/\/ciltug.com\/en\/wp-json\/wp\/v2\/media?parent=6137"}],"curies":[{"name":"wp","href":"https:\/\/api.w.org\/{rel}","templated":true}]}}