{"id":6045,"date":"2024-05-05T02:48:15","date_gmt":"2024-05-05T02:48:15","guid":{"rendered":"https:\/\/ciltug.com\/?page_id=6045"},"modified":"2025-02-02T20:06:11","modified_gmt":"2025-02-02T20:06:11","slug":"uretim-kapasitemiz-2","status":"publish","type":"page","link":"https:\/\/ciltug.com\/en\/our-production-capacity\/","title":{"rendered":"Our Production Capacity"},"content":{"rendered":"<div data-elementor-type=\"wp-page\" data-elementor-id=\"6045\" class=\"elementor elementor-6045\" data-elementor-post-type=\"page\">\n\t\t\t\t\t\t<section class=\"elementor-section elementor-top-section elementor-element elementor-element-6c5a9ad1 elementor-section-stretched elementor-section-content-top elementor-section-boxed elementor-section-height-default elementor-section-height-default\" data-id=\"6c5a9ad1\" data-element_type=\"section\" data-e-type=\"section\" data-settings=\"{&quot;stretch_section&quot;:&quot;section-stretched&quot;,&quot;background_background&quot;:&quot;classic&quot;}\">\n\t\t\t\t\t\t<div class=\"elementor-container elementor-column-gap-extended\">\n\t\t\t\t\t<div class=\"elementor-column elementor-col-50 elementor-top-column elementor-element elementor-element-704bea08\" data-id=\"704bea08\" data-element_type=\"column\" data-e-type=\"column\">\n\t\t\t<div class=\"elementor-widget-wrap elementor-element-populated\">\n\t\t\t\t\t\t<div class=\"elementor-element elementor-element-1308fe02 elementor-absolute elementor-widget elementor-widget-image\" data-id=\"1308fe02\" data-element_type=\"widget\" data-e-type=\"widget\" data-settings=\"{&quot;_position&quot;:&quot;absolute&quot;}\" data-widget_type=\"image.default\">\n\t\t\t\t<div class=\"elementor-widget-container\">\n\t\t\t\t\t\t\t\t\t\t\t\t\t\t\t<img fetchpriority=\"high\" decoding=\"async\" width=\"586\" height=\"630\" src=\"https:\/\/ciltug.com\/wp-content\/uploads\/2022\/01\/home1-bg5.png\" class=\"attachment-full size-full wp-image-655\" alt=\"\" srcset=\"https:\/\/ciltug.com\/wp-content\/uploads\/2022\/01\/home1-bg5.png 586w, https:\/\/ciltug.com\/wp-content\/uploads\/2022\/01\/home1-bg5-470x505.png 470w, https:\/\/ciltug.com\/wp-content\/uploads\/2022\/01\/home1-bg5-279x300.png 279w\" sizes=\"(max-width: 586px) 100vw, 586px\" \/>\t\t\t\t\t\t\t\t\t\t\t\t\t\t\t<\/div>\n\t\t\t\t<\/div>\n\t\t\t\t<div class=\"elementor-element elementor-element-424f1a43 elementor-widget elementor-widget-energium_heading\" data-id=\"424f1a43\" data-element_type=\"widget\" data-e-type=\"widget\" data-widget_type=\"energium_heading.default\">\n\t\t\t\t<div class=\"elementor-widget-container\">\n\t\t\t\t\t<div class=\"energium-heading-widget\"><h2 class=\"energium-heading\"><span class=\"energium-heading-content\">Our Production Capacity<\/span><\/h2><\/div>\t\t\t\t<\/div>\n\t\t\t\t<\/div>\n\t\t\t\t<div class=\"elementor-element elementor-element-6ce6e4c8 elementor-widget elementor-widget-toggle\" data-id=\"6ce6e4c8\" data-element_type=\"widget\" data-e-type=\"widget\" data-widget_type=\"toggle.default\">\n\t\t\t\t<div class=\"elementor-widget-container\">\n\t\t\t\t\t\t\t<div class=\"elementor-toggle\">\n\t\t\t\t\t\t\t<div class=\"elementor-toggle-item\">\n\t\t\t\t\t<div id=\"elementor-tab-title-1821\" class=\"elementor-tab-title\" data-tab=\"1\" role=\"button\" aria-controls=\"elementor-tab-content-1821\" aria-expanded=\"false\">\n\t\t\t\t\t\t\t\t\t\t\t\t<span class=\"elementor-toggle-icon elementor-toggle-icon-right\" aria-hidden=\"true\">\n\t\t\t\t\t\t\t\t\t\t\t\t\t\t\t<span class=\"elementor-toggle-icon-closed\"><i class=\"fontello icon-plus\"><\/i><\/span>\n\t\t\t\t\t\t\t\t<span class=\"elementor-toggle-icon-opened\"><i class=\"elementor-toggle-icon-opened fontello icon-minus\"><\/i><\/span>\n\t\t\t\t\t\t\t\t\t\t\t\t\t<\/span>\n\t\t\t\t\t\t\t\t\t\t\t\t<a class=\"elementor-toggle-title\" tabindex=\"0\">FOR HYDRO-ELECTRIC POWER PLANTS (Production and Installation Works):<\/a>\n\t\t\t\t\t<\/div>\n\n\t\t\t\t\t<div id=\"elementor-tab-content-1821\" class=\"elementor-tab-content elementor-clearfix\" data-tab=\"1\" role=\"region\" aria-labelledby=\"elementor-tab-title-1821\"><ul><li>Turbine housing and pit liners for Francis, Kaplan and Pelton Turbines,<\/li><li>Distributors, collectors and manifolds for Pelton Turbines,<\/li><li>Stator frames, rotor spiders, upper &amp; lower brackets for generators,<\/li><li>Bifurcations, trifurcations and multiple branch-pipes for power lines,<\/li><li>Dipsavak t\u00fcneli s\u00fcrg\u00fcl\u00fc vanalar\u0131, h\u0131zl\u0131 ak\u0131\u015f vanalar\u0131,<\/li><li>Butterfly valves with counterweights and conical valves, Howell Bunger valves,<\/li><li>Salyangoz ve h\u0131z ringleri, emme t\u00fcp\u00fc, dirsek ve koniler,<\/li><li>Head Covers, bottom rings, gate operating rings and regulating rings for wicket gates for turbines,<\/li><li>Santraller i\u00e7in gezer k\u00f6pru\u0308lu\u0308 tavan vin\u00e7leri ve portal vin\u00e7ler<\/li><li>Hidrolik kald\u0131rma tertibatl\u0131 kanatl\u0131 dolusavak radyal kapaklar\u0131 ve batardo kapaklar\u0131,<\/li><li>Power intake fixed wheel gates, trashracks and trashrack cleaning machines,<\/li><li>Penstocks (high pressurized pipes), expansion and flexible joints for transmission and power lines,<\/li><\/ul><\/div>\n\t\t\t\t<\/div>\n\t\t\t\t\t\t\t<div class=\"elementor-toggle-item\">\n\t\t\t\t\t<div id=\"elementor-tab-title-1822\" class=\"elementor-tab-title\" data-tab=\"2\" role=\"button\" aria-controls=\"elementor-tab-content-1822\" aria-expanded=\"false\">\n\t\t\t\t\t\t\t\t\t\t\t\t<span class=\"elementor-toggle-icon elementor-toggle-icon-right\" aria-hidden=\"true\">\n\t\t\t\t\t\t\t\t\t\t\t\t\t\t\t<span class=\"elementor-toggle-icon-closed\"><i class=\"fontello icon-plus\"><\/i><\/span>\n\t\t\t\t\t\t\t\t<span class=\"elementor-toggle-icon-opened\"><i class=\"elementor-toggle-icon-opened fontello icon-minus\"><\/i><\/span>\n\t\t\t\t\t\t\t\t\t\t\t\t\t<\/span>\n\t\t\t\t\t\t\t\t\t\t\t\t<a class=\"elementor-toggle-title\" tabindex=\"0\">MANUFACTURING PROGRESS STANDARDS FOR:<\/a>\n\t\t\t\t\t<\/div>\n\n\t\t\t\t\t<div id=\"elementor-tab-content-1822\" class=\"elementor-tab-content elementor-clearfix\" data-tab=\"2\" role=\"region\" aria-labelledby=\"elementor-tab-title-1822\"><ul><li>Certifications for welders as per ASME SEC. IX<\/li><li>PQR as per EN ISO 15614<\/li><li>ASME SEC. IX uyar\u0131nca WPS<\/li><li>WPS as per EN ISO 15609<\/li><li>Certifications for welders as per EN ISO 9606-1<\/li><li>Certifications for welders as per ASME SEC. IX<\/li><li>Certifications for welders as per AWS D1.1<\/li><li>Certifications for NDE inspectors as per EN ISO 9712<\/li><li>Certifications for NDE inspectors as per SNT-TC-1A<\/li><\/ul><\/div>\n\t\t\t\t<\/div>\n\t\t\t\t\t\t\t<div class=\"elementor-toggle-item\">\n\t\t\t\t\t<div id=\"elementor-tab-title-1823\" class=\"elementor-tab-title\" data-tab=\"3\" role=\"button\" aria-controls=\"elementor-tab-content-1823\" aria-expanded=\"false\">\n\t\t\t\t\t\t\t\t\t\t\t\t<span class=\"elementor-toggle-icon elementor-toggle-icon-right\" aria-hidden=\"true\">\n\t\t\t\t\t\t\t\t\t\t\t\t\t\t\t<span class=\"elementor-toggle-icon-closed\"><i class=\"fontello icon-plus\"><\/i><\/span>\n\t\t\t\t\t\t\t\t<span class=\"elementor-toggle-icon-opened\"><i class=\"elementor-toggle-icon-opened fontello icon-minus\"><\/i><\/span>\n\t\t\t\t\t\t\t\t\t\t\t\t\t<\/span>\n\t\t\t\t\t\t\t\t\t\t\t\t<a class=\"elementor-toggle-title\" tabindex=\"0\">WORKSHOP FACILITIES:<\/a>\n\t\t\t\t\t<\/div>\n\n\t\t\t\t\t<div id=\"elementor-tab-content-1823\" class=\"elementor-tab-content elementor-clearfix\" data-tab=\"3\" role=\"region\" aria-labelledby=\"elementor-tab-title-1823\"><ul><li>CUTTING; thickness: 300mm x width:3800mm x length: 22,000mm.<\/li><li>BENDING; thickness: 115mm x width:3050mm.<\/li><li>WELDING; thickness: 300mm.<\/li><li>MACHINING; workpiece up to:250ton, Dia:12,500mm, Height:6000mm. with 5-Axis CNC Mach.<\/li><li>HEAT TREATMENT; upto 1000 0C workpiece upto w:7Mt, L: 8mt, H: 5mt. for the furnace,<\/li><li>PORTABLE HEAT TREATMENT; upto 1000 0C for all workpieces,<\/li><li>PAINTING; workpieces are painted in a PLC Controlled cabin, width: 10mt length: 30,5mt high: 6,5mt,<\/li><li>METALIZING; Thickness up to 1000mic. Zinc Coating 40kg\/hour. Aliminium 12kg\/hour.<\/li><\/ul><\/div>\n\t\t\t\t<\/div>\n\t\t\t\t\t\t\t<div class=\"elementor-toggle-item\">\n\t\t\t\t\t<div id=\"elementor-tab-title-1824\" class=\"elementor-tab-title\" data-tab=\"4\" role=\"button\" aria-controls=\"elementor-tab-content-1824\" aria-expanded=\"false\">\n\t\t\t\t\t\t\t\t\t\t\t\t<span class=\"elementor-toggle-icon elementor-toggle-icon-right\" aria-hidden=\"true\">\n\t\t\t\t\t\t\t\t\t\t\t\t\t\t\t<span class=\"elementor-toggle-icon-closed\"><i class=\"fontello icon-plus\"><\/i><\/span>\n\t\t\t\t\t\t\t\t<span class=\"elementor-toggle-icon-opened\"><i class=\"elementor-toggle-icon-opened fontello icon-minus\"><\/i><\/span>\n\t\t\t\t\t\t\t\t\t\t\t\t\t<\/span>\n\t\t\t\t\t\t\t\t\t\t\t\t<a class=\"elementor-toggle-title\" tabindex=\"0\">FOR WIND POWER PLANTS;<\/a>\n\t\t\t\t\t<\/div>\n\n\t\t\t\t\t<div id=\"elementor-tab-content-1824\" class=\"elementor-tab-content elementor-clearfix\" data-tab=\"4\" role=\"region\" aria-labelledby=\"elementor-tab-title-1824\"><ul><li>Steel wind towers<\/li><li>Rotor houses,<\/li><li>Stator structures &amp; base frames,<\/li><li>Generator Brake discs &amp; Stator plates,<\/li><li>Turbine transportation frames,<\/li><li>Anchor cages c\/w flanges and foundation rings,<\/li><li>Turbine Blade hubs,<\/li><li>Mechanical kit sets.<\/li><\/ul><\/div>\n\t\t\t\t<\/div>\n\t\t\t\t\t\t\t<div class=\"elementor-toggle-item\">\n\t\t\t\t\t<div id=\"elementor-tab-title-1825\" class=\"elementor-tab-title\" data-tab=\"5\" role=\"button\" aria-controls=\"elementor-tab-content-1825\" aria-expanded=\"false\">\n\t\t\t\t\t\t\t\t\t\t\t\t<span class=\"elementor-toggle-icon elementor-toggle-icon-right\" aria-hidden=\"true\">\n\t\t\t\t\t\t\t\t\t\t\t\t\t\t\t<span class=\"elementor-toggle-icon-closed\"><i class=\"fontello icon-plus\"><\/i><\/span>\n\t\t\t\t\t\t\t\t<span class=\"elementor-toggle-icon-opened\"><i class=\"elementor-toggle-icon-opened fontello icon-minus\"><\/i><\/span>\n\t\t\t\t\t\t\t\t\t\t\t\t\t<\/span>\n\t\t\t\t\t\t\t\t\t\t\t\t<a class=\"elementor-toggle-title\" tabindex=\"0\">FOR THERMAL POWER PLANTS WITH HEAVY-DUTY SIMPLE AND COMBINED CYCLE GAS TURBINES;<\/a>\n\t\t\t\t\t<\/div>\n\n\t\t\t\t\t<div id=\"elementor-tab-content-1825\" class=\"elementor-tab-content elementor-clearfix\" data-tab=\"5\" role=\"region\" aria-labelledby=\"elementor-tab-title-1825\"><ul><li>Turbine Housing and frames for Thermal and Gas Turbines, Steel welded constructions,<\/li><li>Pressurized vessels, steam boilers and boiler anchorages and boiler platforms,<\/li><li>Petroleum storage and process tanks.<\/li><li>\u00a0<\/li><\/ul><\/div>\n\t\t\t\t<\/div>\n\t\t\t\t\t\t\t<div class=\"elementor-toggle-item\">\n\t\t\t\t\t<div id=\"elementor-tab-title-1826\" class=\"elementor-tab-title\" data-tab=\"6\" role=\"button\" aria-controls=\"elementor-tab-content-1826\" aria-expanded=\"false\">\n\t\t\t\t\t\t\t\t\t\t\t\t<span class=\"elementor-toggle-icon elementor-toggle-icon-right\" aria-hidden=\"true\">\n\t\t\t\t\t\t\t\t\t\t\t\t\t\t\t<span class=\"elementor-toggle-icon-closed\"><i class=\"fontello icon-plus\"><\/i><\/span>\n\t\t\t\t\t\t\t\t<span class=\"elementor-toggle-icon-opened\"><i class=\"elementor-toggle-icon-opened fontello icon-minus\"><\/i><\/span>\n\t\t\t\t\t\t\t\t\t\t\t\t\t<\/span>\n\t\t\t\t\t\t\t\t\t\t\t\t<a class=\"elementor-toggle-title\" tabindex=\"0\">FOR CEMENT FACTORIES;<\/a>\n\t\t\t\t\t<\/div>\n\n\t\t\t\t\t<div id=\"elementor-tab-content-1826\" class=\"elementor-tab-content elementor-clearfix\" data-tab=\"6\" role=\"region\" aria-labelledby=\"elementor-tab-title-1826\"><ul><li>Cylindrical Links and shells for Kiln,<\/li><li>Silo, hopper and cyclones,<\/li><li>Conveyor Lines.<\/li><\/ul><\/div>\n\t\t\t\t<\/div>\n\t\t\t\t\t\t\t\t<\/div>\n\t\t\t\t\t\t<\/div>\n\t\t\t\t<\/div>\n\t\t\t\t<div class=\"elementor-element elementor-element-c900db5 elementor-widget elementor-widget-energium_file\" data-id=\"c900db5\" data-element_type=\"widget\" data-e-type=\"widget\" data-widget_type=\"energium_file.default\">\n\t\t\t\t<div class=\"elementor-widget-container\">\n\t\t\t\t\t<a class=\"energium-file-widget\" href=\"https:\/\/ciltug.com\/en\/pdf\/Ciltug-Catalogue-2020-06.pdf\/\"><span class=\"file-item file-item-compact\"><span class=\"file-item-icon\"><i class=\"fas fa-file-download\"><\/i><\/span><span class=\"file-item-content\"><span class=\"file-item-title\">Corporate PDF Catalogue<\/span><\/span><i class=\"file-item-download-item fontello icon-download\"><\/i><\/span><\/a>\t\t\t\t<\/div>\n\t\t\t\t<\/div>\n\t\t\t\t\t<\/div>\n\t\t<\/div>\n\t\t\t\t<div class=\"elementor-column elementor-col-50 elementor-top-column elementor-element elementor-element-511b5933\" data-id=\"511b5933\" data-element_type=\"column\" data-e-type=\"column\">\n\t\t\t<div class=\"elementor-widget-wrap elementor-element-populated\">\n\t\t\t\t\t\t<div class=\"elementor-element elementor-element-1eb3aafe elementor-widget elementor-widget-image\" data-id=\"1eb3aafe\" data-element_type=\"widget\" data-e-type=\"widget\" data-widget_type=\"image.default\">\n\t\t\t\t<div class=\"elementor-widget-container\">\n\t\t\t\t\t\t\t\t\t\t\t\t\t\t\t<img decoding=\"async\" width=\"632\" height=\"783\" src=\"https:\/\/ciltug.com\/wp-content\/uploads\/2022\/02\/home4-pic1.jpg\" class=\"attachment-full size-full wp-image-4096\" alt=\"\" srcset=\"https:\/\/ciltug.com\/wp-content\/uploads\/2022\/02\/home4-pic1.jpg 632w, https:\/\/ciltug.com\/wp-content\/uploads\/2022\/02\/home4-pic1-470x582.jpg 470w, https:\/\/ciltug.com\/wp-content\/uploads\/2022\/02\/home4-pic1-242x300.jpg 242w\" sizes=\"(max-width: 632px) 100vw, 632px\" \/>\t\t\t\t\t\t\t\t\t\t\t\t\t\t\t<\/div>\n\t\t\t\t<\/div>\n\t\t\t\t\t<\/div>\n\t\t<\/div>\n\t\t\t\t\t<\/div>\n\t\t<\/section>\n\t\t\t\t<\/div>","protected":false},"excerpt":{"rendered":"<p>H\u0130DRO-ELEKTR\u0130K SANTRALLER\u0130 \u0130\u00c7\u0130N (\u00dcretim ve Montaj \u0130\u015fleri): T\u00fcrbin yuvas\u0131 kaplamalar\u0131 ve Francis, Kaplan ve Pelton T\u00fcrbinleri i\u00e7in g\u00f6m\u00fcl\u00fc \u00e7elik kaplamalar Pelton T\u00fcrbinleri i\u00e7in distrib\u00fct\u00f6rler, kolekt\u00f6rler ve da\u011f\u0131t\u0131m borular\u0131 Stat\u00f6r karkaslar\u0131, rotor \u00f6r\u00fcmcekleri, jenerat\u00f6rler i\u00e7in \u00fcst ve alt k\u0131zaklar \u0130kili, \u00fc\u00e7l\u00fc ve&#8230;<\/p>","protected":false},"author":1,"featured_media":0,"parent":0,"menu_order":0,"comment_status":"closed","ping_status":"closed","template":"","meta":{"footnotes":""},"class_list":["post-6045","page","type-page","status-publish","hentry"],"_links":{"self":[{"href":"https:\/\/ciltug.com\/en\/wp-json\/wp\/v2\/pages\/6045","targetHints":{"allow":["GET"]}}],"collection":[{"href":"https:\/\/ciltug.com\/en\/wp-json\/wp\/v2\/pages"}],"about":[{"href":"https:\/\/ciltug.com\/en\/wp-json\/wp\/v2\/types\/page"}],"author":[{"embeddable":true,"href":"https:\/\/ciltug.com\/en\/wp-json\/wp\/v2\/users\/1"}],"replies":[{"embeddable":true,"href":"https:\/\/ciltug.com\/en\/wp-json\/wp\/v2\/comments?post=6045"}],"version-history":[{"count":17,"href":"https:\/\/ciltug.com\/en\/wp-json\/wp\/v2\/pages\/6045\/revisions"}],"predecessor-version":[{"id":7226,"href":"https:\/\/ciltug.com\/en\/wp-json\/wp\/v2\/pages\/6045\/revisions\/7226"}],"wp:attachment":[{"href":"https:\/\/ciltug.com\/en\/wp-json\/wp\/v2\/media?parent=6045"}],"curies":[{"name":"wp","href":"https:\/\/api.w.org\/{rel}","templated":true}]}}