{"id":5869,"date":"2024-05-04T14:51:56","date_gmt":"2024-05-04T14:51:56","guid":{"rendered":"https:\/\/ciltug.com\/?page_id=5869"},"modified":"2025-02-02T20:05:08","modified_gmt":"2025-02-02T20:05:08","slug":"haberler","status":"publish","type":"page","link":"https:\/\/ciltug.com\/en\/news\/","title":{"rendered":"News"},"content":{"rendered":"<div data-elementor-type=\"wp-page\" data-elementor-id=\"5869\" class=\"elementor elementor-5869\" data-elementor-post-type=\"page\">\n\t\t\t\t\t\t<section class=\"elementor-section elementor-top-section elementor-element elementor-element-5332112 elementor-section-boxed elementor-section-height-default elementor-section-height-default\" data-id=\"5332112\" data-element_type=\"section\" data-e-type=\"section\">\n\t\t\t\t\t\t<div class=\"elementor-container elementor-column-gap-default\">\n\t\t\t\t\t<div class=\"elementor-column elementor-col-100 elementor-top-column elementor-element elementor-element-8698f7a\" data-id=\"8698f7a\" data-element_type=\"column\" data-e-type=\"column\">\n\t\t\t<div class=\"elementor-widget-wrap elementor-element-populated\">\n\t\t\t\t\t\t<div class=\"elementor-element elementor-element-322a9dc elementor-widget elementor-widget-energium_blog_listing\" data-id=\"322a9dc\" data-element_type=\"widget\" data-e-type=\"widget\" data-widget_type=\"energium_blog_listing.default\">\n\t\t\t\t<div class=\"elementor-widget-container\">\n\t\t\t\t\t\n        <div class=\"archive-listing\" data-ajax='{&quot;post_type&quot;:&quot;post&quot;,&quot;post_status&quot;:&quot;publish&quot;,&quot;posts_per_page&quot;:9,&quot;orderby&quot;:&quot;date&quot;,&quot;order&quot;:&quot;desc&quot;,&quot;paged&quot;:1,&quot;category_name&quot;:&quot;&quot;,&quot;tag&quot;:&quot;&quot;,&quot;post__in&quot;:&quot;&quot;,&quot;ignore_sticky_posts&quot;:false,&quot;link_base&quot;:&quot;https:\\\/\\\/ciltug.com\\\/en\\\/wp-json\\\/wp\\\/v2\\\/pages\\\/5869&quot;}' data-widget='{&quot;excerpt_length&quot;:81,&quot;show_cat&quot;:&quot;yes&quot;,&quot;show_media&quot;:&quot;yes&quot;,&quot;show_author&quot;:&quot;&quot;,&quot;show_date&quot;:&quot;yes&quot;,&quot;show_title&quot;:&quot;yes&quot;,&quot;show_tags&quot;:&quot;no&quot;,&quot;show_excerpt&quot;:&quot;yes&quot;,&quot;show_read_more&quot;:&quot;yes&quot;,&quot;read_more_text&quot;:&quot;Haberi Oku&quot;,&quot;item_class&quot;:&quot;post grid-item grid-blog-item-wrapper&quot;,&quot;columns_number&quot;:3}'>\n            <div class=\"archive-listing-wrapper grid-listing columns-3\">\n                \r\n<div class=\"standard-blog-item-wrapper post grid-item grid-blog-item-wrapper post-6940 type-post status-publish format-standard has-post-thumbnail hentry category-ciltugdan-haberler\">\r\n    <div class=\"blog-item item-with-date\">\r\n        <div class=\"post-media-wrapper\"><a href=\"https:\/\/ciltug.com\/en\/tugsuz-aliaga-ortaokulu-yildiz-erkek-basketbol-takimi-adiyaman-sampiyonu-oldu\/\"><picture><source media=\"(max-width: 575px)\" sizes=\"(max-width: 535px) 535px\" srcset=\"https:\/\/ciltug.com\/wp-content\/uploads\/2024\/09\/Besni-Basketbol-535x400.jpg 535w\"><source media=\"(max-width: 991px)\" sizes=\"(max-width: 951px) 951px\" srcset=\"https:\/\/ciltug.com\/wp-content\/uploads\/2024\/09\/Besni-Basketbol-440x398.jpg 951w\"><img decoding=\"async\" alt=\"Besni-Basketbol\" title=\"Besni-Basketbol\" src=\"https:\/\/ciltug.com\/wp-content\/uploads\/2024\/09\/Besni-Basketbol-600x446.jpg\" class=\"attachment-energium_post_grid_3_columns size-energium_post_grid_3_columns wp-post-image\" \/><\/picture><\/a><\/div><div class=\"post-labels\"><div class=\"post-categories\"><a class=\"post-category-item\" href=\"https:\/\/ciltug.com\/en\/category\/ciltug-news\/\">News from \u00c7iltu\u011f<\/a><\/div><\/div><div class=\"post-meta-header\"><div class=\"post-meta-item post-meta-item-date\"><a href=\"https:\/\/ciltug.com\/en\/2025\/01\/15\/\">January 15, 2025<\/a><\/div><\/div><h4 class=\"post-title\"><a href=\"https:\/\/ciltug.com\/en\/tugsuz-aliaga-ortaokulu-yildiz-erkek-basketbol-takimi-adiyaman-sampiyonu-oldu\/\">Tu\u011fsuz Alia\u011fa Ortaokulu Y\u0131ld\u0131z Erkek Basketbol Tak\u0131m\u0131 Ad\u0131yaman \u015eampiyonu Oldu<\/a><\/h4><div class=\"post-content\">Oynanan final ma\u00e7\u0131nda Ad\u0131yaman \u00d6zel Do\u011fa Koleji ile kar\u015f\u0131la\u015fan Tu\u011fsuz Al<\/div><div class=\"post-more-button\"><a href=\"https:\/\/ciltug.com\/en\/tugsuz-aliaga-ortaokulu-yildiz-erkek-basketbol-takimi-adiyaman-sampiyonu-oldu\/\"><span>Haberi Oku<\/span><svg viewbox=\"0 0 13 20\"><polyline points=\"0.5 19.5 3 19.5 12.5 10 3 0.5\" \/><\/svg><\/a><\/div>    <\/div>\r\n<\/div>\r\n<div class=\"standard-blog-item-wrapper post grid-item grid-blog-item-wrapper post-6017 type-post status-publish format-standard has-post-thumbnail hentry category-ciltugdan-haberler\">\r\n    <div class=\"blog-item item-with-date\">\r\n        <div class=\"post-media-wrapper\"><a href=\"https:\/\/ciltug.com\/en\/ciltug-isi-sanayi-ve-ticaret-a-s-tesisleri-ziyaretleri-2\/\"><picture><source media=\"(max-width: 575px)\" sizes=\"(max-width: 535px) 535px\" srcset=\"https:\/\/ciltug.com\/wp-content\/uploads\/2024\/05\/blog1-535x400.jpg 535w\"><source media=\"(max-width: 991px)\" sizes=\"(max-width: 951px) 951px\" srcset=\"https:\/\/ciltug.com\/wp-content\/uploads\/2024\/05\/blog1-440x398.jpg 951w\"><img decoding=\"async\" alt=\"blog1\" title=\"blog1\" src=\"https:\/\/ciltug.com\/wp-content\/uploads\/2024\/05\/blog1-600x543.jpg\" class=\"attachment-energium_post_grid_3_columns size-energium_post_grid_3_columns wp-post-image\" \/><\/picture><\/a><\/div><div class=\"post-labels\"><div class=\"post-categories\"><a class=\"post-category-item\" href=\"https:\/\/ciltug.com\/en\/category\/ciltug-news\/\">News from \u00c7iltu\u011f<\/a><\/div><\/div><div class=\"post-meta-header\"><div class=\"post-meta-item post-meta-item-date\"><a href=\"https:\/\/ciltug.com\/en\/2024\/05\/05\/\">May 5, 2024<\/a><\/div><\/div><h4 class=\"post-title\"><a href=\"https:\/\/ciltug.com\/en\/ciltug-isi-sanayi-ve-ticaret-a-s-tesisleri-ziyaretleri-2\/\">\u00c7\u0130LTU\u011e Is\u0131 Sanayi Ve Ticaret A.\u015e. Facilities Visits<\/a><\/h4><div class=\"post-content\">Saha Istanbul Secretary General Mr. Ilhami Kele\u015f \u00c7ILTU\u011e A.\u015e visited their facilities<\/div><div class=\"post-more-button\"><a href=\"https:\/\/ciltug.com\/en\/ciltug-isi-sanayi-ve-ticaret-a-s-tesisleri-ziyaretleri-2\/\"><span>Haberi Oku<\/span><svg viewbox=\"0 0 13 20\"><polyline points=\"0.5 19.5 3 19.5 12.5 10 3 0.5\" \/><\/svg><\/a><\/div>    <\/div>\r\n<\/div>\r\n<div class=\"standard-blog-item-wrapper post grid-item grid-blog-item-wrapper post-6015 type-post status-publish format-standard has-post-thumbnail hentry category-ciltugdan-haberler\">\r\n    <div class=\"blog-item item-with-date\">\r\n        <div class=\"post-media-wrapper\"><a href=\"https:\/\/ciltug.com\/en\/ciltugda-teknolojik-gelismeler\/\"><picture><source media=\"(max-width: 575px)\" sizes=\"(max-width: 535px) 535px\" srcset=\"https:\/\/ciltug.com\/wp-content\/uploads\/2024\/05\/yaskawa-15-06-2020-535x400.jpg 535w\"><source media=\"(max-width: 991px)\" sizes=\"(max-width: 951px) 951px\" srcset=\"https:\/\/ciltug.com\/wp-content\/uploads\/2024\/05\/yaskawa-15-06-2020-440x398.jpg 951w\"><img decoding=\"async\" alt=\"yaskawa-15-06-2020\" title=\"yaskawa-15-06-2020\" src=\"https:\/\/ciltug.com\/wp-content\/uploads\/2024\/05\/yaskawa-15-06-2020-600x543.jpg\" class=\"attachment-energium_post_grid_3_columns size-energium_post_grid_3_columns wp-post-image\" \/><\/picture><\/a><\/div><div class=\"post-labels\"><div class=\"post-categories\"><a class=\"post-category-item\" href=\"https:\/\/ciltug.com\/en\/category\/ciltug-news\/\">News from \u00c7iltu\u011f<\/a><\/div><\/div><div class=\"post-meta-header\"><div class=\"post-meta-item post-meta-item-date\"><a href=\"https:\/\/ciltug.com\/en\/2024\/05\/05\/\">May 5, 2024<\/a><\/div><\/div><h4 class=\"post-title\"><a href=\"https:\/\/ciltug.com\/en\/ciltugda-teknolojik-gelismeler\/\">Technological Developments in \u00c7iltu\u011f<\/a><\/h4><div class=\"post-content\">\u00c7iltu\u011f Isi Sanayi ve Ticaret A.Sh. as our technological investments <\/div><div class=\"post-more-button\"><a href=\"https:\/\/ciltug.com\/en\/ciltugda-teknolojik-gelismeler\/\"><span>Haberi Oku<\/span><svg viewbox=\"0 0 13 20\"><polyline points=\"0.5 19.5 3 19.5 12.5 10 3 0.5\" \/><\/svg><\/a><\/div>    <\/div>\r\n<\/div>\r\n<div class=\"standard-blog-item-wrapper post grid-item grid-blog-item-wrapper post-5566 type-post status-publish format-standard has-post-thumbnail hentry category-ciltugdan-haberler\">\r\n    <div class=\"blog-item item-with-date\">\r\n        <div class=\"post-media-wrapper\"><a href=\"https:\/\/ciltug.com\/en\/ciltug-2020-gezi-faaliyeti\/\"><picture><source media=\"(max-width: 575px)\" sizes=\"(max-width: 535px) 535px\" srcset=\"https:\/\/ciltug.com\/wp-content\/uploads\/2024\/04\/tektug_gezi_2-535x400.jpg 535w\"><source media=\"(max-width: 991px)\" sizes=\"(max-width: 951px) 951px\" srcset=\"https:\/\/ciltug.com\/wp-content\/uploads\/2024\/04\/tektug_gezi_2-440x398.jpg 951w\"><img decoding=\"async\" alt=\"tektug_gezi_2\" title=\"tektug_gezi_2\" src=\"https:\/\/ciltug.com\/wp-content\/uploads\/2024\/04\/tektug_gezi_2-600x543.jpg\" class=\"attachment-energium_post_grid_3_columns size-energium_post_grid_3_columns wp-post-image\" \/><\/picture><\/a><\/div><div class=\"post-labels\"><div class=\"post-categories\"><a class=\"post-category-item\" href=\"https:\/\/ciltug.com\/en\/category\/ciltug-news\/\">News from \u00c7iltu\u011f<\/a><\/div><\/div><div class=\"post-meta-header\"><div class=\"post-meta-item post-meta-item-date\"><a href=\"https:\/\/ciltug.com\/en\/2024\/04\/23\/\">April 23, 2024<\/a><\/div><\/div><h4 class=\"post-title\"><a href=\"https:\/\/ciltug.com\/en\/ciltug-2020-gezi-faaliyeti\/\">\u00c7iltu\u011f 2020 Travel Activity<\/a><\/h4><div class=\"post-content\">\u00c7iltu\u011f Family Travel Activity<\/div><div class=\"post-more-button\"><a href=\"https:\/\/ciltug.com\/en\/ciltug-2020-gezi-faaliyeti\/\"><span>Haberi Oku<\/span><svg viewbox=\"0 0 13 20\"><polyline points=\"0.5 19.5 3 19.5 12.5 10 3 0.5\" \/><\/svg><\/a><\/div>    <\/div>\r\n<\/div>\r\n<div class=\"standard-blog-item-wrapper post grid-item grid-blog-item-wrapper post-210 type-post status-publish format-standard has-post-thumbnail hentry category-ciltugdan-haberler\">\r\n    <div class=\"blog-item item-with-date\">\r\n        <div class=\"post-media-wrapper\"><a href=\"https:\/\/ciltug.com\/en\/es-101-c-eydep-sertifikasi\/\"><picture><source media=\"(max-width: 575px)\" sizes=\"(max-width: 535px) 535px\" srcset=\"https:\/\/ciltug.com\/wp-content\/uploads\/2024\/04\/es101-c-535x400.png 535w\"><source media=\"(max-width: 991px)\" sizes=\"(max-width: 951px) 951px\" srcset=\"https:\/\/ciltug.com\/wp-content\/uploads\/2024\/04\/es101-c-440x398.png 951w\"><img decoding=\"async\" alt=\"es101-c\" title=\"es101-c\" src=\"https:\/\/ciltug.com\/wp-content\/uploads\/2024\/04\/es101-c-600x543.png\" class=\"attachment-energium_post_grid_3_columns size-energium_post_grid_3_columns wp-post-image\" \/><\/picture><\/a><\/div><div class=\"post-labels\"><div class=\"post-categories\"><a class=\"post-category-item\" href=\"https:\/\/ciltug.com\/en\/category\/ciltug-news\/\">News from \u00c7iltu\u011f<\/a><\/div><\/div><div class=\"post-meta-header\"><div class=\"post-meta-item post-meta-item-date\"><a href=\"https:\/\/ciltug.com\/en\/2024\/04\/15\/\">April 15, 2024<\/a><\/div><\/div><h4 class=\"post-title\"><a href=\"https:\/\/ciltug.com\/en\/es-101-c-eydep-sertifikasi\/\">Es 101-C Eydep Certificate<\/a><\/h4><div class=\"post-content\">We are proud to have been entitled to receive the \u201dES 101-C\" certificate<\/div><div class=\"post-more-button\"><a href=\"https:\/\/ciltug.com\/en\/es-101-c-eydep-sertifikasi\/\"><span>Haberi Oku<\/span><svg viewbox=\"0 0 13 20\"><polyline points=\"0.5 19.5 3 19.5 12.5 10 3 0.5\" \/><\/svg><\/a><\/div>    <\/div>\r\n<\/div>\r\n<div class=\"standard-blog-item-wrapper post grid-item grid-blog-item-wrapper post-212 type-post status-publish format-standard has-post-thumbnail hentry category-ciltugdan-haberler\">\r\n    <div class=\"blog-item item-with-date\">\r\n        <div class=\"post-media-wrapper\"><a href=\"https:\/\/ciltug.com\/en\/2019-2020-doneminde-intern-muhendis-istihdami\/\"><picture><source media=\"(max-width: 575px)\" sizes=\"(max-width: 535px) 535px\" srcset=\"https:\/\/ciltug.com\/wp-content\/uploads\/2024\/04\/ciltug_stajyer_afis-1-1-535x400.jpg 535w\"><source media=\"(max-width: 991px)\" sizes=\"(max-width: 951px) 951px\" srcset=\"https:\/\/ciltug.com\/wp-content\/uploads\/2024\/04\/ciltug_stajyer_afis-1-1-440x398.jpg 951w\"><img decoding=\"async\" alt=\"ciltug_stajyer_afis-\" title=\"ciltug_stajyer_afis-\" src=\"https:\/\/ciltug.com\/wp-content\/uploads\/2024\/04\/ciltug_stajyer_afis-1-1-600x543.jpg\" class=\"attachment-energium_post_grid_3_columns size-energium_post_grid_3_columns wp-post-image\" \/><\/picture><\/a><\/div><div class=\"post-labels\"><div class=\"post-categories\"><a class=\"post-category-item\" href=\"https:\/\/ciltug.com\/en\/category\/ciltug-news\/\">News from \u00c7iltu\u011f<\/a><\/div><\/div><div class=\"post-meta-header\"><div class=\"post-meta-item post-meta-item-date\"><a href=\"https:\/\/ciltug.com\/en\/2024\/04\/15\/\">April 15, 2024<\/a><\/div><\/div><h4 class=\"post-title\"><a href=\"https:\/\/ciltug.com\/en\/2019-2020-doneminde-intern-muhendis-istihdami\/\">Intern Engineer Employment in 2019-2020 Period<\/a><\/h4><div class=\"post-content\">Within the Scope of the Social Responsibility Project in \u00c7iltu\u011f,<\/div><div class=\"post-more-button\"><a href=\"https:\/\/ciltug.com\/en\/2019-2020-doneminde-intern-muhendis-istihdami\/\"><span>Haberi Oku<\/span><svg viewbox=\"0 0 13 20\"><polyline points=\"0.5 19.5 3 19.5 12.5 10 3 0.5\" \/><\/svg><\/a><\/div>    <\/div>\r\n<\/div>\r\n<div class=\"standard-blog-item-wrapper post grid-item grid-blog-item-wrapper post-2794 type-post status-publish format-standard has-post-thumbnail hentry category-ciltugdan-haberler tag-renewable-energy tag-solar tag-wind\">\r\n    <div class=\"blog-item item-with-date\">\r\n        <div class=\"post-media-wrapper\"><a href=\"https:\/\/ciltug.com\/en\/ciltugda-isg-faaliyetleri\/\"><picture><source media=\"(max-width: 575px)\" sizes=\"(max-width: 535px) 535px\" srcset=\"https:\/\/ciltug.com\/wp-content\/uploads\/2021\/09\/yuksekte-calisma-egitimi-2-535x400.jpeg 535w\"><source media=\"(max-width: 991px)\" sizes=\"(max-width: 951px) 951px\" srcset=\"https:\/\/ciltug.com\/wp-content\/uploads\/2021\/09\/yuksekte-calisma-egitimi-2-440x398.jpeg 951w\"><img decoding=\"async\" alt=\"yuksekte-calisma-egitimi-2\" title=\"yuksekte-calisma-egitimi-2\" src=\"https:\/\/ciltug.com\/wp-content\/uploads\/2021\/09\/yuksekte-calisma-egitimi-2-600x543.jpeg\" class=\"attachment-energium_post_grid_3_columns size-energium_post_grid_3_columns wp-post-image\" \/><\/picture><\/a><\/div><div class=\"post-labels\"><div class=\"post-categories\"><a class=\"post-category-item\" href=\"https:\/\/ciltug.com\/en\/category\/ciltug-news\/\">News from \u00c7iltu\u011f<\/a><\/div><\/div><div class=\"post-meta-header\"><div class=\"post-meta-item post-meta-item-date\"><a href=\"https:\/\/ciltug.com\/en\/2021\/09\/02\/\">September 2, 2021<\/a><\/div><\/div><h4 class=\"post-title\"><a href=\"https:\/\/ciltug.com\/en\/ciltugda-isg-faaliyetleri\/\">OHS Activities in \u00c7iltu\u011f<\/a><\/h4><div class=\"post-content\">\u00c7iltu\u011f Is\u0131 Sanayi ve Ticaret A.\u015e.<\/div><div class=\"post-more-button\"><a href=\"https:\/\/ciltug.com\/en\/ciltugda-isg-faaliyetleri\/\"><span>Haberi Oku<\/span><svg viewbox=\"0 0 13 20\"><polyline points=\"0.5 19.5 3 19.5 12.5 10 3 0.5\" \/><\/svg><\/a><\/div>    <\/div>\r\n<\/div>\r\n<div class=\"standard-blog-item-wrapper post grid-item grid-blog-item-wrapper post-2792 type-post status-publish format-standard has-post-thumbnail hentry category-ciltugdan-haberler tag-renewable-energy tag-solar tag-wind\">\r\n    <div class=\"blog-item item-with-date\">\r\n        <div class=\"post-media-wrapper\"><a href=\"https:\/\/ciltug.com\/en\/sanayi-tanitim-filmi-cekimleri\/\"><picture><source media=\"(max-width: 575px)\" sizes=\"(max-width: 535px) 535px\" srcset=\"https:\/\/ciltug.com\/wp-content\/uploads\/2021\/09\/sanayi-film-1-535x400.jpeg 535w\"><source media=\"(max-width: 991px)\" sizes=\"(max-width: 951px) 951px\" srcset=\"https:\/\/ciltug.com\/wp-content\/uploads\/2021\/09\/sanayi-film-1-440x398.jpeg 951w\"><img decoding=\"async\" alt=\"sanayi-film-1\" title=\"sanayi-film-1\" src=\"https:\/\/ciltug.com\/wp-content\/uploads\/2021\/09\/sanayi-film-1-600x543.jpeg\" class=\"attachment-energium_post_grid_3_columns size-energium_post_grid_3_columns wp-post-image\" \/><\/picture><\/a><\/div><div class=\"post-labels\"><div class=\"post-categories\"><a class=\"post-category-item\" href=\"https:\/\/ciltug.com\/en\/category\/ciltug-news\/\">News from \u00c7iltu\u011f<\/a><\/div><\/div><div class=\"post-meta-header\"><div class=\"post-meta-item post-meta-item-date\"><a href=\"https:\/\/ciltug.com\/en\/2021\/09\/02\/\">September 2, 2021<\/a><\/div><\/div><h4 class=\"post-title\"><a href=\"https:\/\/ciltug.com\/en\/sanayi-tanitim-filmi-cekimleri\/\">Industrial Promotional Film Shooting<\/a><\/h4><div class=\"post-content\">The leading companies of the Turkish industry take part in<\/div><div class=\"post-more-button\"><a href=\"https:\/\/ciltug.com\/en\/sanayi-tanitim-filmi-cekimleri\/\"><span>Haberi Oku<\/span><svg viewbox=\"0 0 13 20\"><polyline points=\"0.5 19.5 3 19.5 12.5 10 3 0.5\" \/><\/svg><\/a><\/div>    <\/div>\r\n<\/div>\r\n<div class=\"standard-blog-item-wrapper post grid-item grid-blog-item-wrapper post-211 type-post status-publish format-standard has-post-thumbnail hentry category-ciltugdan-haberler\">\r\n    <div class=\"blog-item item-with-date\">\r\n        <div class=\"post-media-wrapper\"><a href=\"https:\/\/ciltug.com\/en\/eif-dunya-enerji-kongresi\/\"><picture><source media=\"(max-width: 575px)\" sizes=\"(max-width: 535px) 535px\" srcset=\"https:\/\/ciltug.com\/wp-content\/uploads\/2024\/04\/eif-oturumu-535x400.jpg 535w\"><source media=\"(max-width: 991px)\" sizes=\"(max-width: 951px) 951px\" srcset=\"https:\/\/ciltug.com\/wp-content\/uploads\/2024\/04\/eif-oturumu-440x398.jpg 951w\"><img decoding=\"async\" alt=\"eif-oturumu\" title=\"eif-oturumu\" src=\"https:\/\/ciltug.com\/wp-content\/uploads\/2024\/04\/eif-oturumu-600x543.jpg\" class=\"attachment-energium_post_grid_3_columns size-energium_post_grid_3_columns wp-post-image\" \/><\/picture><\/a><\/div><div class=\"post-labels\"><div class=\"post-categories\"><a class=\"post-category-item\" href=\"https:\/\/ciltug.com\/en\/category\/ciltug-news\/\">News from \u00c7iltu\u011f<\/a><\/div><\/div><div class=\"post-meta-header\"><div class=\"post-meta-item post-meta-item-date\"><a href=\"https:\/\/ciltug.com\/en\/2021\/04\/15\/\">April 15, 2021<\/a><\/div><\/div><h4 class=\"post-title\"><a href=\"https:\/\/ciltug.com\/en\/eif-dunya-enerji-kongresi\/\">17. At the EIF World Energy Congress session on Hydroelectricity and Pumping Storage, our Board Member Elvan Tu\u011fsuz G\u00fcven told about his future projections<\/a><\/h4><div class=\"post-content\">Elvan Tu\u011fsuz G\u00fcven, 17. Within the scope of the EIF World Energy Congress and Exhibition<\/div><div class=\"post-more-button\"><a href=\"https:\/\/ciltug.com\/en\/eif-dunya-enerji-kongresi\/\"><span>Haberi Oku<\/span><svg viewbox=\"0 0 13 20\"><polyline points=\"0.5 19.5 3 19.5 12.5 10 3 0.5\" \/><\/svg><\/a><\/div>    <\/div>\r\n<\/div>            <\/div>\n\n            <div class=\"content-pagination\"><nav class=\"pagination\"><div class=\"nav-links\"><\/div><\/nav><\/div>        <\/div>\n        \t\t\t\t<\/div>\n\t\t\t\t<\/div>\n\t\t\t\t\t<\/div>\n\t\t<\/div>\n\t\t\t\t\t<\/div>\n\t\t<\/section>\n\t\t\t\t<\/div>","protected":false},"excerpt":{"rendered":"","protected":false},"author":1,"featured_media":0,"parent":0,"menu_order":0,"comment_status":"closed","ping_status":"closed","template":"","meta":{"footnotes":""},"class_list":["post-5869","page","type-page","status-publish","hentry"],"_links":{"self":[{"href":"https:\/\/ciltug.com\/en\/wp-json\/wp\/v2\/pages\/5869","targetHints":{"allow":["GET"]}}],"collection":[{"href":"https:\/\/ciltug.com\/en\/wp-json\/wp\/v2\/pages"}],"about":[{"href":"https:\/\/ciltug.com\/en\/wp-json\/wp\/v2\/types\/page"}],"author":[{"embeddable":true,"href":"https:\/\/ciltug.com\/en\/wp-json\/wp\/v2\/users\/1"}],"replies":[{"embeddable":true,"href":"https:\/\/ciltug.com\/en\/wp-json\/wp\/v2\/comments?post=5869"}],"version-history":[{"count":4,"href":"https:\/\/ciltug.com\/en\/wp-json\/wp\/v2\/pages\/5869\/revisions"}],"predecessor-version":[{"id":7223,"href":"https:\/\/ciltug.com\/en\/wp-json\/wp\/v2\/pages\/5869\/revisions\/7223"}],"wp:attachment":[{"href":"https:\/\/ciltug.com\/en\/wp-json\/wp\/v2\/media?parent=5869"}],"curies":[{"name":"wp","href":"https:\/\/api.w.org\/{rel}","templated":true}]}}