{"id":5862,"date":"2024-05-04T14:36:18","date_gmt":"2024-05-04T14:36:18","guid":{"rendered":"https:\/\/ciltug.com\/?page_id=5862"},"modified":"2025-07-07T06:04:21","modified_gmt":"2025-07-07T06:04:21","slug":"iletisim","status":"publish","type":"page","link":"https:\/\/ciltug.com\/en\/contact-us-2\/","title":{"rendered":"Contact Us"},"content":{"rendered":"<div data-elementor-type=\"wp-page\" data-elementor-id=\"5862\" class=\"elementor elementor-5862\" data-elementor-post-type=\"page\">\n\t\t\t\t\t\t<section class=\"elementor-section elementor-top-section elementor-element elementor-element-28045c4 elementor-section-stretched elementor-section-boxed elementor-section-height-default elementor-section-height-default\" data-id=\"28045c4\" data-element_type=\"section\" data-e-type=\"section\" data-settings=\"{&quot;stretch_section&quot;:&quot;section-stretched&quot;}\">\n\t\t\t\t\t\t<div class=\"elementor-container elementor-column-gap-extended\">\n\t\t\t\t\t<div class=\"elementor-column elementor-col-50 elementor-top-column elementor-element elementor-element-1862473\" data-id=\"1862473\" data-element_type=\"column\" data-e-type=\"column\">\n\t\t\t<div class=\"elementor-widget-wrap elementor-element-populated\">\n\t\t\t\t\t\t<div class=\"elementor-element elementor-element-7d0200c elementor-widget elementor-widget-energium_heading\" data-id=\"7d0200c\" data-element_type=\"widget\" data-e-type=\"widget\" data-widget_type=\"energium_heading.default\">\n\t\t\t\t<div class=\"elementor-widget-container\">\n\t\t\t\t\t<div class=\"energium-heading-widget\"><h2 class=\"energium-heading\"><span class=\"energium-heading-content\">Contact Us<\/span><\/h2><\/div>\t\t\t\t<\/div>\n\t\t\t\t<\/div>\n\t\t\t\t<section class=\"elementor-section elementor-inner-section elementor-element elementor-element-d4b827a elementor-section-boxed elementor-section-height-default elementor-section-height-default\" data-id=\"d4b827a\" data-element_type=\"section\" data-e-type=\"section\">\n\t\t\t\t\t\t<div class=\"elementor-container elementor-column-gap-default\">\n\t\t\t\t\t<div class=\"elementor-column elementor-col-100 elementor-inner-column elementor-element elementor-element-45662e7\" data-id=\"45662e7\" data-element_type=\"column\" data-e-type=\"column\">\n\t\t\t<div class=\"elementor-widget-wrap elementor-element-populated\">\n\t\t\t\t\t\t<div class=\"elementor-element elementor-element-6cdc9c1 elementor-widget elementor-widget-energium_heading\" data-id=\"6cdc9c1\" data-element_type=\"widget\" data-e-type=\"widget\" data-widget_type=\"energium_heading.default\">\n\t\t\t\t<div class=\"elementor-widget-container\">\n\t\t\t\t\t<div class=\"energium-heading-widget\"><h4 class=\"energium-heading\"><span class=\"energium-heading-content\">Head Office<\/span><\/h4><\/div>\t\t\t\t<\/div>\n\t\t\t\t<\/div>\n\t\t\t\t<div class=\"elementor-element elementor-element-8cb3536 elementor-widget elementor-widget-energium_heading\" data-id=\"8cb3536\" data-element_type=\"widget\" data-e-type=\"widget\" data-widget_type=\"energium_heading.default\">\n\t\t\t\t<div class=\"elementor-widget-container\">\n\t\t\t\t\t<div class=\"energium-heading-widget\"><h6 class=\"energium-heading\"><span class=\"energium-heading-content\">Address:<\/span><\/h6><\/div>\t\t\t\t<\/div>\n\t\t\t\t<\/div>\n\t\t\t\t<div class=\"elementor-element elementor-element-dbaf36d elementor-widget elementor-widget-text-editor\" data-id=\"dbaf36d\" data-element_type=\"widget\" data-e-type=\"widget\" data-widget_type=\"text-editor.default\">\n\t\t\t\t<div class=\"elementor-widget-container\">\n\t\t\t\t\t\t\t\t\t<div class=\"elementor-element elementor-element-f184539 elementor-widget elementor-widget-text-editor\" data-id=\"f184539\" data-element_type=\"widget\" data-widget_type=\"text-editor.default\"><div class=\"elementor-widget-container\"><p><span style=\"color: #1e2022; font-family: Oxygen, Helvetica, Arial, sans-serif; font-size: 14px; font-weight: 400;\">Atat\u00fcrk Bulvar\u0131 No:89\/2-3, 27010 Gaziantep, Turkey<\/span><\/p><\/div><\/div>\t\t\t\t\t\t\t\t<\/div>\n\t\t\t\t<\/div>\n\t\t\t\t<div class=\"elementor-element elementor-element-95b2736 elementor-widget elementor-widget-energium_heading\" data-id=\"95b2736\" data-element_type=\"widget\" data-e-type=\"widget\" data-widget_type=\"energium_heading.default\">\n\t\t\t\t<div class=\"elementor-widget-container\">\n\t\t\t\t\t<div class=\"energium-heading-widget\"><h6 class=\"energium-heading\"><span class=\"energium-heading-content\">Phone<\/span><\/h6><\/div>\t\t\t\t<\/div>\n\t\t\t\t<\/div>\n\t\t\t\t<div class=\"elementor-element elementor-element-c200d10 elementor-widget elementor-widget-text-editor\" data-id=\"c200d10\" data-element_type=\"widget\" data-e-type=\"widget\" data-widget_type=\"text-editor.default\">\n\t\t\t\t<div class=\"elementor-widget-container\">\n\t\t\t\t\t\t\t\t\t<p><strong>T: <\/strong><span class=\"Y2IQFc\" lang=\"tr\">+90 (342) 230 03 25-29(5 hat)<\/span><\/p>\n<p><strong>F:<\/strong> +90 (342) 231 10 72<\/p>\n<p><span class=\"EzKURWReUAB5oZgtQNkl\" data-src-align=\"0:13\">Production<\/span> <span class=\"EzKURWReUAB5oZgtQNkl\" data-src-align=\"14:5\">Group<\/span> <span class=\"EzKURWReUAB5oZgtQNkl\" data-src-align=\"20:8\">Director<\/span> <span class=\"EzKURWReUAB5oZgtQNkl\" data-src-align=\"29:1\">\/<\/span> management <span class=\"EzKURWReUAB5oZgtQNkl\" data-src-align=\"31:5\">the board<\/span> <span class=\"EzKURWReUAB5oZgtQNkl\" data-src-align=\"37:6\">member<\/span><\/p>\n<p><span class=\"EzKURWReUAB5oZgtQNkl\" data-src-align=\"45:9\">MehmetCan <\/span><span class=\"EzKURWReUAB5oZgtQNkl\" data-src-align=\"55:25\">TUGSUZ:ctugsuz@ciltug.com<\/span><\/p>\n<p>General manager <span class=\"EzKURWReUAB5oZgtQNkl\" data-src-align=\"18:1\">\/<\/span> <span class=\"EzKURWReUAB5oZgtQNkl\" data-src-align=\"20:8\">work<\/span> <span class=\"EzKURWReUAB5oZgtQNkl\" data-src-align=\"29:11\">development<\/span> <span class=\"EzKURWReUAB5oZgtQNkl\" data-src-align=\"41:1\">and<\/span> sale <span class=\"EzKURWReUAB5oZgtQNkl\" data-src-align=\"0:17:49:8\">Director<\/span><\/p>\n<p><span class=\"EzKURWReUAB5oZgtQNkl\" data-src-align=\"59:6\">\u015eevket<\/span> <span class=\"EzKURWReUAB5oZgtQNkl\" data-src-align=\"66:7\">ALACACI<\/span><span class=\"EzKURWReUAB5oZgtQNkl\" data-src-align=\"73:1\">:<\/span> <span class=\"EzKURWReUAB5oZgtQNkl\" data-src-align=\"75:19\">salacaci@ciltug.com<\/span><\/p>\t\t\t\t\t\t\t\t<\/div>\n\t\t\t\t<\/div>\n\t\t\t\t<div class=\"elementor-element elementor-element-1b0bdb5 elementor-widget elementor-widget-energium_heading\" data-id=\"1b0bdb5\" data-element_type=\"widget\" data-e-type=\"widget\" data-widget_type=\"energium_heading.default\">\n\t\t\t\t<div class=\"elementor-widget-container\">\n\t\t\t\t\t<div class=\"energium-heading-widget\"><h6 class=\"energium-heading\"><span class=\"energium-heading-content\">E-Mail<\/span><\/h6><\/div>\t\t\t\t<\/div>\n\t\t\t\t<\/div>\n\t\t\t\t\t<\/div>\n\t\t<\/div>\n\t\t\t\t\t<\/div>\n\t\t<\/section>\n\t\t\t\t<div class=\"elementor-element elementor-element-57ac97e elementor-widget elementor-widget-text-editor\" data-id=\"57ac97e\" data-element_type=\"widget\" data-e-type=\"widget\" data-widget_type=\"text-editor.default\">\n\t\t\t\t<div class=\"elementor-widget-container\">\n\t\t\t\t\t\t\t\t\t<p>info@ciltug.com<\/p>\t\t\t\t\t\t\t\t<\/div>\n\t\t\t\t<\/div>\n\t\t\t\t<div class=\"elementor-element elementor-element-4fae91c elementor-widget elementor-widget-text-editor\" data-id=\"4fae91c\" data-element_type=\"widget\" data-e-type=\"widget\" data-widget_type=\"text-editor.default\">\n\t\t\t\t<div class=\"elementor-widget-container\">\n\t\t\t\t\t\t\t\t\t<p>ciltug@ciltug.com<\/p>\t\t\t\t\t\t\t\t<\/div>\n\t\t\t\t<\/div>\n\t\t\t\t\t<\/div>\n\t\t<\/div>\n\t\t\t\t<div class=\"elementor-column elementor-col-50 elementor-top-column elementor-element elementor-element-8b0ad97 elementor-hidden-tablet_extra elementor-hidden-tablet elementor-hidden-mobile_extra elementor-hidden-mobile\" data-id=\"8b0ad97\" data-element_type=\"column\" data-e-type=\"column\">\n\t\t\t<div class=\"elementor-widget-wrap elementor-element-populated\">\n\t\t\t\t\t\t<div class=\"elementor-element elementor-element-37831f6 elementor-widget elementor-widget-google_maps\" data-id=\"37831f6\" data-element_type=\"widget\" data-e-type=\"widget\" data-widget_type=\"google_maps.default\">\n\t\t\t\t<div class=\"elementor-widget-container\">\n\t\t\t\t\t\t\t<div class=\"elementor-custom-embed\">\n\t\t\t<iframe loading=\"lazy\"\n\t\t\t\t\tsrc=\"https:\/\/maps.google.com\/maps?q=Atat%C3%BCrk%20Bulvar%C4%B1%20No%3A89%2F2-3%2C%2027010%20Gaziantep%2C%20Turkey&#038;t=m&#038;z=15&#038;output=embed&#038;iwloc=near\"\n\t\t\t\t\ttitle=\"Atat\u00fcrk Bulvar\u0131 No:89\/2-3, 27010 Gaziantep, Turkey\"\n\t\t\t\t\taria-label=\"Atat\u00fcrk Bulvar\u0131 No:89\/2-3, 27010 Gaziantep, Turkey\"\n\t\t\t><\/iframe>\n\t\t<\/div>\n\t\t\t\t\t\t<\/div>\n\t\t\t\t<\/div>\n\t\t\t\t\t<\/div>\n\t\t<\/div>\n\t\t\t\t\t<\/div>\n\t\t<\/section>\n\t\t\t\t<section class=\"elementor-section elementor-top-section elementor-element elementor-element-5ca565e elementor-section-stretched elementor-section-boxed elementor-section-height-default elementor-section-height-default\" data-id=\"5ca565e\" data-element_type=\"section\" data-e-type=\"section\" data-settings=\"{&quot;stretch_section&quot;:&quot;section-stretched&quot;}\">\n\t\t\t\t\t\t<div class=\"elementor-container elementor-column-gap-extended\">\n\t\t\t\t\t<div class=\"elementor-column elementor-col-50 elementor-top-column elementor-element elementor-element-0e5c31f\" data-id=\"0e5c31f\" data-element_type=\"column\" data-e-type=\"column\">\n\t\t\t<div class=\"elementor-widget-wrap elementor-element-populated\">\n\t\t\t\t\t\t<div class=\"elementor-element elementor-element-46c6d42 elementor-widget elementor-widget-energium_heading\" data-id=\"46c6d42\" data-element_type=\"widget\" data-e-type=\"widget\" data-widget_type=\"energium_heading.default\">\n\t\t\t\t<div class=\"elementor-widget-container\">\n\t\t\t\t\t<div class=\"energium-heading-widget\"><h2 class=\"energium-heading\"><span class=\"energium-heading-content\">Contact Us<\/span><\/h2><\/div>\t\t\t\t<\/div>\n\t\t\t\t<\/div>\n\t\t\t\t<section class=\"elementor-section elementor-inner-section elementor-element elementor-element-f068f77 elementor-section-boxed elementor-section-height-default elementor-section-height-default\" data-id=\"f068f77\" data-element_type=\"section\" data-e-type=\"section\">\n\t\t\t\t\t\t<div class=\"elementor-container elementor-column-gap-default\">\n\t\t\t\t\t<div class=\"elementor-column elementor-col-100 elementor-inner-column elementor-element elementor-element-50ee35c\" data-id=\"50ee35c\" data-element_type=\"column\" data-e-type=\"column\">\n\t\t\t<div class=\"elementor-widget-wrap elementor-element-populated\">\n\t\t\t\t\t\t<div class=\"elementor-element elementor-element-498655d elementor-widget elementor-widget-energium_heading\" data-id=\"498655d\" data-element_type=\"widget\" data-e-type=\"widget\" data-widget_type=\"energium_heading.default\">\n\t\t\t\t<div class=\"elementor-widget-container\">\n\t\t\t\t\t<div class=\"energium-heading-widget\"><h4 class=\"energium-heading\"><span class=\"energium-heading-content\"><span>Fabrika 1<\/span><\/span><\/h4><\/div>\t\t\t\t<\/div>\n\t\t\t\t<\/div>\n\t\t\t\t<div class=\"elementor-element elementor-element-61ed82f elementor-widget elementor-widget-energium_heading\" data-id=\"61ed82f\" data-element_type=\"widget\" data-e-type=\"widget\" data-widget_type=\"energium_heading.default\">\n\t\t\t\t<div class=\"elementor-widget-container\">\n\t\t\t\t\t<div class=\"energium-heading-widget\"><h6 class=\"energium-heading\"><span class=\"energium-heading-content\">Address:<\/span><\/h6><\/div>\t\t\t\t<\/div>\n\t\t\t\t<\/div>\n\t\t\t\t<div class=\"elementor-element elementor-element-eac0d98 elementor-widget elementor-widget-text-editor\" data-id=\"eac0d98\" data-element_type=\"widget\" data-e-type=\"widget\" data-widget_type=\"text-editor.default\">\n\t\t\t\t<div class=\"elementor-widget-container\">\n\t\t\t\t\t\t\t\t\t<div class=\"elementor-element elementor-element-f184539 elementor-widget elementor-widget-text-editor\" data-id=\"f184539\" data-element_type=\"widget\" data-widget_type=\"text-editor.default\"><div class=\"elementor-widget-container\"><p>1. Organize Sanayi B\u00f6lgesi 83101 nolu cadde No: 21 Ba\u015fp\u0131nar-\u015eehitkamil\/Gaziantep<\/p><\/div><\/div>\t\t\t\t\t\t\t\t<\/div>\n\t\t\t\t<\/div>\n\t\t\t\t<div class=\"elementor-element elementor-element-1212873 elementor-widget elementor-widget-energium_heading\" data-id=\"1212873\" data-element_type=\"widget\" data-e-type=\"widget\" data-widget_type=\"energium_heading.default\">\n\t\t\t\t<div class=\"elementor-widget-container\">\n\t\t\t\t\t<div class=\"energium-heading-widget\"><h6 class=\"energium-heading\"><span class=\"energium-heading-content\">Phone<\/span><\/h6><\/div>\t\t\t\t<\/div>\n\t\t\t\t<\/div>\n\t\t\t\t<div class=\"elementor-element elementor-element-01df47f elementor-widget elementor-widget-text-editor\" data-id=\"01df47f\" data-element_type=\"widget\" data-e-type=\"widget\" data-widget_type=\"text-editor.default\">\n\t\t\t\t<div class=\"elementor-widget-container\">\n\t\t\t\t\t\t\t\t\t<p><strong>T:<\/strong> +90 (342) 230 03 25-30 (5 HAT<br><strong>F:<\/strong> +90 (342) 231 10 72<\/p>\n<p><span class=\"EzKURWReUAB5oZgtQNkl\" data-src-align=\"0:7\">Factory<\/span> <span class=\"EzKURWReUAB5oZgtQNkl\" data-src-align=\"8:7\">Manager<\/span>:&nbsp;<span class=\"EzKURWReUAB5oZgtQNkl\" data-src-align=\"17:5\">Erhan<\/span> <span class=\"EzKURWReUAB5oZgtQNkl\" data-src-align=\"23:8\">H\u0130NTO\u011eLU<\/span><\/p>\t\t\t\t\t\t\t\t<\/div>\n\t\t\t\t<\/div>\n\t\t\t\t<div class=\"elementor-element elementor-element-401d94a elementor-widget elementor-widget-energium_heading\" data-id=\"401d94a\" data-element_type=\"widget\" data-e-type=\"widget\" data-widget_type=\"energium_heading.default\">\n\t\t\t\t<div class=\"elementor-widget-container\">\n\t\t\t\t\t<div class=\"energium-heading-widget\"><h6 class=\"energium-heading\"><span class=\"energium-heading-content\">E-Mail<\/span><\/h6><\/div>\t\t\t\t<\/div>\n\t\t\t\t<\/div>\n\t\t\t\t\t<\/div>\n\t\t<\/div>\n\t\t\t\t\t<\/div>\n\t\t<\/section>\n\t\t\t\t<div class=\"elementor-element elementor-element-15ba50a elementor-widget elementor-widget-text-editor\" data-id=\"15ba50a\" data-element_type=\"widget\" data-e-type=\"widget\" data-widget_type=\"text-editor.default\">\n\t\t\t\t<div class=\"elementor-widget-container\">\n\t\t\t\t\t\t\t\t\t<p>ehintoglu@ciltug.com<\/p>\t\t\t\t\t\t\t\t<\/div>\n\t\t\t\t<\/div>\n\t\t\t\t\t<\/div>\n\t\t<\/div>\n\t\t\t\t<div class=\"elementor-column elementor-col-50 elementor-top-column elementor-element elementor-element-4c7dac3 elementor-hidden-tablet_extra elementor-hidden-tablet elementor-hidden-mobile_extra elementor-hidden-mobile\" data-id=\"4c7dac3\" data-element_type=\"column\" data-e-type=\"column\">\n\t\t\t<div class=\"elementor-widget-wrap elementor-element-populated\">\n\t\t\t\t\t\t<div class=\"elementor-element elementor-element-2a52dee elementor-widget elementor-widget-google_maps\" data-id=\"2a52dee\" data-element_type=\"widget\" data-e-type=\"widget\" data-widget_type=\"google_maps.default\">\n\t\t\t\t<div class=\"elementor-widget-container\">\n\t\t\t\t\t\t\t<div class=\"elementor-custom-embed\">\n\t\t\t<iframe loading=\"lazy\"\n\t\t\t\t\tsrc=\"https:\/\/maps.google.com\/maps?q=Ba%C5%9Fp%C4%B1nar%20OSB%2C%2083101%20No%27lu%20Cadde%20No%3A21%2C%2027630%201.Organize%20Sanayi%20B%C3%B6lgesi%2F%C5%9Eehitkamil%2FGaziantep&#038;t=m&#038;z=11&#038;output=embed&#038;iwloc=near\"\n\t\t\t\t\ttitle=\"Ba\u015fp\u0131nar OSB, 83101 No&#039;lu Cadde No:21, 27630 1.Organize Sanayi B\u00f6lgesi\/\u015eehitkamil\/Gaziantep\"\n\t\t\t\t\taria-label=\"Ba\u015fp\u0131nar OSB, 83101 No&#039;lu Cadde No:21, 27630 1.Organize Sanayi B\u00f6lgesi\/\u015eehitkamil\/Gaziantep\"\n\t\t\t><\/iframe>\n\t\t<\/div>\n\t\t\t\t\t\t<\/div>\n\t\t\t\t<\/div>\n\t\t\t\t\t<\/div>\n\t\t<\/div>\n\t\t\t\t\t<\/div>\n\t\t<\/section>\n\t\t\t\t<section class=\"elementor-section elementor-top-section elementor-element elementor-element-63a26a4 elementor-section-stretched elementor-section-boxed elementor-section-height-default elementor-section-height-default\" data-id=\"63a26a4\" data-element_type=\"section\" data-e-type=\"section\" data-settings=\"{&quot;stretch_section&quot;:&quot;section-stretched&quot;}\">\n\t\t\t\t\t\t<div class=\"elementor-container elementor-column-gap-extended\">\n\t\t\t\t\t<div class=\"elementor-column elementor-col-50 elementor-top-column elementor-element elementor-element-b9e9636\" data-id=\"b9e9636\" data-element_type=\"column\" data-e-type=\"column\">\n\t\t\t<div class=\"elementor-widget-wrap elementor-element-populated\">\n\t\t\t\t\t\t<div class=\"elementor-element elementor-element-d39f9a1 elementor-widget elementor-widget-energium_heading\" data-id=\"d39f9a1\" data-element_type=\"widget\" data-e-type=\"widget\" data-widget_type=\"energium_heading.default\">\n\t\t\t\t<div class=\"elementor-widget-container\">\n\t\t\t\t\t<div class=\"energium-heading-widget\"><h2 class=\"energium-heading\"><span class=\"energium-heading-content\">Contact Us<\/span><\/h2><\/div>\t\t\t\t<\/div>\n\t\t\t\t<\/div>\n\t\t\t\t<section class=\"elementor-section elementor-inner-section elementor-element elementor-element-8624f7d elementor-section-boxed elementor-section-height-default elementor-section-height-default\" data-id=\"8624f7d\" data-element_type=\"section\" data-e-type=\"section\">\n\t\t\t\t\t\t<div class=\"elementor-container elementor-column-gap-default\">\n\t\t\t\t\t<div class=\"elementor-column elementor-col-100 elementor-inner-column elementor-element elementor-element-9a62919\" data-id=\"9a62919\" data-element_type=\"column\" data-e-type=\"column\">\n\t\t\t<div class=\"elementor-widget-wrap elementor-element-populated\">\n\t\t\t\t\t\t<div class=\"elementor-element elementor-element-f56f87d elementor-widget elementor-widget-energium_heading\" data-id=\"f56f87d\" data-element_type=\"widget\" data-e-type=\"widget\" data-widget_type=\"energium_heading.default\">\n\t\t\t\t<div class=\"elementor-widget-container\">\n\t\t\t\t\t<div class=\"energium-heading-widget\"><h4 class=\"energium-heading\"><span class=\"energium-heading-content\">Fabrika 2<\/span><\/h4><\/div>\t\t\t\t<\/div>\n\t\t\t\t<\/div>\n\t\t\t\t<div class=\"elementor-element elementor-element-900ac9a elementor-widget elementor-widget-text-editor\" data-id=\"900ac9a\" data-element_type=\"widget\" data-e-type=\"widget\" data-widget_type=\"text-editor.default\">\n\t\t\t\t<div class=\"elementor-widget-container\">\n\t\t\t\t\t\t\t\t\t<div class=\"elementor-element elementor-element-f184539 elementor-widget elementor-widget-text-editor\" data-id=\"f184539\" data-element_type=\"widget\" data-widget_type=\"text-editor.default\"><div class=\"elementor-widget-container\"><p>1. Organize Sanayi B\u00f6lgesi 83102 nolu cadde No: 12 Ba\u015fp\u0131nar-\u015eehitkamil\/Gaziantep<\/p><\/div><\/div>\t\t\t\t\t\t\t\t<\/div>\n\t\t\t\t<\/div>\n\t\t\t\t<div class=\"elementor-element elementor-element-b06e95b elementor-widget elementor-widget-energium_heading\" data-id=\"b06e95b\" data-element_type=\"widget\" data-e-type=\"widget\" data-widget_type=\"energium_heading.default\">\n\t\t\t\t<div class=\"elementor-widget-container\">\n\t\t\t\t\t<div class=\"energium-heading-widget\"><h6 class=\"energium-heading\"><span class=\"energium-heading-content\">Address:<\/span><\/h6><\/div>\t\t\t\t<\/div>\n\t\t\t\t<\/div>\n\t\t\t\t<div class=\"elementor-element elementor-element-744c58a elementor-widget elementor-widget-energium_heading\" data-id=\"744c58a\" data-element_type=\"widget\" data-e-type=\"widget\" data-widget_type=\"energium_heading.default\">\n\t\t\t\t<div class=\"elementor-widget-container\">\n\t\t\t\t\t<div class=\"energium-heading-widget\"><h6 class=\"energium-heading\"><span class=\"energium-heading-content\">Phone<\/span><\/h6><\/div>\t\t\t\t<\/div>\n\t\t\t\t<\/div>\n\t\t\t\t<div class=\"elementor-element elementor-element-94294ae elementor-widget elementor-widget-text-editor\" data-id=\"94294ae\" data-element_type=\"widget\" data-e-type=\"widget\" data-widget_type=\"text-editor.default\">\n\t\t\t\t<div class=\"elementor-widget-container\">\n\t\t\t\t\t\t\t\t\t<p><strong>T:<\/strong> +90 (342) 337 13 24<br \/><strong>F:<\/strong> +90 (342) 231 10 72<\/p><p><span class=\"EzKURWReUAB5oZgtQNkl\" data-src-align=\"0:7\">Factory<\/span> <span class=\"EzKURWReUAB5oZgtQNkl\" data-src-align=\"8:7\">M\u00fcd\u00fcr\u00fc:<\/span> <span class=\"EzKURWReUAB5oZgtQNkl\" data-src-align=\"17:5\">Erhan<\/span> <span class=\"EzKURWReUAB5oZgtQNkl\" data-src-align=\"23:8\">H\u0130NTO\u011eLU<\/span><\/p>\t\t\t\t\t\t\t\t<\/div>\n\t\t\t\t<\/div>\n\t\t\t\t<div class=\"elementor-element elementor-element-3c5d61b elementor-widget elementor-widget-energium_heading\" data-id=\"3c5d61b\" data-element_type=\"widget\" data-e-type=\"widget\" data-widget_type=\"energium_heading.default\">\n\t\t\t\t<div class=\"elementor-widget-container\">\n\t\t\t\t\t<div class=\"energium-heading-widget\"><h6 class=\"energium-heading\"><span class=\"energium-heading-content\">E-Mail<\/span><\/h6><\/div>\t\t\t\t<\/div>\n\t\t\t\t<\/div>\n\t\t\t\t\t<\/div>\n\t\t<\/div>\n\t\t\t\t\t<\/div>\n\t\t<\/section>\n\t\t\t\t<div class=\"elementor-element elementor-element-a818e20 elementor-widget elementor-widget-text-editor\" data-id=\"a818e20\" data-element_type=\"widget\" data-e-type=\"widget\" data-widget_type=\"text-editor.default\">\n\t\t\t\t<div class=\"elementor-widget-container\">\n\t\t\t\t\t\t\t\t\t<p><span class=\"EzKURWReUAB5oZgtQNkl\" data-src-align=\"33:20\">ehintoglu@ciltug.com<\/span><\/p>\t\t\t\t\t\t\t\t<\/div>\n\t\t\t\t<\/div>\n\t\t\t\t\t<\/div>\n\t\t<\/div>\n\t\t\t\t<div class=\"elementor-column elementor-col-50 elementor-top-column elementor-element elementor-element-201b676 elementor-hidden-tablet_extra elementor-hidden-tablet elementor-hidden-mobile_extra elementor-hidden-mobile\" data-id=\"201b676\" data-element_type=\"column\" data-e-type=\"column\">\n\t\t\t<div class=\"elementor-widget-wrap elementor-element-populated\">\n\t\t\t\t\t\t<div class=\"elementor-element elementor-element-a4dcc65 elementor-widget elementor-widget-google_maps\" data-id=\"a4dcc65\" data-element_type=\"widget\" data-e-type=\"widget\" data-widget_type=\"google_maps.default\">\n\t\t\t\t<div class=\"elementor-widget-container\">\n\t\t\t\t\t\t\t<div class=\"elementor-custom-embed\">\n\t\t\t<iframe loading=\"lazy\"\n\t\t\t\t\tsrc=\"https:\/\/maps.google.com\/maps?q=%C3%A7iltu%C4%9F%20saha%202&#038;t=m&#038;z=11&#038;output=embed&#038;iwloc=near\"\n\t\t\t\t\ttitle=\"\u00e7iltu\u011f saha 2\"\n\t\t\t\t\taria-label=\"\u00e7iltu\u011f saha 2\"\n\t\t\t><\/iframe>\n\t\t<\/div>\n\t\t\t\t\t\t<\/div>\n\t\t\t\t<\/div>\n\t\t\t\t\t<\/div>\n\t\t<\/div>\n\t\t\t\t\t<\/div>\n\t\t<\/section>\n\t\t\t\t<\/div>","protected":false},"excerpt":{"rendered":"<p>Atat\u00fcrk Bulvar\u0131 No:89\/2-3, 27010 Gaziantep, Turkey T: +90 (342) 230 03 25-29(5 hat) F: +90 (342) 231 10 72 \u00dcRET\u0130M GRUBU D\u0130REKT\u00d6R\u00dc \/ Y\u00d6NET\u0130M KURULU \u00dcYES\u0130 MehmetCan TUGSUZ:ctugsuz@ciltug.com GENEL M\u00dcD\u00dcR \/ \u0130\u015e GEL\u0130\u015eT\u0130RME VE SATI\u015e D\u0130REKT\u00d6R\u00dc \u015eevket ALACACI: salacaci@ciltug.com info@ciltug.com ciltug@ciltug.com&#8230;<\/p>","protected":false},"author":1,"featured_media":0,"parent":0,"menu_order":0,"comment_status":"closed","ping_status":"closed","template":"","meta":{"footnotes":""},"class_list":["post-5862","page","type-page","status-publish","hentry"],"_links":{"self":[{"href":"https:\/\/ciltug.com\/en\/wp-json\/wp\/v2\/pages\/5862","targetHints":{"allow":["GET"]}}],"collection":[{"href":"https:\/\/ciltug.com\/en\/wp-json\/wp\/v2\/pages"}],"about":[{"href":"https:\/\/ciltug.com\/en\/wp-json\/wp\/v2\/types\/page"}],"author":[{"embeddable":true,"href":"https:\/\/ciltug.com\/en\/wp-json\/wp\/v2\/users\/1"}],"replies":[{"embeddable":true,"href":"https:\/\/ciltug.com\/en\/wp-json\/wp\/v2\/comments?post=5862"}],"version-history":[{"count":61,"href":"https:\/\/ciltug.com\/en\/wp-json\/wp\/v2\/pages\/5862\/revisions"}],"predecessor-version":[{"id":7346,"href":"https:\/\/ciltug.com\/en\/wp-json\/wp\/v2\/pages\/5862\/revisions\/7346"}],"wp:attachment":[{"href":"https:\/\/ciltug.com\/en\/wp-json\/wp\/v2\/media?parent=5862"}],"curies":[{"name":"wp","href":"https:\/\/api.w.org\/{rel}","templated":true}]}}