{"id":5710,"date":"2024-05-04T01:03:13","date_gmt":"2024-05-04T01:03:13","guid":{"rendered":"https:\/\/ciltug.com\/?page_id=5710"},"modified":"2025-02-03T12:45:08","modified_gmt":"2025-02-03T12:45:08","slug":"kardes-projeler","status":"publish","type":"page","link":"https:\/\/ciltug.com\/en\/affiliated-companies\/","title":{"rendered":"Affiliated Companies"},"content":{"rendered":"<div data-elementor-type=\"wp-page\" data-elementor-id=\"5710\" class=\"elementor elementor-5710\" data-elementor-post-type=\"page\">\n\t\t\t\t\t\t<section class=\"elementor-section elementor-top-section elementor-element elementor-element-9c08481 elementor-section-boxed elementor-section-height-default elementor-section-height-default\" data-id=\"9c08481\" data-element_type=\"section\" data-e-type=\"section\">\n\t\t\t\t\t\t<div class=\"elementor-container elementor-column-gap-default\">\n\t\t\t\t\t<div class=\"elementor-column elementor-col-100 elementor-top-column elementor-element elementor-element-e00d78b\" data-id=\"e00d78b\" data-element_type=\"column\" data-e-type=\"column\">\n\t\t\t<div class=\"elementor-widget-wrap elementor-element-populated\">\n\t\t\t\t\t\t<div class=\"elementor-element elementor-element-8795038 elementor-widget elementor-widget-energium_heading\" data-id=\"8795038\" data-element_type=\"widget\" data-e-type=\"widget\" data-widget_type=\"energium_heading.default\">\n\t\t\t\t<div class=\"elementor-widget-container\">\n\t\t\t\t\t<div class=\"energium-heading-widget\"><h2 class=\"energium-heading\"><span class=\"energium-heading-content\">Affiliated Companies<\/span><\/h2><\/div>\t\t\t\t<\/div>\n\t\t\t\t<\/div>\n\t\t\t\t\t<\/div>\n\t\t<\/div>\n\t\t\t\t\t<\/div>\n\t\t<\/section>\n\t\t\t\t<section class=\"elementor-section elementor-top-section elementor-element elementor-element-b0db597 elementor-section-content-top elementor-reverse-mobile_extra elementor-reverse-mobile elementor-section-boxed elementor-section-height-default elementor-section-height-default\" data-id=\"b0db597\" data-element_type=\"section\" data-e-type=\"section\">\n\t\t\t\t\t\t<div class=\"elementor-container elementor-column-gap-default\">\n\t\t\t\t\t<div class=\"elementor-column elementor-col-100 elementor-top-column elementor-element elementor-element-3aa250f\" data-id=\"3aa250f\" data-element_type=\"column\" data-e-type=\"column\">\n\t\t\t<div class=\"elementor-widget-wrap elementor-element-populated\">\n\t\t\t\t\t\t<div class=\"elementor-element elementor-element-8402d5a elementor-widget elementor-widget-energium_heading\" data-id=\"8402d5a\" data-element_type=\"widget\" data-e-type=\"widget\" data-widget_type=\"energium_heading.default\">\n\t\t\t\t<div class=\"elementor-widget-container\">\n\t\t\t\t\t<div class=\"energium-heading-widget\"><h2 class=\"energium-heading\"><span class=\"energium-heading-content\">\u00c7a\u011flayan- Su Elektrik \u00dcretim Ltd \u015eti<\/span><\/h2><\/div>\t\t\t\t<\/div>\n\t\t\t\t<\/div>\n\t\t\t\t<div class=\"elementor-element elementor-element-e94348a elementor-widget elementor-widget-text-editor\" data-id=\"e94348a\" data-element_type=\"widget\" data-e-type=\"widget\" data-widget_type=\"text-editor.default\">\n\t\t\t\t<div class=\"elementor-widget-container\">\n\t\t\t\t\t\t\t\t\t<p><strong>Main Field of Activity:<\/strong>\u00a0Adiyaman's energy power: Adiyaman Cascade Regulator and HEPP offer solutions to the energy needs of the region with an installed capacity of 10.09 MWe. Located in Sincik district, this power center is located under the leadership of Tektu\u011f Elektrik \u00c7a\u011flayan Su Elektrik \u00dcretim Ltd. \u015eti. it is managed by. 822 Throughout Turkey. this power plant, which is ranked next, is located in Ad\u0131yaman, and 9. it is a great source of energy. At the same time, Turkey's 360. it has the property of being a large Hydroelectric Power Plant.<\/p><p>Adiyaman Caglayan HEPP produces an average of 34,440,000 kilowatt-hours of electricity per year and meets the electricity needs of 9,482 people in their daily lives. This powerful energy source provides uninterrupted energy in various areas such as residences, industrial facilities, subway transportation, official apartments and environmental lighting. Considering the electricity demand only in residential buildings, Ad\u0131yaman \u00c7a\u011flayan HEPP is an energy producer with the capacity to meet the electricity needs of 11,530 residential buildings.<\/p>\t\t\t\t\t\t\t\t<\/div>\n\t\t\t\t<\/div>\n\t\t\t\t<section class=\"elementor-section elementor-inner-section elementor-element elementor-element-b65efbb elementor-section-full_width elementor-section-height-default elementor-section-height-default\" data-id=\"b65efbb\" data-element_type=\"section\" data-e-type=\"section\">\n\t\t\t\t\t\t<div class=\"elementor-container elementor-column-gap-no\">\n\t\t\t\t\t<div class=\"elementor-column elementor-col-50 elementor-inner-column elementor-element elementor-element-bf82efc\" data-id=\"bf82efc\" data-element_type=\"column\" data-e-type=\"column\">\n\t\t\t<div class=\"elementor-widget-wrap elementor-element-populated\">\n\t\t\t\t\t\t<div class=\"elementor-element elementor-element-1fe7cf2 elementor-widget elementor-widget-text-editor\" data-id=\"1fe7cf2\" data-element_type=\"widget\" data-e-type=\"widget\" data-widget_type=\"text-editor.default\">\n\t\t\t\t<div class=\"elementor-widget-container\">\n\t\t\t\t\t\t\t\t\t<p><strong>Address:<\/strong>\u00a0Atat\u00fcrk Bul. No:89\/3 \u015eahinbey Gaziantep<br \/><b>Phone:<\/b>\u00a0+90 (342) 230 03 25<br \/><strong>Website:<\/strong>\u00a0<a href=\"http:\/\/www.tektug.com\/\" target=\"_blank\" rel=\"noopener\">www.tektug.com<\/a><br \/><strong>E-posta:<\/strong>\u00a0<a href=\"mailto:tektug@tektug.com\" target=\"_blank\" rel=\"noopener\">tektug@tektug.com<\/a>,\u00a0<a href=\"mailto:ticaret@ciltug.com\" target=\"_blank\" rel=\"noopener\">ticaret@ciltug.com<\/a><\/p>\t\t\t\t\t\t\t\t<\/div>\n\t\t\t\t<\/div>\n\t\t\t\t\t<\/div>\n\t\t<\/div>\n\t\t\t\t<div class=\"elementor-column elementor-col-50 elementor-inner-column elementor-element elementor-element-f9b5a0e\" data-id=\"f9b5a0e\" data-element_type=\"column\" data-e-type=\"column\">\n\t\t\t<div class=\"elementor-widget-wrap\">\n\t\t\t\t\t\t\t<\/div>\n\t\t<\/div>\n\t\t\t\t\t<\/div>\n\t\t<\/section>\n\t\t\t\t\t<\/div>\n\t\t<\/div>\n\t\t\t\t\t<\/div>\n\t\t<\/section>\n\t\t\t\t<section class=\"elementor-section elementor-top-section elementor-element elementor-element-38d185e elementor-section-content-top elementor-reverse-mobile_extra elementor-reverse-mobile elementor-section-boxed elementor-section-height-default elementor-section-height-default\" data-id=\"38d185e\" data-element_type=\"section\" data-e-type=\"section\">\n\t\t\t\t\t\t<div class=\"elementor-container elementor-column-gap-default\">\n\t\t\t\t\t<div class=\"elementor-column elementor-col-100 elementor-top-column elementor-element elementor-element-ae1248e\" data-id=\"ae1248e\" data-element_type=\"column\" data-e-type=\"column\">\n\t\t\t<div class=\"elementor-widget-wrap elementor-element-populated\">\n\t\t\t\t\t\t<div class=\"elementor-element elementor-element-f7c3878 elementor-widget elementor-widget-energium_heading\" data-id=\"f7c3878\" data-element_type=\"widget\" data-e-type=\"widget\" data-widget_type=\"energium_heading.default\">\n\t\t\t\t<div class=\"elementor-widget-container\">\n\t\t\t\t\t<div class=\"energium-heading-widget\"><h2 class=\"energium-heading\"><span class=\"energium-heading-content\">Sincik R\u00fczgar Elektrik \u00dcretim A.\u015e<\/span><\/h2><\/div>\t\t\t\t<\/div>\n\t\t\t\t<\/div>\n\t\t\t\t<div class=\"elementor-element elementor-element-62e0321 elementor-widget elementor-widget-text-editor\" data-id=\"62e0321\" data-element_type=\"widget\" data-e-type=\"widget\" data-widget_type=\"text-editor.default\">\n\t\t\t\t<div class=\"elementor-widget-container\">\n\t\t\t\t\t\t\t\t\t<p><strong>Main Field of Activity:<\/strong>\u00a0Another contribution to the energy power of Adiyaman: Sincik Wind Power Plant (RES) offers a strong response to the energy demand in the region with an installed capacity of 25 MWe. Located in the Alanc\u0131k region of Sincik district, this power supply is provided by Sincik Wind Electricity Generation, a subsidiary of Tektu\u011f Elektrik.Sh. it is managed by. 494 Throughout Turkey. this power plant, which is next, is located in Ad\u0131yaman, and 5. it is a large power plant. At the same time, Turkey's 169. it has the property of being a large Wind Power Plant.<\/p><p>11 Nordex wind turbines were used at Sincik Wind Farm. By generating an average of 56 thousand kilowatt-hours of electricity per year, it meets the electricity needs of 15 thousand people in their daily lives. Within this scope, it provides energy in many areas such as residences, industrial facilities, metro transportation, official apartments and environmental lighting. Considering the electricity demand only in residential buildings, Sincik Wind Power Plant is an energy producer with the capacity to meet the electrical energy needs of 18 thousand residential buildings.<\/p><p>In addition, the hybrid solar project investment in the Sincik RES project site has been granted a license by the EMRA, and the investment in a solar power plant with a capacity of 10 thousand MW has also begun.<\/p>\t\t\t\t\t\t\t\t<\/div>\n\t\t\t\t<\/div>\n\t\t\t\t<section class=\"elementor-section elementor-inner-section elementor-element elementor-element-2ffbeb7 elementor-section-full_width elementor-section-height-default elementor-section-height-default\" data-id=\"2ffbeb7\" data-element_type=\"section\" data-e-type=\"section\">\n\t\t\t\t\t\t<div class=\"elementor-container elementor-column-gap-no\">\n\t\t\t\t\t<div class=\"elementor-column elementor-col-100 elementor-inner-column elementor-element elementor-element-2ed39ec\" data-id=\"2ed39ec\" data-element_type=\"column\" data-e-type=\"column\">\n\t\t\t<div class=\"elementor-widget-wrap elementor-element-populated\">\n\t\t\t\t\t\t<div class=\"elementor-element elementor-element-6beeb8d elementor-widget elementor-widget-text-editor\" data-id=\"6beeb8d\" data-element_type=\"widget\" data-e-type=\"widget\" data-widget_type=\"text-editor.default\">\n\t\t\t\t<div class=\"elementor-widget-container\">\n\t\t\t\t\t\t\t\t\t<p><strong>Address:<\/strong>\u00a0Alanc\u0131k K\u00f6y\u00fc Sincik, Ad\u0131yaman<br \/><strong>Phone:<\/strong>\u00a0+90 (416) 421 20 95<br \/><strong>Website:<\/strong>\u00a0<a href=\"http:\/\/www.tektug.com\/\" target=\"_blank\" rel=\"noopener\">www.tektug.com<\/a><br \/><strong>E-posta:<\/strong>\u00a0<a href=\"mailto:tektug@tektug.com\" target=\"_blank\" rel=\"noopener\">tektug@tektug.com<\/a>,\u00a0<a href=\"mailto:ticaret@ciltug.com\" target=\"_blank\" rel=\"noopener\">ticaret@ciltug.com<\/a><\/p>\t\t\t\t\t\t\t\t<\/div>\n\t\t\t\t<\/div>\n\t\t\t\t\t<\/div>\n\t\t<\/div>\n\t\t\t\t\t<\/div>\n\t\t<\/section>\n\t\t\t\t\t<\/div>\n\t\t<\/div>\n\t\t\t\t\t<\/div>\n\t\t<\/section>\n\t\t\t\t<section class=\"elementor-section elementor-top-section elementor-element elementor-element-b8d68b6 elementor-section-content-top elementor-reverse-mobile_extra elementor-reverse-mobile elementor-section-boxed elementor-section-height-default elementor-section-height-default\" data-id=\"b8d68b6\" data-element_type=\"section\" data-e-type=\"section\">\n\t\t\t\t\t\t<div class=\"elementor-container elementor-column-gap-default\">\n\t\t\t\t\t<div class=\"elementor-column elementor-col-100 elementor-top-column elementor-element elementor-element-438a247\" data-id=\"438a247\" data-element_type=\"column\" data-e-type=\"column\">\n\t\t\t<div class=\"elementor-widget-wrap elementor-element-populated\">\n\t\t\t\t\t\t<div class=\"elementor-element elementor-element-b8bbc74 elementor-widget elementor-widget-energium_heading\" data-id=\"b8bbc74\" data-element_type=\"widget\" data-e-type=\"widget\" data-widget_type=\"energium_heading.default\">\n\t\t\t\t<div class=\"elementor-widget-container\">\n\t\t\t\t\t<div class=\"energium-heading-widget\"><h2 class=\"energium-heading\"><span class=\"energium-heading-content\">Tektu\u011f Elektrik Enerjisi \u0130thalat \u0130hracat ve Toptan Sat\u0131\u015f A.\u015e.<\/span><\/h2><\/div>\t\t\t\t<\/div>\n\t\t\t\t<\/div>\n\t\t\t\t<div class=\"elementor-element elementor-element-a151f88 elementor-widget elementor-widget-text-editor\" data-id=\"a151f88\" data-element_type=\"widget\" data-e-type=\"widget\" data-widget_type=\"text-editor.default\">\n\t\t\t\t<div class=\"elementor-widget-container\">\n\t\t\t\t\t\t\t\t\t<p><strong>Main Field of Activity:<\/strong>\u00a0Performs wholesale sales and direct sales activities to free consumers of the electrical energy capacity provided by the Wholesale Sales License obtained within the framework of the Electricity Market Law No. 4628.\u00a0<\/p>\t\t\t\t\t\t\t\t<\/div>\n\t\t\t\t<\/div>\n\t\t\t\t<section class=\"elementor-section elementor-inner-section elementor-element elementor-element-add96b6 elementor-section-full_width elementor-section-height-default elementor-section-height-default\" data-id=\"add96b6\" data-element_type=\"section\" data-e-type=\"section\">\n\t\t\t\t\t\t<div class=\"elementor-container elementor-column-gap-no\">\n\t\t\t\t\t<div class=\"elementor-column elementor-col-100 elementor-inner-column elementor-element elementor-element-a9ac654\" data-id=\"a9ac654\" data-element_type=\"column\" data-e-type=\"column\">\n\t\t\t<div class=\"elementor-widget-wrap elementor-element-populated\">\n\t\t\t\t\t\t<div class=\"elementor-element elementor-element-4933a49 elementor-widget elementor-widget-text-editor\" data-id=\"4933a49\" data-element_type=\"widget\" data-e-type=\"widget\" data-widget_type=\"text-editor.default\">\n\t\t\t\t<div class=\"elementor-widget-container\">\n\t\t\t\t\t\t\t\t\t<p><strong>Address:<\/strong>\u00a0Akyol Mahallesi Atat\u00fcrk Bulvar\u0131 No:89\/2 \u015eahinbey \/ Gaziantep<br \/><strong>Phone:<\/strong>\u00a0+90\u00a0\u00a0(342) 230 03 26<br \/><strong>Fax:<\/strong>\u00a0+90\u00a0\u00a0(342) 231 10 72<\/p>\t\t\t\t\t\t\t\t<\/div>\n\t\t\t\t<\/div>\n\t\t\t\t\t<\/div>\n\t\t<\/div>\n\t\t\t\t\t<\/div>\n\t\t<\/section>\n\t\t\t\t\t<\/div>\n\t\t<\/div>\n\t\t\t\t\t<\/div>\n\t\t<\/section>\n\t\t\t\t<section class=\"elementor-section elementor-top-section elementor-element elementor-element-705fbca elementor-section-content-top elementor-reverse-mobile_extra elementor-reverse-mobile elementor-section-boxed elementor-section-height-default elementor-section-height-default\" data-id=\"705fbca\" data-element_type=\"section\" data-e-type=\"section\">\n\t\t\t\t\t\t<div class=\"elementor-container elementor-column-gap-default\">\n\t\t\t\t\t<div class=\"elementor-column elementor-col-100 elementor-top-column elementor-element elementor-element-59e89df\" data-id=\"59e89df\" data-element_type=\"column\" data-e-type=\"column\">\n\t\t\t<div class=\"elementor-widget-wrap elementor-element-populated\">\n\t\t\t\t\t\t<div class=\"elementor-element elementor-element-4c06aa0 elementor-widget elementor-widget-energium_heading\" data-id=\"4c06aa0\" data-element_type=\"widget\" data-e-type=\"widget\" data-widget_type=\"energium_heading.default\">\n\t\t\t\t<div class=\"elementor-widget-container\">\n\t\t\t\t\t<div class=\"energium-heading-widget\"><h2 class=\"energium-heading\"><span class=\"energium-heading-content\">Tu\u011fcan Otelcilik Turizm A.\u015e<\/span><\/h2><\/div>\t\t\t\t<\/div>\n\t\t\t\t<\/div>\n\t\t\t\t<div class=\"elementor-element elementor-element-0ec46ca elementor-widget elementor-widget-text-editor\" data-id=\"0ec46ca\" data-element_type=\"widget\" data-e-type=\"widget\" data-widget_type=\"text-editor.default\">\n\t\t\t\t<div class=\"elementor-widget-container\">\n\t\t\t\t\t\t\t\t\t<p><strong>Main Field of Activity:\u00a0<\/strong>Tu\u011fcan Hotel, the first five-star hotel in the Southeastern Anatolia Region and Gaziantep, has been offering modern accommodation services to its guests since 1993.\u00a0<\/p><p>With a total of 186 standard, deluxe and suite guest rooms; 9 meeting rooms, 2 restaurants and a health club, it provides comfort to today's business and sightseeing travelers with the highest level of technology and infrastructure that constantly renews itself.<\/p>\t\t\t\t\t\t\t\t<\/div>\n\t\t\t\t<\/div>\n\t\t\t\t<section class=\"elementor-section elementor-inner-section elementor-element elementor-element-23a362c elementor-section-full_width elementor-section-height-default elementor-section-height-default\" data-id=\"23a362c\" data-element_type=\"section\" data-e-type=\"section\">\n\t\t\t\t\t\t<div class=\"elementor-container elementor-column-gap-no\">\n\t\t\t\t\t<div class=\"elementor-column elementor-col-100 elementor-inner-column elementor-element elementor-element-0a810c4\" data-id=\"0a810c4\" data-element_type=\"column\" data-e-type=\"column\">\n\t\t\t<div class=\"elementor-widget-wrap elementor-element-populated\">\n\t\t\t\t\t\t<div class=\"elementor-element elementor-element-fb184da elementor-widget elementor-widget-text-editor\" data-id=\"fb184da\" data-element_type=\"widget\" data-e-type=\"widget\" data-widget_type=\"text-editor.default\">\n\t\t\t\t<div class=\"elementor-widget-container\">\n\t\t\t\t\t\t\t\t\t<p><strong>Address:<\/strong>\u00a0Atat\u00fcrk Bulvar\u0131 No:34, 27010, Gaziantep, T\u00fcrkiye<br \/><strong>Phone:<\/strong>\u00a00 (342) 220 43 23\u00a0 PBX<br \/><strong>Fax:<\/strong>\u00a00 (342) 220 32 42<br \/><strong>Website:<\/strong>\u00a0<a href=\"http:\/\/www.tugcanhotel.com.tr\/\" target=\"_blank\" rel=\"noopener\">www.tugcanhotel.com.tr<\/a><br \/><strong>E-mail:<\/strong>\u00a0<a href=\"https:\/\/tektug.com\/tr\/corporate\/tugcan@tugcanhotel.com.tr\">tugcan@tugcanhotel.com.tr<\/a><\/p>\t\t\t\t\t\t\t\t<\/div>\n\t\t\t\t<\/div>\n\t\t\t\t\t<\/div>\n\t\t<\/div>\n\t\t\t\t\t<\/div>\n\t\t<\/section>\n\t\t\t\t\t<\/div>\n\t\t<\/div>\n\t\t\t\t\t<\/div>\n\t\t<\/section>\n\t\t\t\t<section class=\"elementor-section elementor-top-section elementor-element elementor-element-843ebe6 elementor-section-full_width elementor-section-stretched elementor-section-height-default elementor-section-height-default\" data-id=\"843ebe6\" data-element_type=\"section\" data-e-type=\"section\" data-settings=\"{&quot;stretch_section&quot;:&quot;section-stretched&quot;}\">\n\t\t\t\t\t\t<div class=\"elementor-container elementor-column-gap-no\">\n\t\t\t\t\t<div class=\"elementor-column elementor-col-50 elementor-top-column elementor-element elementor-element-0fe0e2c\" data-id=\"0fe0e2c\" data-element_type=\"column\" data-e-type=\"column\">\n\t\t\t<div class=\"elementor-widget-wrap\">\n\t\t\t\t\t\t\t<\/div>\n\t\t<\/div>\n\t\t\t\t<div class=\"elementor-column elementor-col-50 elementor-top-column elementor-element elementor-element-3b61a5d\" data-id=\"3b61a5d\" data-element_type=\"column\" data-e-type=\"column\">\n\t\t\t<div class=\"elementor-widget-wrap elementor-element-populated\">\n\t\t\t\t\t\t<div class=\"elementor-element elementor-element-cb843e5 type-5 elementor-hidden-mobile elementor-absolute elementor-invisible elementor-widget elementor-widget-energium_decoration\" data-id=\"cb843e5\" data-element_type=\"widget\" data-e-type=\"widget\" data-settings=\"{&quot;_position&quot;:&quot;absolute&quot;,&quot;_animation&quot;:&quot;energium_decoration&quot;}\" data-widget_type=\"energium_decoration.default\">\n\t\t\t\t<div class=\"elementor-widget-container\">\n\t\t\t\t\t<div class=\"decoration\"><div class=\"decoration-inner-1\"><div class=\"decoration-inner-2\"><div class=\"decoration-inner-3\"><\/div><\/div><\/div><\/div>\t\t\t\t<\/div>\n\t\t\t\t<\/div>\n\t\t\t\t\t<\/div>\n\t\t<\/div>\n\t\t\t\t\t<\/div>\n\t\t<\/section>\n\t\t\t\t<\/div>","protected":false},"excerpt":{"rendered":"<p>Ana Faaliyet Konusu:\u00a0Ad\u0131yaman&#8217;\u0131n enerji g\u00fcc\u00fc: Ad\u0131yaman \u00c7a\u011flayan Reg\u00fclat\u00f6r\u00fc ve HES, 10,09 MWe kurulu g\u00fcc\u00fcyle b\u00f6lgenin enerji ihtiyac\u0131na \u00e7\u00f6z\u00fcm sunuyor. Sincik il\u00e7esinde yer alan bu g\u00fc\u00e7 merkezi, Tektu\u011f Elektrik&#8217;in \u00f6nc\u00fcl\u00fck etti\u011fi \u00c7a\u011flayan Su Elektrik \u00dcretim Ltd. \u015eti. taraf\u0131ndan y\u00f6netilmektedir. T\u00fcrkiye genelinde 822&#8230;.<\/p>","protected":false},"author":1,"featured_media":0,"parent":0,"menu_order":0,"comment_status":"closed","ping_status":"closed","template":"","meta":{"footnotes":""},"class_list":["post-5710","page","type-page","status-publish","hentry"],"_links":{"self":[{"href":"https:\/\/ciltug.com\/en\/wp-json\/wp\/v2\/pages\/5710","targetHints":{"allow":["GET"]}}],"collection":[{"href":"https:\/\/ciltug.com\/en\/wp-json\/wp\/v2\/pages"}],"about":[{"href":"https:\/\/ciltug.com\/en\/wp-json\/wp\/v2\/types\/page"}],"author":[{"embeddable":true,"href":"https:\/\/ciltug.com\/en\/wp-json\/wp\/v2\/users\/1"}],"replies":[{"embeddable":true,"href":"https:\/\/ciltug.com\/en\/wp-json\/wp\/v2\/comments?post=5710"}],"version-history":[{"count":26,"href":"https:\/\/ciltug.com\/en\/wp-json\/wp\/v2\/pages\/5710\/revisions"}],"predecessor-version":[{"id":7269,"href":"https:\/\/ciltug.com\/en\/wp-json\/wp\/v2\/pages\/5710\/revisions\/7269"}],"wp:attachment":[{"href":"https:\/\/ciltug.com\/en\/wp-json\/wp\/v2\/media?parent=5710"}],"curies":[{"name":"wp","href":"https:\/\/api.w.org\/{rel}","templated":true}]}}