{"id":5663,"date":"2024-05-03T23:59:02","date_gmt":"2024-05-03T23:59:02","guid":{"rendered":"https:\/\/ciltug.com\/?page_id=5663"},"modified":"2026-03-25T10:17:05","modified_gmt":"2026-03-25T10:17:05","slug":"hakkimizda","status":"publish","type":"page","link":"https:\/\/ciltug.com\/en\/about-us\/","title":{"rendered":"About Us"},"content":{"rendered":"<div data-elementor-type=\"wp-page\" data-elementor-id=\"5663\" class=\"elementor elementor-5663\" data-elementor-post-type=\"page\">\n\t\t\t\t\t\t<section class=\"elementor-section elementor-top-section elementor-element elementor-element-ad92163 elementor-section-boxed elementor-section-height-default elementor-section-height-default\" data-id=\"ad92163\" data-element_type=\"section\" data-e-type=\"section\">\n\t\t\t\t\t\t<div class=\"elementor-container elementor-column-gap-default\">\n\t\t\t\t\t<div class=\"elementor-column elementor-col-100 elementor-top-column elementor-element elementor-element-54cd0e6\" data-id=\"54cd0e6\" data-element_type=\"column\" data-e-type=\"column\">\n\t\t\t<div class=\"elementor-widget-wrap elementor-element-populated\">\n\t\t\t\t\t\t<div class=\"elementor-element elementor-element-81e3fde elementor-widget elementor-widget-energium_heading\" data-id=\"81e3fde\" data-element_type=\"widget\" data-e-type=\"widget\" data-widget_type=\"energium_heading.default\">\n\t\t\t\t<div class=\"elementor-widget-container\">\n\t\t\t\t\t<div class=\"energium-heading-widget\"><h2 class=\"energium-heading\"><span class=\"energium-heading-content\">About Us<\/span><\/h2><\/div>\t\t\t\t<\/div>\n\t\t\t\t<\/div>\n\t\t\t\t\t<\/div>\n\t\t<\/div>\n\t\t\t\t\t<\/div>\n\t\t<\/section>\n\t\t\t\t<section class=\"elementor-section elementor-top-section elementor-element elementor-element-49827021 elementor-section-boxed elementor-section-height-default elementor-section-height-default\" data-id=\"49827021\" data-element_type=\"section\" data-e-type=\"section\">\n\t\t\t\t\t\t<div class=\"elementor-container elementor-column-gap-default\">\n\t\t\t\t\t<div class=\"elementor-column elementor-col-33 elementor-top-column elementor-element elementor-element-3d540328\" data-id=\"3d540328\" data-element_type=\"column\" data-e-type=\"column\">\n\t\t\t<div class=\"elementor-widget-wrap elementor-element-populated\">\n\t\t\t\t\t\t<div class=\"elementor-element elementor-element-4ef93b9 elementor-widget elementor-widget-heading\" data-id=\"4ef93b9\" data-element_type=\"widget\" data-e-type=\"widget\" data-widget_type=\"heading.default\">\n\t\t\t\t<div class=\"elementor-widget-container\">\n\t\t\t\t\t<h5 class=\"elementor-heading-title elementor-size-default\">32.000 m\u00b2\n<\/h5>\t\t\t\t<\/div>\n\t\t\t\t<\/div>\n\t\t\t\t<div class=\"elementor-element elementor-element-0fb004b elementor-widget elementor-widget-text-editor\" data-id=\"0fb004b\" data-element_type=\"widget\" data-e-type=\"widget\" data-widget_type=\"text-editor.default\">\n\t\t\t\t<div class=\"elementor-widget-container\">\n\t\t\t\t\t\t\t\t\t<p>Outdoor area<\/p>\t\t\t\t\t\t\t\t<\/div>\n\t\t\t\t<\/div>\n\t\t\t\t<div class=\"elementor-element elementor-element-c955e4a elementor-widget-divider--view-line elementor-widget elementor-widget-divider\" data-id=\"c955e4a\" data-element_type=\"widget\" data-e-type=\"widget\" data-widget_type=\"divider.default\">\n\t\t\t\t<div class=\"elementor-widget-container\">\n\t\t\t\t\t\t\t<div class=\"elementor-divider\">\n\t\t\t<span class=\"elementor-divider-separator\">\n\t\t\t\t\t\t<\/span>\n\t\t<\/div>\n\t\t\t\t\t\t<\/div>\n\t\t\t\t<\/div>\n\t\t\t\t<div class=\"elementor-element elementor-element-7a9d9e9 elementor-widget elementor-widget-heading\" data-id=\"7a9d9e9\" data-element_type=\"widget\" data-e-type=\"widget\" data-widget_type=\"heading.default\">\n\t\t\t\t<div class=\"elementor-widget-container\">\n\t\t\t\t\t<h5 class=\"elementor-heading-title elementor-size-default\">17.000 m\u00b2<\/h5>\t\t\t\t<\/div>\n\t\t\t\t<\/div>\n\t\t\t\t<div class=\"elementor-element elementor-element-f172c44 elementor-widget elementor-widget-text-editor\" data-id=\"f172c44\" data-element_type=\"widget\" data-e-type=\"widget\" data-widget_type=\"text-editor.default\">\n\t\t\t\t<div class=\"elementor-widget-container\">\n\t\t\t\t\t\t\t\t\t<p>Indoor area<\/p>\t\t\t\t\t\t\t\t<\/div>\n\t\t\t\t<\/div>\n\t\t\t\t<div class=\"elementor-element elementor-element-ccab05f elementor-widget-divider--view-line elementor-widget elementor-widget-divider\" data-id=\"ccab05f\" data-element_type=\"widget\" data-e-type=\"widget\" data-widget_type=\"divider.default\">\n\t\t\t\t<div class=\"elementor-widget-container\">\n\t\t\t\t\t\t\t<div class=\"elementor-divider\">\n\t\t\t<span class=\"elementor-divider-separator\">\n\t\t\t\t\t\t<\/span>\n\t\t<\/div>\n\t\t\t\t\t\t<\/div>\n\t\t\t\t<\/div>\n\t\t\t\t<div class=\"elementor-element elementor-element-55df034 elementor-widget elementor-widget-heading\" data-id=\"55df034\" data-element_type=\"widget\" data-e-type=\"widget\" data-widget_type=\"heading.default\">\n\t\t\t\t<div class=\"elementor-widget-container\">\n\t\t\t\t\t<h5 class=\"elementor-heading-title elementor-size-default\">15.000 Tons<\/h5>\t\t\t\t<\/div>\n\t\t\t\t<\/div>\n\t\t\t\t<div class=\"elementor-element elementor-element-1f13b6b elementor-widget elementor-widget-text-editor\" data-id=\"1f13b6b\" data-element_type=\"widget\" data-e-type=\"widget\" data-widget_type=\"text-editor.default\">\n\t\t\t\t<div class=\"elementor-widget-container\">\n\t\t\t\t\t\t\t\t\t<p>Welded &amp; Machined Components \/ YR<\/p>\t\t\t\t\t\t\t\t<\/div>\n\t\t\t\t<\/div>\n\t\t\t\t<div class=\"elementor-element elementor-element-93a175a elementor-widget-divider--view-line elementor-widget elementor-widget-divider\" data-id=\"93a175a\" data-element_type=\"widget\" data-e-type=\"widget\" data-widget_type=\"divider.default\">\n\t\t\t\t<div class=\"elementor-widget-container\">\n\t\t\t\t\t\t\t<div class=\"elementor-divider\">\n\t\t\t<span class=\"elementor-divider-separator\">\n\t\t\t\t\t\t<\/span>\n\t\t<\/div>\n\t\t\t\t\t\t<\/div>\n\t\t\t\t<\/div>\n\t\t\t\t<div class=\"elementor-element elementor-element-494a418 elementor-widget elementor-widget-heading\" data-id=\"494a418\" data-element_type=\"widget\" data-e-type=\"widget\" data-widget_type=\"heading.default\">\n\t\t\t\t<div class=\"elementor-widget-container\">\n\t\t\t\t\t<h5 class=\"elementor-heading-title elementor-size-default\">10.000 Tons<\/h5>\t\t\t\t<\/div>\n\t\t\t\t<\/div>\n\t\t\t\t<div class=\"elementor-element elementor-element-a38ca2e elementor-widget elementor-widget-text-editor\" data-id=\"a38ca2e\" data-element_type=\"widget\" data-e-type=\"widget\" data-widget_type=\"text-editor.default\">\n\t\t\t\t<div class=\"elementor-widget-container\">\n\t\t\t\t\t\t\t\t\t<p>Wind Tower &amp; Frames \/ YR<\/p>\t\t\t\t\t\t\t\t<\/div>\n\t\t\t\t<\/div>\n\t\t\t\t<div class=\"elementor-element elementor-element-2ff5e5d elementor-widget-divider--view-line elementor-widget elementor-widget-divider\" data-id=\"2ff5e5d\" data-element_type=\"widget\" data-e-type=\"widget\" data-widget_type=\"divider.default\">\n\t\t\t\t<div class=\"elementor-widget-container\">\n\t\t\t\t\t\t\t<div class=\"elementor-divider\">\n\t\t\t<span class=\"elementor-divider-separator\">\n\t\t\t\t\t\t<\/span>\n\t\t<\/div>\n\t\t\t\t\t\t<\/div>\n\t\t\t\t<\/div>\n\t\t\t\t<div class=\"elementor-element elementor-element-2d312e5 elementor-widget elementor-widget-heading\" data-id=\"2d312e5\" data-element_type=\"widget\" data-e-type=\"widget\" data-widget_type=\"heading.default\">\n\t\t\t\t<div class=\"elementor-widget-container\">\n\t\t\t\t\t<h5 class=\"elementor-heading-title elementor-size-default\">50 People<\/h5>\t\t\t\t<\/div>\n\t\t\t\t<\/div>\n\t\t\t\t<div class=\"elementor-element elementor-element-6472718 elementor-widget elementor-widget-text-editor\" data-id=\"6472718\" data-element_type=\"widget\" data-e-type=\"widget\" data-widget_type=\"text-editor.default\">\n\t\t\t\t<div class=\"elementor-widget-container\">\n\t\t\t\t\t\t\t\t\t<p>Administrative &amp; Techn\u0131cal Staff<\/p>\t\t\t\t\t\t\t\t<\/div>\n\t\t\t\t<\/div>\n\t\t\t\t<div class=\"elementor-element elementor-element-885718a elementor-widget-divider--view-line elementor-widget elementor-widget-divider\" data-id=\"885718a\" data-element_type=\"widget\" data-e-type=\"widget\" data-widget_type=\"divider.default\">\n\t\t\t\t<div class=\"elementor-widget-container\">\n\t\t\t\t\t\t\t<div class=\"elementor-divider\">\n\t\t\t<span class=\"elementor-divider-separator\">\n\t\t\t\t\t\t<\/span>\n\t\t<\/div>\n\t\t\t\t\t\t<\/div>\n\t\t\t\t<\/div>\n\t\t\t\t<div class=\"elementor-element elementor-element-5420d0f elementor-widget elementor-widget-heading\" data-id=\"5420d0f\" data-element_type=\"widget\" data-e-type=\"widget\" data-widget_type=\"heading.default\">\n\t\t\t\t<div class=\"elementor-widget-container\">\n\t\t\t\t\t<h5 class=\"elementor-heading-title elementor-size-default\">250 People<\/h5>\t\t\t\t<\/div>\n\t\t\t\t<\/div>\n\t\t\t\t<div class=\"elementor-element elementor-element-b73a54a elementor-widget elementor-widget-text-editor\" data-id=\"b73a54a\" data-element_type=\"widget\" data-e-type=\"widget\" data-widget_type=\"text-editor.default\">\n\t\t\t\t<div class=\"elementor-widget-container\">\n\t\t\t\t\t\t\t\t\t<div class=\"container\"><div class=\"row\"><div class=\"col-md-7 offset-md-5 col-lg-3 offset-lg-0 mb-0\"><div class=\"py-4 text-center\"><p>Blue Collar Employees<\/p><\/div><\/div><\/div><\/div>\t\t\t\t\t\t\t\t<\/div>\n\t\t\t\t<\/div>\n\t\t\t\t<div class=\"elementor-element elementor-element-6e34528 elementor-widget-divider--view-line elementor-widget elementor-widget-divider\" data-id=\"6e34528\" data-element_type=\"widget\" data-e-type=\"widget\" data-widget_type=\"divider.default\">\n\t\t\t\t<div class=\"elementor-widget-container\">\n\t\t\t\t\t\t\t<div class=\"elementor-divider\">\n\t\t\t<span class=\"elementor-divider-separator\">\n\t\t\t\t\t\t<\/span>\n\t\t<\/div>\n\t\t\t\t\t\t<\/div>\n\t\t\t\t<\/div>\n\t\t\t\t<div class=\"elementor-element elementor-element-05555b2 elementor-widget-divider--view-line elementor-widget elementor-widget-divider\" data-id=\"05555b2\" data-element_type=\"widget\" data-e-type=\"widget\" data-widget_type=\"divider.default\">\n\t\t\t\t<div class=\"elementor-widget-container\">\n\t\t\t\t\t\t\t<div class=\"elementor-divider\">\n\t\t\t<span class=\"elementor-divider-separator\">\n\t\t\t\t\t\t<\/span>\n\t\t<\/div>\n\t\t\t\t\t\t<\/div>\n\t\t\t\t<\/div>\n\t\t\t\t<div class=\"elementor-element elementor-element-f3858d8 elementor-widget-divider--view-line elementor-widget elementor-widget-divider\" data-id=\"f3858d8\" data-element_type=\"widget\" data-e-type=\"widget\" data-widget_type=\"divider.default\">\n\t\t\t\t<div class=\"elementor-widget-container\">\n\t\t\t\t\t\t\t<div class=\"elementor-divider\">\n\t\t\t<span class=\"elementor-divider-separator\">\n\t\t\t\t\t\t<\/span>\n\t\t<\/div>\n\t\t\t\t\t\t<\/div>\n\t\t\t\t<\/div>\n\t\t\t\t\t<\/div>\n\t\t<\/div>\n\t\t\t\t<div class=\"elementor-column elementor-col-66 elementor-top-column elementor-element elementor-element-3773989a\" data-id=\"3773989a\" data-element_type=\"column\" data-e-type=\"column\">\n\t\t\t<div class=\"elementor-widget-wrap elementor-element-populated\">\n\t\t\t\t\t\t<div class=\"elementor-element elementor-element-d3e2aa4 elementor-widget elementor-widget-text-editor\" data-id=\"d3e2aa4\" data-element_type=\"widget\" data-e-type=\"widget\" data-widget_type=\"text-editor.default\">\n\t\t\t\t<div class=\"elementor-widget-container\">\n\t\t\t\t\t\t\t\t\t<p>\u00c7iltu\u011f Is\u0131 Sanayi Ve Tic. A.\u015e. hem yerli hem de uluslararas\u0131 \u00f6l\u00e7ekte a\u011f\u0131r sanayi m\u00fchendisli\u011fi, hidro-power m\u00fchendisli\u011fi ve hidroelektrik tasar\u0131m\u0131nda \u00f6nemli bir rol oynamaktad\u0131r. \u00c7iltu\u011f Is\u0131 Sanayi Ve Tic. A.\u015e. engin deneyimli personeli ve \u00f6zenle tesis edilmi\u015f kurumsal k\u00fclt\u00fcr\u00fc sayesinde, g\u00fcn\u00fcm\u00fczde HES, RES ve altyap\u0131 projelerinde \u00f6nemli bir b\u00f6lgesel lider konumundad\u0131r. \u00c7iltu\u011f Is\u0131 Sanayi Ve Tic. A.\u015e. enerji sekt\u00f6r\u00fcndeki en \u00e7ok tercih edilen \u00e7\u00f6z\u00fcm orta\u011f\u0131 olma maksad\u0131yla m\u00fchendislik, tasar\u0131m, in\u015fa, bak\u0131m ve dan\u0131\u015fmanl\u0131k hizmetleri sa\u011flamaktad\u0131r. 15.05.1971 tarihinde Kolektif \u015eirket olarak Gaziantep\u2019te faaliyete ge\u00e7en \u015firketimizin stat\u00fcs\u00fc\u0308 01.04.1976\u2019da Anonim \u015eirket haline d\u00f6n\u00fc\u015fm\u00fc\u015ft\u00fcr 1977 y\u0131l\u0131nda tevziat ve modernizasyon a\u015famas\u0131n\u0131 tamamlayarak 1980 y\u0131l\u0131ndan itibaren \u015firketler toplulu\u011fu halinde geli\u015fmeye ba\u015flam\u0131\u015ft\u0131r.<\/p><ul><li>Our Heavy Machinery and Steel Structure Factory<sup>2<\/sup>\u00a0established on 10,000 sqm.<sup>2<\/sup>\u00a0covered area and 7,000 sqm.\u00a0<strong>outdoor area,<\/strong><\/li><li>Our Wind Tower and Accessories Construction Factory<sup>2<\/sup>\u00a0is established on 5,000 sqm.<sup>2<\/sup>\u00a0covered area and 7,000 sqm.\u00a0<strong>covered area and\u00a0<\/strong>32,000 sqm. outdoor area.<\/li><\/ul><p>Both of these factories are located within the 1st Industrial Zone of Gaziantep city in South-East of Turkey where\u00a0<strong>220 km away from Iskenderun Sea port<\/strong>,\u00a0<strong>and 280 km away from Mersin Seaport<\/strong>\u00a0All workshop fabrication and erection works are achieved by our well-experienced technical personnel under the international\u00a0<strong>Quality Management Systems ISO 9001:2015.<\/strong>\u00a0In addition to this standard, our technical team is equipped with\u00a0<strong>EN ISO 3834-2<\/strong>\u00a0Fusion Welding of Metallic Materials Management Quality Requirements System,\u00a0<strong>ASME U&amp;S Onay\u0131\u2019<\/strong>na,<strong>\u00a0ISO 14001:2004 ve OHSAS 18001:2007<\/strong>\u00a0He has Occupational Health Safety and Environmental Management System certificates.<\/p><p>All our engineers working in our factories are from accredited companies that have been approved by international institutions for NDT tests\u00a0<strong>EN ISO 9712<\/strong>\u00a0or at the Level-II level in SNT-TC-1A standards, all welders we employ<strong>\u00a0if EN ISO 9606-1\u00a0<\/strong>they have a test certificate in their standards.<\/p>\t\t\t\t\t\t\t\t<\/div>\n\t\t\t\t<\/div>\n\t\t\t\t\t<\/div>\n\t\t<\/div>\n\t\t\t\t\t<\/div>\n\t\t<\/section>\n\t\t\t\t<section class=\"elementor-section elementor-top-section elementor-element elementor-element-41ba2e7 elementor-section-height-min-height elementor-section-stretched elementor-section-boxed elementor-section-height-default elementor-section-items-middle\" data-id=\"41ba2e7\" data-element_type=\"section\" data-e-type=\"section\" data-settings=\"{&quot;stretch_section&quot;:&quot;section-stretched&quot;,&quot;background_background&quot;:&quot;classic&quot;}\">\n\t\t\t\t\t\t<div class=\"elementor-container elementor-column-gap-extended\">\n\t\t\t\t\t<div class=\"elementor-column elementor-col-50 elementor-top-column elementor-element elementor-element-434e230 elementor-invisible\" data-id=\"434e230\" data-element_type=\"column\" data-e-type=\"column\" data-settings=\"{&quot;background_background&quot;:&quot;classic&quot;,&quot;animation&quot;:&quot;fadeInLeft&quot;}\">\n\t\t\t<div class=\"elementor-widget-wrap elementor-element-populated\">\n\t\t\t\t\t\t<div class=\"elementor-element elementor-element-b799f96 elementor-view-default pulse-animation-no elementor-widget elementor-widget-icon\" data-id=\"b799f96\" data-element_type=\"widget\" data-e-type=\"widget\" data-widget_type=\"icon.default\">\n\t\t\t\t<div class=\"elementor-widget-container\">\n\t\t\t\t\t\t\t<div class=\"elementor-icon-wrapper\">\n\t\t\t<div class=\"elementor-icon\">\n\t\t\t<i aria-hidden=\"true\" class=\"fontello icon-testimonials\"><\/i>\t\t\t<\/div>\n\t\t<\/div>\n\t\t\t\t\t\t<\/div>\n\t\t\t\t<\/div>\n\t\t\t\t<div class=\"elementor-element elementor-element-4f4bf97 elementor-widget elementor-widget-energium_heading\" data-id=\"4f4bf97\" data-element_type=\"widget\" data-e-type=\"widget\" data-widget_type=\"energium_heading.default\">\n\t\t\t\t<div class=\"elementor-widget-container\">\n\t\t\t\t\t<div class=\"energium-heading-widget\"><h2 class=\"energium-heading\"><span class=\"energium-heading-content\">Message from the Chairman<\/span><\/h2><\/div>\t\t\t\t<\/div>\n\t\t\t\t<\/div>\n\t\t\t\t<div class=\"elementor-element elementor-element-adc1f6a elementor-widget elementor-widget-energium_testimonial_carousel\" data-id=\"adc1f6a\" data-element_type=\"widget\" data-e-type=\"widget\" data-widget_type=\"energium_testimonial_carousel.default\">\n\t\t\t\t<div class=\"elementor-widget-container\">\n\t\t\t\t\t\n        <div class=\"energium-testimonial-carousel-widget\">\n            <div class=\"testimonial-carousel-wrapper\">\n\n                <div class=\"testimonials-slider-container\">\n                    <div class=\"testimonials-slider owl-carousel owl-theme\" data-slider-options=\"{&quot;items&quot;:1,&quot;nav&quot;:false,&quot;dots&quot;:false,&quot;autoplayHoverPause&quot;:true,&quot;autoplay&quot;:true,&quot;autoplaySpeed&quot;:300,&quot;autoplayTimeout&quot;:5000,&quot;loop&quot;:true,&quot;dragEndSpeed&quot;:500,&quot;navEndSpeed&quot;:500,&quot;dotsSpeed&quot;:500,&quot;dotsContainer&quot;:&quot;.owl-dots-adc1f6a&quot;,&quot;progress&quot;:false}\">\n                        <div class=\"testimonial-item slider-item slider-item-type-2\"><div class=\"testimonial\"><p>Our company started operations in 1971 and we are proud of our achievements, but we also think that it is not enough and there is much more to accomplish...<\/p><p>In 1965, when I was a new engineer, I started to work at Keban Dam project. That was a great project for Turkey in those years and fabrication of high pressurized dam gates was a dream for the industry. We used to import them from the USA, and in Europe projects of this sort were being discussed if they are doable in Europe or not. So looking back, from 1965 to this day, with so many completed mega water dams and HEPP projects all over Turkey, it is a proud moment for our company and for Turkish engineers in general.<\/p><p>Up until this day, our company has successfully completed large numbers of international joint venture HEPP and water dam projects such as Karakaya and Atat\u00fcrk Dams. We have increased our experience and know-how while investing a great deal in our machine park and equipment. I believe with our highly experienced engineers, production team and large machine park, we have become experts in the hydro-mechanical sector.<\/p><p>Currently, we have the capacity and know how to successfully manufacture and complete turnkey projects for worldwide energy investments in all types of hydro-mechanical and electromechanical equipment, all types of turbines, generator parts, inlet pipe, inlet valve, spiral case &amp; stay ring, draft tubes, and turbine housings. General Electric, Voith, Siemens, Alstom are some of our customers for these types of products and we are producing for a number of investments in various countries such as USA, Canada, EU countries, Middle East and Far Eastern locations.<\/p><p>Our new goal is to concentrate more on renewable energy sector such as HEPP projects, and Turkish wind energy investments, which is around 1,000 in total. We are preparing to increase our capacity to manufacture turbines, generator parts and wind towers for the renewable sector and hope to become the sole supplier of individual renewable projects.<\/p><\/div><div class=\"author-container\"><div class=\"author-info\"><\/div><\/div><\/div>                    <\/div>\n                <\/div>\n                            <\/div>\n        <\/div>\n\n        \t\t\t\t<\/div>\n\t\t\t\t<\/div>\n\t\t\t\t<div class=\"elementor-element elementor-element-93e3e1e elementor-widget__width-auto elementor-widget elementor-widget-image\" data-id=\"93e3e1e\" data-element_type=\"widget\" data-e-type=\"widget\" data-widget_type=\"image.default\">\n\t\t\t\t<div class=\"elementor-widget-container\">\n\t\t\t\t\t\t\t\t\t\t\t\t\t\t\t<img decoding=\"async\" width=\"280\" height=\"95\" src=\"https:\/\/ciltug.com\/wp-content\/uploads\/2024\/05\/ibrahim-tugsuz-280x95.png\" class=\"attachment-energium_post_grid_6_columns size-energium_post_grid_6_columns wp-image-5696\" alt=\"\" \/>\t\t\t\t\t\t\t\t\t\t\t\t\t\t\t<\/div>\n\t\t\t\t<\/div>\n\t\t\t\t\t<\/div>\n\t\t<\/div>\n\t\t\t\t<div class=\"elementor-column elementor-col-50 elementor-top-column elementor-element elementor-element-cb2a3e2 elementor-hidden-mobile\" data-id=\"cb2a3e2\" data-element_type=\"column\" data-e-type=\"column\">\n\t\t\t<div class=\"elementor-widget-wrap\">\n\t\t\t\t\t\t\t<\/div>\n\t\t<\/div>\n\t\t\t\t\t<\/div>\n\t\t<\/section>\n\t\t\t\t<section class=\"elementor-section elementor-top-section elementor-element elementor-element-fa53e12 elementor-section-boxed elementor-section-height-default elementor-section-height-default\" data-id=\"fa53e12\" data-element_type=\"section\" data-e-type=\"section\">\n\t\t\t\t\t\t<div class=\"elementor-container elementor-column-gap-default\">\n\t\t\t\t\t<div class=\"elementor-column elementor-col-100 elementor-top-column elementor-element elementor-element-de85bbb\" data-id=\"de85bbb\" data-element_type=\"column\" data-e-type=\"column\">\n\t\t\t<div class=\"elementor-widget-wrap elementor-element-populated\">\n\t\t\t\t\t\t<div class=\"elementor-element elementor-element-bd828bc elementor-widget elementor-widget-heading\" data-id=\"bd828bc\" data-element_type=\"widget\" data-e-type=\"widget\" data-widget_type=\"heading.default\">\n\t\t\t\t<div class=\"elementor-widget-container\">\n\t\t\t\t\t<h2 class=\"elementor-heading-title elementor-size-default\">\u00c7iltu\u011f Is\u0131 Sanayi ve Tic. A.\u015e<\/h2>\t\t\t\t<\/div>\n\t\t\t\t<\/div>\n\t\t\t\t\t<\/div>\n\t\t<\/div>\n\t\t\t\t\t<\/div>\n\t\t<\/section>\n\t\t\t\t<section class=\"elementor-section elementor-top-section elementor-element elementor-element-57b1f23 elementor-section-boxed elementor-section-height-default elementor-section-height-default\" data-id=\"57b1f23\" data-element_type=\"section\" data-e-type=\"section\">\n\t\t\t\t\t\t<div class=\"elementor-container elementor-column-gap-default\">\n\t\t\t\t\t<div class=\"elementor-column elementor-col-100 elementor-top-column elementor-element elementor-element-31630a9\" data-id=\"31630a9\" data-element_type=\"column\" data-e-type=\"column\">\n\t\t\t<div class=\"elementor-widget-wrap elementor-element-populated\">\n\t\t\t\t\t\t<div class=\"elementor-element elementor-element-4927450 elementor-widget elementor-widget-image\" data-id=\"4927450\" data-element_type=\"widget\" data-e-type=\"widget\" data-widget_type=\"image.default\">\n\t\t\t\t<div class=\"elementor-widget-container\">\n\t\t\t\t\t\t\t\t\t\t\t\t\t\t\t<img fetchpriority=\"high\" decoding=\"async\" width=\"1536\" height=\"1086\" src=\"https:\/\/ciltug.com\/wp-content\/uploads\/2024\/05\/eys-ek-001-ek-a2-en-1536x1086.jpg\" class=\"attachment-1536x1536 size-1536x1536 wp-image-6033\" alt=\"\" srcset=\"https:\/\/ciltug.com\/wp-content\/uploads\/2024\/05\/eys-ek-001-ek-a2-en-1536x1086.jpg 1536w, https:\/\/ciltug.com\/wp-content\/uploads\/2024\/05\/eys-ek-001-ek-a2-en-300x212.jpg 300w, https:\/\/ciltug.com\/wp-content\/uploads\/2024\/05\/eys-ek-001-ek-a2-en-1024x724.jpg 1024w, https:\/\/ciltug.com\/wp-content\/uploads\/2024\/05\/eys-ek-001-ek-a2-en-768x543.jpg 768w, https:\/\/ciltug.com\/wp-content\/uploads\/2024\/05\/eys-ek-001-ek-a2-en-2048x1449.jpg 2048w\" sizes=\"(max-width: 1536px) 100vw, 1536px\" \/>\t\t\t\t\t\t\t\t\t\t\t\t\t\t\t<\/div>\n\t\t\t\t<\/div>\n\t\t\t\t\t<\/div>\n\t\t<\/div>\n\t\t\t\t\t<\/div>\n\t\t<\/section>\n\t\t\t\t<\/div>","protected":false},"excerpt":{"rendered":"<p>32.000 m\u00b2 A\u00e7\u0131k Alan 17.000 m\u00b2 Kapal\u0131 Alan 15.000 Ton Makine Par\u00e7alar\u0131 \/ Y\u0131l 10.000 Ton R\u00fczgar Kulesi &amp; Kafesler \/ Y\u0131l 50 Ki\u015fi Y\u00f6netim ve Teknik Ekip 250 Ki\u015fi Mavi Yakal\u0131 \u00c7al\u0131\u015fan \u00c7iltu\u011f Is\u0131 Sanayi Ve Tic. A.\u015e. hem yerli&#8230;<\/p>","protected":false},"author":1,"featured_media":0,"parent":0,"menu_order":0,"comment_status":"closed","ping_status":"closed","template":"","meta":{"footnotes":""},"class_list":["post-5663","page","type-page","status-publish","hentry"],"_links":{"self":[{"href":"https:\/\/ciltug.com\/en\/wp-json\/wp\/v2\/pages\/5663","targetHints":{"allow":["GET"]}}],"collection":[{"href":"https:\/\/ciltug.com\/en\/wp-json\/wp\/v2\/pages"}],"about":[{"href":"https:\/\/ciltug.com\/en\/wp-json\/wp\/v2\/types\/page"}],"author":[{"embeddable":true,"href":"https:\/\/ciltug.com\/en\/wp-json\/wp\/v2\/users\/1"}],"replies":[{"embeddable":true,"href":"https:\/\/ciltug.com\/en\/wp-json\/wp\/v2\/comments?post=5663"}],"version-history":[{"count":52,"href":"https:\/\/ciltug.com\/en\/wp-json\/wp\/v2\/pages\/5663\/revisions"}],"predecessor-version":[{"id":7384,"href":"https:\/\/ciltug.com\/en\/wp-json\/wp\/v2\/pages\/5663\/revisions\/7384"}],"wp:attachment":[{"href":"https:\/\/ciltug.com\/en\/wp-json\/wp\/v2\/media?parent=5663"}],"curies":[{"name":"wp","href":"https:\/\/api.w.org\/{rel}","templated":true}]}}